{"id":3063,"date":"2020-05-22T09:44:21","date_gmt":"2020-05-22T09:44:21","guid":{"rendered":"https:\/\/avplusbarber.com\/?page_id=3063"},"modified":"2020-10-02T11:10:14","modified_gmt":"2020-10-02T11:10:14","slug":"el-blog","status":"publish","type":"page","link":"https:\/\/avplusbarber.com\/es\/el-blog\/","title":{"rendered":"El Blog"},"content":{"rendered":"\t\t<div data-elementor-type=\"wp-page\" data-elementor-id=\"3063\" class=\"elementor elementor-3063\" data-elementor-post-type=\"page\">\n\t\t\t\t\t\t<section class=\"elementor-section elementor-top-section elementor-element elementor-element-2e3ffd9 elementor-section-boxed elementor-section-height-default elementor-section-height-default\" data-id=\"2e3ffd9\" data-element_type=\"section\" data-e-type=\"section\" data-settings=\"{&quot;jet_parallax_layout_list&quot;:[{&quot;jet_parallax_layout_image&quot;:{&quot;url&quot;:&quot;&quot;,&quot;id&quot;:&quot;&quot;,&quot;size&quot;:&quot;&quot;},&quot;_id&quot;:&quot;295a2b3&quot;,&quot;jet_parallax_layout_image_tablet&quot;:{&quot;url&quot;:&quot;&quot;,&quot;id&quot;:&quot;&quot;,&quot;size&quot;:&quot;&quot;},&quot;jet_parallax_layout_image_mobile&quot;:{&quot;url&quot;:&quot;&quot;,&quot;id&quot;:&quot;&quot;,&quot;size&quot;:&quot;&quot;},&quot;jet_parallax_layout_speed&quot;:{&quot;unit&quot;:&quot;%&quot;,&quot;size&quot;:50,&quot;sizes&quot;:[]},&quot;jet_parallax_layout_type&quot;:&quot;scroll&quot;,&quot;jet_parallax_layout_direction&quot;:&quot;1&quot;,&quot;jet_parallax_layout_fx_direction&quot;:null,&quot;jet_parallax_layout_z_index&quot;:&quot;&quot;,&quot;jet_parallax_layout_bg_x&quot;:50,&quot;jet_parallax_layout_bg_y&quot;:50,&quot;jet_parallax_layout_bg_size&quot;:&quot;auto&quot;,&quot;jet_parallax_layout_animation_prop&quot;:&quot;transform&quot;,&quot;jet_parallax_layout_on&quot;:[&quot;desktop&quot;,&quot;tablet&quot;],&quot;jet_parallax_layout_bg_x_tablet&quot;:&quot;&quot;,&quot;jet_parallax_layout_bg_x_mobile&quot;:&quot;&quot;,&quot;jet_parallax_layout_bg_y_tablet&quot;:&quot;&quot;,&quot;jet_parallax_layout_bg_y_mobile&quot;:&quot;&quot;,&quot;jet_parallax_layout_bg_size_tablet&quot;:&quot;&quot;,&quot;jet_parallax_layout_bg_size_mobile&quot;:&quot;&quot;}]}\">\n\t\t\t\t\t\t<div class=\"elementor-container elementor-column-gap-default\">\n\t\t\t\t\t<div class=\"elementor-column elementor-col-100 elementor-top-column elementor-element elementor-element-738608e\" data-id=\"738608e\" data-element_type=\"column\" data-e-type=\"column\">\n\t\t\t<div class=\"elementor-column-wrap--738608e elementor-widget-wrap elementor-element-populated\">\n\t\t\t\t\t\t<div class=\"elementor-element elementor-element-5ef26e0 reyEl-bPostGrid--3 reyEl-bpost-thumb--custom reyEl-bPostGrid-tablet--2 reyEl-bPostGrid-mobile--1 elementor-widget elementor-widget-reycore-basic-post-grid\" data-id=\"5ef26e0\" data-element_type=\"widget\" data-e-type=\"widget\" data-widget_type=\"reycore-basic-post-grid.default\">\n\t\t\t\t<div class=\"elementor-widget-container\">\n\t\t\t\t\t\t\t<div class=\"rey-element reyEl-bPostGrid reyEl-bPostGrid--default --masonry\">\n\t\t\t\t\t<div class=\"reyEl-bPostGrid-item \">\n\t\t\t\t<div class=\"reyEl-bPostGrid-itemInner --box-styler\">\n\t\t\t\t\t\t\t\t<div class=\"reyEl-bpost-thumb\">\n\t\t\t\t<a class=\"reyEl-bpost-thumbLink \" href=\"https:\/\/avplusbarber.com\/es\/parte-2-quieres-saber-como-sera-el-futuro-de-las-barberias\/\" aria-hidden=\"true\" tabindex=\"-1\">\n\t\t\t<img fetchpriority=\"high\" decoding=\"async\" width=\"768\" height=\"501\" src=\"https:\/\/avplusbarber.com\/wp-content\/uploads\/2021\/08\/hair-salon-interior-design-dec12-00034-768x501.jpg\" class=\"attachment-medium_large size-medium_large wp-post-image\" alt=\"Barbershop salon\" srcset=\"https:\/\/avplusbarber.com\/wp-content\/uploads\/2021\/08\/hair-salon-interior-design-dec12-00034-768x501.jpg 768w, https:\/\/avplusbarber.com\/wp-content\/uploads\/2021\/08\/hair-salon-interior-design-dec12-00034-300x196.jpg 300w, https:\/\/avplusbarber.com\/wp-content\/uploads\/2021\/08\/hair-salon-interior-design-dec12-00034-600x391.jpg 600w, https:\/\/avplusbarber.com\/wp-content\/uploads\/2021\/08\/hair-salon-interior-design-dec12-00034.jpg 1000w\" sizes=\"(max-width: 768px) 100vw, 768px\" \/>\t\t\t\t<\/a>\n\t\t\t<\/div>\n\t\t<h3 class=\"reyEl-bpost-title\"><a href=\"https:\/\/avplusbarber.com\/es\/parte-2-quieres-saber-como-sera-el-futuro-de-las-barberias\/\" rel=\"bookmark\">Parte 2 &#8211; \u00bfQuieres saber c\u00f3mo ser\u00e1 el futuro de las Barber\u00edas?<\/a><\/h3>\n\t\t<div class=\"reyEl-bpost-content\">\n\t\t\tEl mundo est\u00e1 cambiando, criptomonedas digitales, COVID, toque de queda, y restricciones en la movimientaci\u00f3n... con todo eso, preguntamos&hellip;\t\t<\/div>\n\n\t\t\n\t\t<div class=\"reyEl-bpost-footer\">\n\n\t\t\t<a class=\"btn btn-line-active\" href=\"https:\/\/avplusbarber.com\/es\/parte-2-quieres-saber-como-sera-el-futuro-de-las-barberias\/\">\n\n\t\t\t\tCONTINUE READING\n\t\t\t\t<span class=\"screen-reader-text\"> Parte 2 &#8211; \u00bfQuieres saber c\u00f3mo ser\u00e1 el futuro de las Barber\u00edas?<\/span>\n\t\t\t<\/a>\n\t\t\t<span class=\"rey-postDuration\">4 min read<\/span>\t\t<\/div>\n\n\t\t\t\t\t\t<\/div>\n\t\t\t<\/div>\n\t\t\t\t\t<div class=\"reyEl-bPostGrid-item \">\n\t\t\t\t<div class=\"reyEl-bPostGrid-itemInner --box-styler\">\n\t\t\t\t\t\t\t\t<div class=\"reyEl-bpost-thumb\">\n\t\t\t\t<a class=\"reyEl-bpost-thumbLink \" href=\"https:\/\/avplusbarber.com\/es\/como-sera-el-futuro-de-las-barberias\/\" aria-hidden=\"true\" tabindex=\"-1\">\n\t\t\t<img decoding=\"async\" width=\"310\" height=\"207\" src=\"https:\/\/avplusbarber.com\/wp-content\/uploads\/2021\/04\/Captura-de-pantalla-2021-04-16-a-las-18.28.15.png\" class=\"attachment-medium_large size-medium_large wp-post-image\" alt=\"barber\u00eda, sill\u00f3n de barbero\" srcset=\"https:\/\/avplusbarber.com\/wp-content\/uploads\/2021\/04\/Captura-de-pantalla-2021-04-16-a-las-18.28.15.png 310w, https:\/\/avplusbarber.com\/wp-content\/uploads\/2021\/04\/Captura-de-pantalla-2021-04-16-a-las-18.28.15-300x200.png 300w\" sizes=\"(max-width: 310px) 100vw, 310px\" \/>\t\t\t\t<\/a>\n\t\t\t<\/div>\n\t\t<h3 class=\"reyEl-bpost-title\"><a href=\"https:\/\/avplusbarber.com\/es\/como-sera-el-futuro-de-las-barberias\/\" rel=\"bookmark\">\u00bfC\u00f3mo ser\u00e1 el futuro de las Barber\u00edas?<\/a><\/h3>\n\t\t<div class=\"reyEl-bpost-content\">\n\t\t\tEl mundo est\u00e1 cambiando, cripto monedas digitales, COVID, toque de queda, y restricciones en la movimentaci\u00f3n... \n\t\t<\/div>\n\n\t\t\n\t\t<div class=\"reyEl-bpost-footer\">\n\n\t\t\t<a class=\"btn btn-line-active\" href=\"https:\/\/avplusbarber.com\/es\/como-sera-el-futuro-de-las-barberias\/\">\n\n\t\t\t\tCONTINUE READING\n\t\t\t\t<span class=\"screen-reader-text\"> \u00bfC\u00f3mo ser\u00e1 el futuro de las Barber\u00edas?<\/span>\n\t\t\t<\/a>\n\t\t\t<span class=\"rey-postDuration\">4 min read<\/span>\t\t<\/div>\n\n\t\t\t\t\t\t<\/div>\n\t\t\t<\/div>\n\t\t\t\t\t<div class=\"reyEl-bPostGrid-item \">\n\t\t\t\t<div class=\"reyEl-bPostGrid-itemInner --box-styler\">\n\t\t\t\t\t\t\t\t<div class=\"reyEl-bpost-thumb\">\n\t\t\t\t<a class=\"reyEl-bpost-thumbLink \" href=\"https:\/\/avplusbarber.com\/es\/regalo-sanvalentin-21\/\" aria-hidden=\"true\" tabindex=\"-1\">\n\t\t\t<img decoding=\"async\" width=\"768\" height=\"768\" src=\"https:\/\/avplusbarber.com\/wp-content\/uploads\/2021\/02\/sanvalentinavplus-768x768.jpeg\" class=\"attachment-medium_large size-medium_large wp-post-image\" alt=\"regalo san valentin - rutina de Barba\" srcset=\"https:\/\/avplusbarber.com\/wp-content\/uploads\/2021\/02\/sanvalentinavplus-768x768.jpeg 768w, https:\/\/avplusbarber.com\/wp-content\/uploads\/2021\/02\/sanvalentinavplus-300x300.jpeg 300w, https:\/\/avplusbarber.com\/wp-content\/uploads\/2021\/02\/sanvalentinavplus-1024x1024.jpeg 1024w, https:\/\/avplusbarber.com\/wp-content\/uploads\/2021\/02\/sanvalentinavplus-150x150.jpeg 150w, https:\/\/avplusbarber.com\/wp-content\/uploads\/2021\/02\/sanvalentinavplus-600x600.jpeg 600w, https:\/\/avplusbarber.com\/wp-content\/uploads\/2021\/02\/sanvalentinavplus-100x100.jpeg 100w, https:\/\/avplusbarber.com\/wp-content\/uploads\/2021\/02\/sanvalentinavplus.jpeg 1080w\" sizes=\"(max-width: 768px) 100vw, 768px\" \/>\t\t\t\t<\/a>\n\t\t\t<\/div>\n\t\t<h3 class=\"reyEl-bpost-title\"><a href=\"https:\/\/avplusbarber.com\/es\/regalo-sanvalentin-21\/\" rel=\"bookmark\">Regala una tarde de Home-SPA a tu Pareja en el d\u00eda de San Valent\u00edn<\/a><\/h3>\n\t\t<div class=\"reyEl-bpost-content\">\n\t\t\tIdeas de regalo para el d\u00eda de San Valent\u00edn\t\t<\/div>\n\n\t\t\n\t\t<div class=\"reyEl-bpost-footer\">\n\n\t\t\t<a class=\"btn btn-line-active\" href=\"https:\/\/avplusbarber.com\/es\/regalo-sanvalentin-21\/\">\n\n\t\t\t\tCONTINUE READING\n\t\t\t\t<span class=\"screen-reader-text\"> Regala una tarde de Home-SPA a tu Pareja en el d\u00eda de San Valent\u00edn<\/span>\n\t\t\t<\/a>\n\t\t\t<span class=\"rey-postDuration\">8 min read<\/span>\t\t<\/div>\n\n\t\t\t\t\t\t<\/div>\n\t\t\t<\/div>\n\t\t\t\t\t<div class=\"reyEl-bPostGrid-item \">\n\t\t\t\t<div class=\"reyEl-bPostGrid-itemInner --box-styler\">\n\t\t\t\t\t\t\t\t<div class=\"reyEl-bpost-thumb\">\n\t\t\t\t<a class=\"reyEl-bpost-thumbLink \" href=\"https:\/\/avplusbarber.com\/es\/cuidar-la-barba-esta-de-moda-y-tenemos-una-rutina-especial-para-ti\/\" aria-hidden=\"true\" tabindex=\"-1\">\n\t\t\t<img loading=\"lazy\" decoding=\"async\" width=\"768\" height=\"576\" src=\"https:\/\/avplusbarber.com\/wp-content\/uploads\/2021\/01\/Rutina-768x576.jpg\" class=\"attachment-medium_large size-medium_large wp-post-image\" alt=\"\" srcset=\"https:\/\/avplusbarber.com\/wp-content\/uploads\/2021\/01\/Rutina-768x576.jpg 768w, https:\/\/avplusbarber.com\/wp-content\/uploads\/2021\/01\/Rutina-300x225.jpg 300w, https:\/\/avplusbarber.com\/wp-content\/uploads\/2021\/01\/Rutina-600x450.jpg 600w, https:\/\/avplusbarber.com\/wp-content\/uploads\/2021\/01\/Rutina.jpg 1024w\" sizes=\"(max-width: 768px) 100vw, 768px\" \/>\t\t\t\t<\/a>\n\t\t\t<\/div>\n\t\t<h3 class=\"reyEl-bpost-title\"><a href=\"https:\/\/avplusbarber.com\/es\/cuidar-la-barba-esta-de-moda-y-tenemos-una-rutina-especial-para-ti\/\" rel=\"bookmark\">\u00a1Cuidar la barba est\u00e1 de moda y tenemos una rutina especial para ti!<\/a><\/h3>\n\t\t<div class=\"reyEl-bpost-content\">\n\t\t\t\u00a1Cuidar la barba est\u00e1 de moda y tenemos una rutina especial para ti!\t\t<\/div>\n\n\t\t\n\t\t<div class=\"reyEl-bpost-footer\">\n\n\t\t\t<a class=\"btn btn-line-active\" href=\"https:\/\/avplusbarber.com\/es\/cuidar-la-barba-esta-de-moda-y-tenemos-una-rutina-especial-para-ti\/\">\n\n\t\t\t\tCONTINUE READING\n\t\t\t\t<span class=\"screen-reader-text\"> \u00a1Cuidar la barba est\u00e1 de moda y tenemos una rutina especial para ti!<\/span>\n\t\t\t<\/a>\n\t\t\t<span class=\"rey-postDuration\">2 min read<\/span>\t\t<\/div>\n\n\t\t\t\t\t\t<\/div>\n\t\t\t<\/div>\n\t\t\t\t\t<div class=\"reyEl-bPostGrid-item \">\n\t\t\t\t<div class=\"reyEl-bPostGrid-itemInner --box-styler\">\n\t\t\t\t\t\t\t\t<div class=\"reyEl-bpost-thumb\">\n\t\t\t\t<a class=\"reyEl-bpost-thumbLink \" href=\"https:\/\/avplusbarber.com\/es\/aloe-vera-en-la-rutina-del-cuidado-de-la-piel-masculina-en-epocas-de-frio\/\" aria-hidden=\"true\" tabindex=\"-1\">\n\t\t\t<img loading=\"lazy\" decoding=\"async\" width=\"300\" height=\"291\" src=\"https:\/\/avplusbarber.com\/wp-content\/uploads\/2020\/10\/Rutina-fallback-pic-2.png\" class=\"attachment-medium_large size-medium_large wp-post-image\" alt=\"Luis\" \/>\t\t\t\t<\/a>\n\t\t\t<\/div>\n\t\t<h3 class=\"reyEl-bpost-title\"><a href=\"https:\/\/avplusbarber.com\/es\/aloe-vera-en-la-rutina-del-cuidado-de-la-piel-masculina-en-epocas-de-frio\/\" rel=\"bookmark\">Aloe Vera en la Rutina del Cuidado de la piel masculina en \u00e9pocas de fr\u00edo<\/a><\/h3>\n\t\t<div class=\"reyEl-bpost-content\">\n\t\t\tAloe Vera en la Rutina del Cuidado de la piel masculina en \u00e9pocas de fr\u00edo La piel masculina tiene&hellip;\t\t<\/div>\n\n\t\t\n\t\t<div class=\"reyEl-bpost-footer\">\n\n\t\t\t<a class=\"btn btn-line-active\" href=\"https:\/\/avplusbarber.com\/es\/aloe-vera-en-la-rutina-del-cuidado-de-la-piel-masculina-en-epocas-de-frio\/\">\n\n\t\t\t\tCONTINUE READING\n\t\t\t\t<span class=\"screen-reader-text\"> Aloe Vera en la Rutina del Cuidado de la piel masculina en \u00e9pocas de fr\u00edo<\/span>\n\t\t\t<\/a>\n\t\t\t<span class=\"rey-postDuration\">2 min read<\/span>\t\t<\/div>\n\n\t\t\t\t\t\t<\/div>\n\t\t\t<\/div>\n\t\t\t\t\t<div class=\"reyEl-bPostGrid-item \">\n\t\t\t\t<div class=\"reyEl-bPostGrid-itemInner --box-styler\">\n\t\t\t\t\t\t\t\t<div class=\"reyEl-bpost-thumb\">\n\t\t\t\t<a class=\"reyEl-bpost-thumbLink \" href=\"https:\/\/avplusbarber.com\/es\/puro-aloe-vera-canario-para-tu-barba-y-piel\/\" aria-hidden=\"true\" tabindex=\"-1\">\n\t\t\t<img loading=\"lazy\" decoding=\"async\" width=\"768\" height=\"269\" src=\"https:\/\/avplusbarber.com\/wp-content\/uploads\/2020\/03\/aloe-vera-1200-crop.png\" class=\"attachment-medium_large size-medium_large wp-post-image\" alt=\"aloe vera\" \/>\t\t\t\t<\/a>\n\t\t\t<\/div>\n\t\t<h3 class=\"reyEl-bpost-title\"><a href=\"https:\/\/avplusbarber.com\/es\/puro-aloe-vera-canario-para-tu-barba-y-piel\/\" rel=\"bookmark\">Puro Aloe Vera Canario para tu barba y piel<\/a><\/h3>\n\t\t<div class=\"reyEl-bpost-content\">\n\t\t\tEl Aloe Vera contiene 20 de los 22 amino\u00e1cidos esenciales que son requeridos por el cuerpo humano. El&nbsp;Aloe Vera&hellip;\t\t<\/div>\n\n\t\t\n\t\t<div class=\"reyEl-bpost-footer\">\n\n\t\t\t<a class=\"btn btn-line-active\" href=\"https:\/\/avplusbarber.com\/es\/puro-aloe-vera-canario-para-tu-barba-y-piel\/\">\n\n\t\t\t\tCONTINUE READING\n\t\t\t\t<span class=\"screen-reader-text\"> Puro Aloe Vera Canario para tu barba y piel<\/span>\n\t\t\t<\/a>\n\t\t\t<span class=\"rey-postDuration\">5 min read<\/span>\t\t<\/div>\n\n\t\t\t\t\t\t<\/div>\n\t\t\t<\/div>\n\t\t\t\t\t<div class=\"reyEl-bPostGrid-item \">\n\t\t\t\t<div class=\"reyEl-bPostGrid-itemInner --box-styler\">\n\t\t\t\t\t\t\t\t<div class=\"reyEl-bpost-thumb\">\n\t\t\t\t<a class=\"reyEl-bpost-thumbLink \" href=\"https:\/\/avplusbarber.com\/es\/usos-para-nuestro-aloe-vera-serum\/\" aria-hidden=\"true\" tabindex=\"-1\">\n\t\t\t<img loading=\"lazy\" decoding=\"async\" width=\"424\" height=\"287\" src=\"https:\/\/avplusbarber.com\/wp-content\/uploads\/2020\/05\/thumbnail-serums.png\" class=\"attachment-medium_large size-medium_large wp-post-image\" alt=\"dos botellas de suero\" \/>\t\t\t\t<\/a>\n\t\t\t<\/div>\n\t\t<h3 class=\"reyEl-bpost-title\"><a href=\"https:\/\/avplusbarber.com\/es\/usos-para-nuestro-aloe-vera-serum\/\" rel=\"bookmark\">Usos para nuestro Aloe Vera Serum &amp; Shave Gel<\/a><\/h3>\n\t\t<div class=\"reyEl-bpost-content\">\n\t\t\tElaborado con un 98% de aloe vera de las Islas Canarias, nuestro gel s\u00e9rico y de afeitar nutre, hidrata&hellip;\t\t<\/div>\n\n\t\t\n\t\t<div class=\"reyEl-bpost-footer\">\n\n\t\t\t<a class=\"btn btn-line-active\" href=\"https:\/\/avplusbarber.com\/es\/usos-para-nuestro-aloe-vera-serum\/\">\n\n\t\t\t\tCONTINUE READING\n\t\t\t\t<span class=\"screen-reader-text\"> Usos para nuestro Aloe Vera Serum &amp; Shave Gel<\/span>\n\t\t\t<\/a>\n\t\t\t<span class=\"rey-postDuration\">2 min read<\/span>\t\t<\/div>\n\n\t\t\t\t\t\t<\/div>\n\t\t\t<\/div>\n\t\t\t\t\t<div class=\"reyEl-bPostGrid-item \">\n\t\t\t\t<div class=\"reyEl-bPostGrid-itemInner --box-styler\">\n\t\t\t\t\t\t\t\t<div class=\"reyEl-bpost-thumb\">\n\t\t\t\t<a class=\"reyEl-bpost-thumbLink \" href=\"https:\/\/avplusbarber.com\/es\/descubre-que-barba-o-bigote\/\" aria-hidden=\"true\" tabindex=\"-1\">\n\t\t\t<img loading=\"lazy\" decoding=\"async\" width=\"450\" height=\"467\" src=\"https:\/\/avplusbarber.com\/wp-content\/uploads\/2020\/03\/DescubretuBarba.jpg\" class=\"attachment-medium_large size-medium_large wp-post-image\" alt=\"formas de la cara\" \/>\t\t\t\t<\/a>\n\t\t\t<\/div>\n\t\t<h3 class=\"reyEl-bpost-title\"><a href=\"https:\/\/avplusbarber.com\/es\/descubre-que-barba-o-bigote\/\" rel=\"bookmark\">\u00bfQu\u00e9 barba o bigote te convendr\u00e1 mejor?<\/a><\/h3>\n\t\t<div class=\"reyEl-bpost-content\">\n\t\t\tLa barba est\u00e1 aqu\u00ed para quedarse y se ha convertido en su aliado perfecto para atraer o mantener a&hellip;\t\t<\/div>\n\n\t\t\n\t\t<div class=\"reyEl-bpost-footer\">\n\n\t\t\t<a class=\"btn btn-line-active\" href=\"https:\/\/avplusbarber.com\/es\/descubre-que-barba-o-bigote\/\">\n\n\t\t\t\tCONTINUE READING\n\t\t\t\t<span class=\"screen-reader-text\"> \u00bfQu\u00e9 barba o bigote te convendr\u00e1 mejor?<\/span>\n\t\t\t<\/a>\n\t\t\t<span class=\"rey-postDuration\">1 min read<\/span>\t\t<\/div>\n\n\t\t\t\t\t\t<\/div>\n\t\t\t<\/div>\n\t\t<\/div>\t\t\t\t<\/div>\n\t\t\t\t<\/div>\n\t\t\t\t<div class=\"elementor-element elementor-element-e76ca1b elementor-widget elementor-widget-spacer\" data-id=\"e76ca1b\" data-element_type=\"widget\" data-e-type=\"widget\" data-widget_type=\"spacer.default\">\n\t\t\t\t\t\t\t<div class=\"elementor-spacer\">\n\t\t\t<div class=\"elementor-spacer-inner\"><\/div>\n\t\t<\/div>\n\t\t\t\t\t\t<\/div>\n\t\t\t\t\t<\/div>\n\t\t<\/div>\n\t\t\t\t\t<\/div>\n\t\t<\/section>\n\t\t\t\t<\/div>\n\t\t","protected":false},"excerpt":{"rendered":"<p>Puro Aloe Vera Canario para tu barba y piel El Aloe Vera contiene 20 de los 22 amino\u00e1cidos esenciales que son requeridos por el cuerpo humano. El&nbsp;Aloe Vera es&nbsp;una [\u2026] CONTINUE READING Puro Aloe Vera Canario para tu barba y piel 8 min read Usos para nuestro Aloe Vera Serum &amp; Shave Gel Elaborado con [&hellip;]<\/p>\n","protected":false},"author":17,"featured_media":0,"parent":0,"menu_order":0,"comment_status":"closed","ping_status":"closed","template":"template-builder.php","meta":{"_acf_changed":false,"cybocfi_hide_featured_image":"","footnotes":""},"class_list":["post-3063","page","type-page","status-publish","hentry"],"acf":[],"yoast_head":"<!-- This site is optimized with the Yoast SEO plugin v27.4 - https:\/\/yoast.com\/product\/yoast-seo-wordpress\/ -->\n<title>El Blog - AV Plus Barber<\/title>\n<meta name=\"robots\" content=\"index, follow, max-snippet:-1, max-image-preview:large, max-video-preview:-1\" \/>\n<link rel=\"canonical\" href=\"https:\/\/avplusbarber.com\/es\/el-blog\/\" \/>\n<meta property=\"og:locale\" content=\"es_ES\" \/>\n<meta property=\"og:type\" content=\"article\" \/>\n<meta property=\"og:title\" content=\"El Blog - AV Plus Barber\" \/>\n<meta property=\"og:description\" content=\"Puro Aloe Vera Canario para tu barba y piel El Aloe Vera contiene 20 de los 22 amino\u00e1cidos esenciales que son requeridos por el cuerpo humano. El&nbsp;Aloe Vera es&nbsp;una [\u2026] CONTINUE READING Puro Aloe Vera Canario para tu barba y piel 8 min read Usos para nuestro Aloe Vera Serum &amp; Shave Gel Elaborado con [&hellip;]\" \/>\n<meta property=\"og:url\" content=\"https:\/\/avplusbarber.com\/es\/el-blog\/\" \/>\n<meta property=\"og:site_name\" content=\"AV Plus Barber\" \/>\n<meta property=\"article:publisher\" content=\"https:\/\/www.facebook.com\/Avplusbarber\/\" \/>\n<meta property=\"article:modified_time\" content=\"2020-10-02T11:10:14+00:00\" \/>\n<meta property=\"og:image\" content=\"https:\/\/avplusbarber.com\/wp-content\/uploads\/2020\/03\/aloe-vera-1200-crop-768x269.png\" \/>\n<meta name=\"twitter:card\" content=\"summary_large_image\" \/>\n<meta name=\"twitter:site\" content=\"@avplus_barber\" \/>\n<meta name=\"twitter:label1\" content=\"Tiempo de lectura\" \/>\n\t<meta name=\"twitter:data1\" content=\"1 minuto\" \/>\n<script type=\"application\/ld+json\" class=\"yoast-schema-graph\">{\"@context\":\"https:\\\/\\\/schema.org\",\"@graph\":[{\"@type\":\"WebPage\",\"@id\":\"https:\\\/\\\/avplusbarber.com\\\/es\\\/el-blog\\\/\",\"url\":\"https:\\\/\\\/avplusbarber.com\\\/es\\\/el-blog\\\/\",\"name\":\"El Blog - AV Plus Barber\",\"isPartOf\":{\"@id\":\"https:\\\/\\\/avplusbarber.com\\\/es\\\/#website\"},\"primaryImageOfPage\":{\"@id\":\"https:\\\/\\\/avplusbarber.com\\\/es\\\/el-blog\\\/#primaryimage\"},\"image\":{\"@id\":\"https:\\\/\\\/avplusbarber.com\\\/es\\\/el-blog\\\/#primaryimage\"},\"thumbnailUrl\":\"https:\\\/\\\/avplusbarber.com\\\/wp-content\\\/uploads\\\/2020\\\/03\\\/aloe-vera-1200-crop-768x269.png\",\"datePublished\":\"2020-05-22T09:44:21+00:00\",\"dateModified\":\"2020-10-02T11:10:14+00:00\",\"breadcrumb\":{\"@id\":\"https:\\\/\\\/avplusbarber.com\\\/es\\\/el-blog\\\/#breadcrumb\"},\"inLanguage\":\"es\",\"potentialAction\":[{\"@type\":\"ReadAction\",\"target\":[\"https:\\\/\\\/avplusbarber.com\\\/es\\\/el-blog\\\/\"]}]},{\"@type\":\"ImageObject\",\"inLanguage\":\"es\",\"@id\":\"https:\\\/\\\/avplusbarber.com\\\/es\\\/el-blog\\\/#primaryimage\",\"url\":\"https:\\\/\\\/avplusbarber.com\\\/wp-content\\\/uploads\\\/2020\\\/03\\\/aloe-vera-1200-crop-768x269.png\",\"contentUrl\":\"https:\\\/\\\/avplusbarber.com\\\/wp-content\\\/uploads\\\/2020\\\/03\\\/aloe-vera-1200-crop-768x269.png\"},{\"@type\":\"BreadcrumbList\",\"@id\":\"https:\\\/\\\/avplusbarber.com\\\/es\\\/el-blog\\\/#breadcrumb\",\"itemListElement\":[{\"@type\":\"ListItem\",\"position\":1,\"name\":\"Inicio\",\"item\":\"https:\\\/\\\/avplusbarber.com\\\/es\\\/\"},{\"@type\":\"ListItem\",\"position\":2,\"name\":\"El Blog\"}]},{\"@type\":\"WebSite\",\"@id\":\"https:\\\/\\\/avplusbarber.com\\\/es\\\/#website\",\"url\":\"https:\\\/\\\/avplusbarber.com\\\/es\\\/\",\"name\":\"AV Plus Barber\",\"description\":\"\",\"publisher\":{\"@id\":\"https:\\\/\\\/avplusbarber.com\\\/es\\\/#organization\"},\"potentialAction\":[{\"@type\":\"SearchAction\",\"target\":{\"@type\":\"EntryPoint\",\"urlTemplate\":\"https:\\\/\\\/avplusbarber.com\\\/es\\\/?s={search_term_string}\"},\"query-input\":{\"@type\":\"PropertyValueSpecification\",\"valueRequired\":true,\"valueName\":\"search_term_string\"}}],\"inLanguage\":\"es\"},{\"@type\":\"Organization\",\"@id\":\"https:\\\/\\\/avplusbarber.com\\\/es\\\/#organization\",\"name\":\"AV Plus Barber\",\"url\":\"https:\\\/\\\/avplusbarber.com\\\/es\\\/\",\"logo\":{\"@type\":\"ImageObject\",\"inLanguage\":\"es\",\"@id\":\"https:\\\/\\\/avplusbarber.com\\\/es\\\/#\\\/schema\\\/logo\\\/image\\\/\",\"url\":\"https:\\\/\\\/avplusbarber.com\\\/wp-content\\\/uploads\\\/2020\\\/03\\\/avplus-black-logo-150.png\",\"contentUrl\":\"https:\\\/\\\/avplusbarber.com\\\/wp-content\\\/uploads\\\/2020\\\/03\\\/avplus-black-logo-150.png\",\"width\":150,\"height\":128,\"caption\":\"AV Plus Barber\"},\"image\":{\"@id\":\"https:\\\/\\\/avplusbarber.com\\\/es\\\/#\\\/schema\\\/logo\\\/image\\\/\"},\"sameAs\":[\"https:\\\/\\\/www.facebook.com\\\/Avplusbarber\\\/\",\"https:\\\/\\\/x.com\\\/avplus_barber\",\"https:\\\/\\\/www.instagram.com\\\/avplus_barber\\\/\",\"https:\\\/\\\/www.youtube.com\\\/channel\\\/UCP9tsNWesy8IPz-xc96mMNQ\"]}]}<\/script>\n<!-- \/ Yoast SEO plugin. -->","yoast_head_json":{"title":"El Blog - AV Plus Barber","robots":{"index":"index","follow":"follow","max-snippet":"max-snippet:-1","max-image-preview":"max-image-preview:large","max-video-preview":"max-video-preview:-1"},"canonical":"https:\/\/avplusbarber.com\/es\/el-blog\/","og_locale":"es_ES","og_type":"article","og_title":"El Blog - AV Plus Barber","og_description":"Puro Aloe Vera Canario para tu barba y piel El Aloe Vera contiene 20 de los 22 amino\u00e1cidos esenciales que son requeridos por el cuerpo humano. El&nbsp;Aloe Vera es&nbsp;una [\u2026] CONTINUE READING Puro Aloe Vera Canario para tu barba y piel 8 min read Usos para nuestro Aloe Vera Serum &amp; Shave Gel Elaborado con [&hellip;]","og_url":"https:\/\/avplusbarber.com\/es\/el-blog\/","og_site_name":"AV Plus Barber","article_publisher":"https:\/\/www.facebook.com\/Avplusbarber\/","article_modified_time":"2020-10-02T11:10:14+00:00","og_image":[{"url":"https:\/\/avplusbarber.com\/wp-content\/uploads\/2020\/03\/aloe-vera-1200-crop-768x269.png","type":"","width":"","height":""}],"twitter_card":"summary_large_image","twitter_site":"@avplus_barber","twitter_misc":{"Tiempo de lectura":"1 minuto"},"schema":{"@context":"https:\/\/schema.org","@graph":[{"@type":"WebPage","@id":"https:\/\/avplusbarber.com\/es\/el-blog\/","url":"https:\/\/avplusbarber.com\/es\/el-blog\/","name":"El Blog - AV Plus Barber","isPartOf":{"@id":"https:\/\/avplusbarber.com\/es\/#website"},"primaryImageOfPage":{"@id":"https:\/\/avplusbarber.com\/es\/el-blog\/#primaryimage"},"image":{"@id":"https:\/\/avplusbarber.com\/es\/el-blog\/#primaryimage"},"thumbnailUrl":"https:\/\/avplusbarber.com\/wp-content\/uploads\/2020\/03\/aloe-vera-1200-crop-768x269.png","datePublished":"2020-05-22T09:44:21+00:00","dateModified":"2020-10-02T11:10:14+00:00","breadcrumb":{"@id":"https:\/\/avplusbarber.com\/es\/el-blog\/#breadcrumb"},"inLanguage":"es","potentialAction":[{"@type":"ReadAction","target":["https:\/\/avplusbarber.com\/es\/el-blog\/"]}]},{"@type":"ImageObject","inLanguage":"es","@id":"https:\/\/avplusbarber.com\/es\/el-blog\/#primaryimage","url":"https:\/\/avplusbarber.com\/wp-content\/uploads\/2020\/03\/aloe-vera-1200-crop-768x269.png","contentUrl":"https:\/\/avplusbarber.com\/wp-content\/uploads\/2020\/03\/aloe-vera-1200-crop-768x269.png"},{"@type":"BreadcrumbList","@id":"https:\/\/avplusbarber.com\/es\/el-blog\/#breadcrumb","itemListElement":[{"@type":"ListItem","position":1,"name":"Inicio","item":"https:\/\/avplusbarber.com\/es\/"},{"@type":"ListItem","position":2,"name":"El Blog"}]},{"@type":"WebSite","@id":"https:\/\/avplusbarber.com\/es\/#website","url":"https:\/\/avplusbarber.com\/es\/","name":"AV Plus Barber","description":"","publisher":{"@id":"https:\/\/avplusbarber.com\/es\/#organization"},"potentialAction":[{"@type":"SearchAction","target":{"@type":"EntryPoint","urlTemplate":"https:\/\/avplusbarber.com\/es\/?s={search_term_string}"},"query-input":{"@type":"PropertyValueSpecification","valueRequired":true,"valueName":"search_term_string"}}],"inLanguage":"es"},{"@type":"Organization","@id":"https:\/\/avplusbarber.com\/es\/#organization","name":"AV Plus Barber","url":"https:\/\/avplusbarber.com\/es\/","logo":{"@type":"ImageObject","inLanguage":"es","@id":"https:\/\/avplusbarber.com\/es\/#\/schema\/logo\/image\/","url":"https:\/\/avplusbarber.com\/wp-content\/uploads\/2020\/03\/avplus-black-logo-150.png","contentUrl":"https:\/\/avplusbarber.com\/wp-content\/uploads\/2020\/03\/avplus-black-logo-150.png","width":150,"height":128,"caption":"AV Plus Barber"},"image":{"@id":"https:\/\/avplusbarber.com\/es\/#\/schema\/logo\/image\/"},"sameAs":["https:\/\/www.facebook.com\/Avplusbarber\/","https:\/\/x.com\/avplus_barber","https:\/\/www.instagram.com\/avplus_barber\/","https:\/\/www.youtube.com\/channel\/UCP9tsNWesy8IPz-xc96mMNQ"]}]}},"jetpack_sharing_enabled":true,"_links":{"self":[{"href":"https:\/\/avplusbarber.com\/es\/wp-json\/wp\/v2\/pages\/3063","targetHints":{"allow":["GET"]}}],"collection":[{"href":"https:\/\/avplusbarber.com\/es\/wp-json\/wp\/v2\/pages"}],"about":[{"href":"https:\/\/avplusbarber.com\/es\/wp-json\/wp\/v2\/types\/page"}],"author":[{"embeddable":true,"href":"https:\/\/avplusbarber.com\/es\/wp-json\/wp\/v2\/users\/17"}],"replies":[{"embeddable":true,"href":"https:\/\/avplusbarber.com\/es\/wp-json\/wp\/v2\/comments?post=3063"}],"version-history":[{"count":0,"href":"https:\/\/avplusbarber.com\/es\/wp-json\/wp\/v2\/pages\/3063\/revisions"}],"wp:attachment":[{"href":"https:\/\/avplusbarber.com\/es\/wp-json\/wp\/v2\/media?parent=3063"}],"curies":[{"name":"wp","href":"https:\/\/api.w.org\/{rel}","templated":true}]}}