{"id":5662,"date":"2021-11-01T17:41:22","date_gmt":"2021-11-01T17:41:22","guid":{"rendered":"https:\/\/avplusbarber.com\/?page_id=5662"},"modified":"2026-04-12T18:41:54","modified_gmt":"2026-04-12T18:41:54","slug":"terms-and-conditions","status":"publish","type":"page","link":"https:\/\/avplusbarber.com\/es\/terms-and-conditions\/","title":{"rendered":"T\u00e9rminos &#038; Condiciones"},"content":{"rendered":"\t\t<div data-elementor-type=\"wp-page\" data-elementor-id=\"5662\" class=\"elementor elementor-5662\" data-elementor-post-type=\"page\">\n\t\t\t\t\t\t<section class=\"elementor-section elementor-top-section elementor-element elementor-element-867a4e9 rey-section-stretched elementor-section-boxed elementor-section-height-default elementor-section-height-default\" data-id=\"867a4e9\" data-element_type=\"section\" data-e-type=\"section\" data-settings=\"{&quot;jet_parallax_layout_list&quot;:[{&quot;jet_parallax_layout_image&quot;:{&quot;url&quot;:&quot;&quot;,&quot;id&quot;:&quot;&quot;,&quot;size&quot;:&quot;&quot;},&quot;_id&quot;:&quot;d1c729f&quot;,&quot;jet_parallax_layout_image_tablet&quot;:{&quot;url&quot;:&quot;&quot;,&quot;id&quot;:&quot;&quot;,&quot;size&quot;:&quot;&quot;},&quot;jet_parallax_layout_image_mobile&quot;:{&quot;url&quot;:&quot;&quot;,&quot;id&quot;:&quot;&quot;,&quot;size&quot;:&quot;&quot;},&quot;jet_parallax_layout_speed&quot;:{&quot;unit&quot;:&quot;%&quot;,&quot;size&quot;:50,&quot;sizes&quot;:[]},&quot;jet_parallax_layout_type&quot;:&quot;scroll&quot;,&quot;jet_parallax_layout_direction&quot;:&quot;1&quot;,&quot;jet_parallax_layout_fx_direction&quot;:null,&quot;jet_parallax_layout_z_index&quot;:&quot;&quot;,&quot;jet_parallax_layout_bg_x&quot;:50,&quot;jet_parallax_layout_bg_x_tablet&quot;:&quot;&quot;,&quot;jet_parallax_layout_bg_x_mobile&quot;:&quot;&quot;,&quot;jet_parallax_layout_bg_y&quot;:50,&quot;jet_parallax_layout_bg_y_tablet&quot;:&quot;&quot;,&quot;jet_parallax_layout_bg_y_mobile&quot;:&quot;&quot;,&quot;jet_parallax_layout_bg_size&quot;:&quot;auto&quot;,&quot;jet_parallax_layout_bg_size_tablet&quot;:&quot;&quot;,&quot;jet_parallax_layout_bg_size_mobile&quot;:&quot;&quot;,&quot;jet_parallax_layout_animation_prop&quot;:&quot;transform&quot;,&quot;jet_parallax_layout_on&quot;:[&quot;desktop&quot;,&quot;tablet&quot;]}]}\">\n\t\t\t\t\t\t<div class=\"elementor-container elementor-column-gap-default\">\n\t\t\t\t\t<div class=\"elementor-column elementor-col-50 elementor-top-column elementor-element elementor-element-d06095b\" data-id=\"d06095b\" data-element_type=\"column\" data-e-type=\"column\">\n\t\t\t<div class=\"elementor-column-wrap--d06095b elementor-widget-wrap elementor-element-populated\">\n\t\t\t\t\t\t<div class=\"elementor-element elementor-element-0314549 elementor-widget elementor-widget-text-editor\" data-id=\"0314549\" data-element_type=\"widget\" data-e-type=\"widget\" data-widget_type=\"text-editor.default\">\n\t\t\t\t\t\t\t\t\t<h3><strong>DATOS DE IDENTIFICACI\u00d3N DEL TITULAR<\/strong><\/h3><p>Usted est\u00e1 visitando el sitio web bajo el dominio MAREVI.ES cuyo titular es:<\/p><ul><li><strong>Raz\u00f3n Social:<\/strong> MAREVI, S.A.<\/li><li><strong>Domicilio Social: <\/strong>Carretera del Mig 175, L\u2019Hospitalet del Llobregat, 08907 (Barcelona)<\/li><li><strong>NIF:<\/strong> A58304239<\/li><li><strong>Tel\u00e9fono:<\/strong> 933 362 968<\/li><li><strong>Correo electr\u00f3nico:<\/strong> marevi@marevi.es<\/li><li><strong>Datos mercantiles:<\/strong> Sociedad an\u00f3nima inscrita en el Registro Mercantil de BARCELONA, tomo 30640, folio 121, hoja n\u00famero B-176983, inscripci\u00f3n 1\u00aa<\/li><\/ul><h3><strong>ACEPTACI\u00d3N DEL USUARIO<\/strong><\/h3><p>Este Aviso Legal regula el acceso y utilizaci\u00f3n del sitio web bajo el dominio MAREVI.ES (en adelante el \u201cSitio Web\u201d) que MAREVI pone a disposici\u00f3n de los usuarios de Internet. Se entiende por usuario la persona que acceda, navegue, utilice o participe en los servicios y actividades de este sitio web.<\/p><p>Este sitio Web cumple con lo establecido en la Ley 34\/2002, de 11 de julio, de Servicios de la Sociedad de la Informaci\u00f3n y de Comercio Electr\u00f3nico y con la legislaci\u00f3n vigente en materia de protecci\u00f3n de datos personales<\/p><p><strong>MAREVI<\/strong> podr\u00e1 alterar en cualquier momento y sin aviso previo, el dise\u00f1o, presentaci\u00f3n y\/o configuraci\u00f3n del sitio web, as\u00ed como algunos o todos los servicios, y a\u00f1adir servicios nuevos.<\/p><p>La utilizaci\u00f3n de este sitio web implica la plena aceptaci\u00f3n de las disposiciones incluidas en este Aviso Legal y Condiciones Generales de Uso en la versi\u00f3n publicada por <strong>MAREVI<\/strong> en el momento en que el Usuario acceda al Sitio Web.<\/p><p>La utilizaci\u00f3n de ciertos servicios ofrecidos a los Usuarios a trav\u00e9s del Sitio Web puede encontrarse sometida a condiciones particulares propias que, seg\u00fan los casos sustituyen, completan y\/o modifican las presentes Condiciones Generales de Uso. Por lo tanto, con anterioridad a la utilizaci\u00f3n de dichos servicios, el Usuario tambi\u00e9n ha de leer atentamente y aceptar asimismo las correspondientes condiciones particulares propias<\/p><h3><strong>CONDICIONES GENERALES DE USO<\/strong><\/h3><p>El acceso a el sitio web por parte de los usuarios tiene car\u00e1cter libre y gratuito, y queda expresamente prohibido cualquier uso diferente a la finalidad de este Sitio Web.<\/p><p>El usuario se compromete a hacer un uso diligente del mismo y de los servicios accesibles desde este sitio web, as\u00ed como mantener el debido respeto a los dem\u00e1s usuarios.<\/p><p>Entre otros, este compromiso implica que:<\/p><ul><li>El usuario se compromete a utilizar el sitio web, los contenidos y servicios con total sujeci\u00f3n a la Ley, a las buenas costumbres y las presentes condiciones de uso y, en su caso, condiciones particulares,<\/li><\/ul><p>Del mismo modo el Usuario se obliga a no utilizar el sitio web o los servicios que se presten a trav\u00e9s de \u00e9l con fines o efectos il\u00edcitos o contrarios al contenido del presente Aviso Legal, lesivos de los intereses o derechos de terceros, o que de cualquier forma pueda da\u00f1ar, inutilizar o deteriorar el sitio web o sus servicios o impedir un normal disfrute del sitio web por otros Usuarios.<\/p><ul><li>El usuario se compromete expresamente a no destruir, alterar, inutilizar o, de cualquier otra forma, da\u00f1ar los datos, programas o documentos electr\u00f3nicos y dem\u00e1s que se encuentren en el sitio web.<\/li><li>El usuario se compromete a no obstaculizar el acceso a otros usuarios al servicio de acceso mediante el consumo masivo de los recursos inform\u00e1ticos a trav\u00e9s de los cuales MAREVI presta el servicio, as\u00ed como realizar acciones que da\u00f1en, interrumpan o generen errores en dichos sistemas o servicios.<\/li><li>El usuario se compromete a no introducir programas, virus, macros, applets, controles ActiveX, c\u00f3digo javascript o cualquier otro dispositivo l\u00f3gico o secuencia de caracteres que causen o sean susceptibles de causar cualquier tipo de alteraci\u00f3n en los sistemas inform\u00e1ticos de MAREVI o de terceros.<\/li><li>El usuario se compromete a no obtener informaciones, mensajes, gr\u00e1ficos, dibujos, archivos de sonido y\/o imagen, fotograf\u00edas, grabaciones, software y en general, cualquier clase de material accesible a trav\u00e9s del sitio web o de los servicios ofrecidos en el mismo.<\/li><li>El usuario se compromete a hacer un uso adecuado de los contenidos y servicios (como por ejemplo los comentarios, foros de opini\u00f3n o p\u00e1ginas abiertas al lector) que MAREVI ofrece en su sitio web y a no emplearlos para incurrir en actividades il\u00edcitas o contrarias a la buena fe y al ordenamiento legal; difundir contenidos o propaganda de car\u00e1cter racista, xen\u00f3fobo, pornogr\u00e1fico-ilegal, de apolog\u00eda del terrorismo o atentatorio contra los derechos humanos.<\/li><li>De conformidad con la pol\u00edtica anti-spamming de <strong>MAREVI<\/strong> el usuario se obliga a abstenerse de utilizar y recabar datos a partir de listas de distribuci\u00f3n a las que se pueda acceder a trav\u00e9s de las informaciones y servicios contenidos en el sitio web para la realizaci\u00f3n de actividades con fines promocionales o publicitarios, as\u00ed como de remitir comunicaciones comerciales de cualquier clase y a trav\u00e9s de cualquier soporte no solicitados ni previamente consentidos por <strong>MAREVI<\/strong> y\/o los interesados.<\/li><\/ul><p>El Usuario que incumpla intencional o culpablemente cualquiera de las precedentes obligaciones y compromisos deber\u00e1 responder por todos los da\u00f1os y perjuicios que cause.<\/p><h3><strong>LIMITACI\u00d3N DE GARANT\u00cdAS Y RESPONSABILIDADES<\/strong><\/h3><p>MAREVI se compromete a realizar sus mejores esfuerzos para evitar cualquier error en los contenidos que pudieran aparecer en el sitio web. En cualquier caso, MAREVI estar\u00e1 exenta de cualquier responsabilidad por los da\u00f1os y perjuicios de toda naturaleza que puedan deberse a la falta de exactitud, exhaustividad, actualidad, as\u00ed como a errores u omisiones de los que pudieran adolecer las informaciones y servicios contenidos de este Sitio Web u otros contenidos a los que se pueda acceder a trav\u00e9s del mismo ni asume ning\u00fan deber o compromiso de verificar ni de vigilar sus contenidos e informaciones.<\/p><p>Asimismo, <strong>MAREVI<\/strong> no garantiza la disponibilidad, continuidad ni la infalibilidad del funcionamiento del Sitio Web, y en consecuencia excluye, en la m\u00e1xima medida permitida por la legislaci\u00f3n vigente, cualquier responsabilidad por los da\u00f1os y perjuicios de toda naturaleza que puedan deberse a la falta de disponibilidad o de continuidad del funcionamiento del Sitio Web y de los servicios habilitados en el mismo, as\u00ed como a los errores en el acceso a las distintas p\u00e1ginas web o a aquellas desde las que, en su caso, se presten dichos servicios.<\/p><p>\u00a0<\/p>\t\t\t\t\t\t\t\t<\/div>\n\t\t\t\t\t<\/div>\n\t\t<\/div>\n\t\t\t\t<div class=\"elementor-column elementor-col-50 elementor-top-column elementor-element elementor-element-554f662\" data-id=\"554f662\" data-element_type=\"column\" data-e-type=\"column\">\n\t\t\t<div class=\"elementor-column-wrap--554f662 elementor-widget-wrap elementor-element-populated\">\n\t\t\t\t\t\t<div class=\"elementor-element elementor-element-6ba68f9 elementor-widget elementor-widget-text-editor\" data-id=\"6ba68f9\" data-element_type=\"widget\" data-e-type=\"widget\" data-widget_type=\"text-editor.default\">\n\t\t\t\t\t\t\t\t\t<p>MAREVI tampoco garantiza que el sitio web y el servidor est\u00e9n libres de virus y no se hace responsable de los posibles da\u00f1os o perjuicios que se puedan derivar de interferencias, omisiones, interrupciones, virus inform\u00e1ticos, aver\u00edas telef\u00f3nicas o desconexiones en el funcionamiento operativo de este sistema electr\u00f3nico, motivado por causas ajenas a MAREVI, de retrasos o bloqueos en el uso de este sistema electr\u00f3nico causados por deficiencias de l\u00edneas telef\u00f3nicas o sobrecargas en el sistema de Internet o en otros sistemas electr\u00f3nicos, as\u00ed como tambi\u00e9n de da\u00f1os que puedan ser causados por terceras personas mediante intromisiones ileg\u00edtimas fuera del control de MAREVI.<\/p><h3><strong>PROPIEDAD INTELECTUAL E INDUSTRIAL.<\/strong><\/h3><p>Todos los derechos de Propiedad Industrial e Intelectual de este sitio web y de sus contenidos (textos, im\u00e1genes, sonidos, audio, v\u00eddeo, dise\u00f1os, creatividades, software) pertenecen, como autor de obra colectiva o como cesionaria, a MAREVI o, en su caso, a terceras personas.<\/p><p>Quedan expresamente prohibidas la reproducci\u00f3n, la distribuci\u00f3n y la comunicaci\u00f3n p\u00fablica, incluida su modalidad de puesta a disposici\u00f3n, de la totalidad o parte de los contenidos de esta p\u00e1gina Web, con cualquier fin, en cualquier soporte y por cualquier medio t\u00e9cnico, sin la autorizaci\u00f3n de MAREVI.<\/p><p>El usuario se compromete a respetar los derechos de Propiedad Industrial e Intelectual titularidad de MAREVI y de terceros.<\/p><p>El usuario puede visualizar todos los elementos, imprimirlos, copiarlos y almacenarlos en el disco duro de su ordenador o en cualquier otro soporte f\u00edsico siempre y cuando sea, \u00fanica y exclusivamente, para su uso personal y privado, quedando, por tanto, terminantemente prohibida su utilizaci\u00f3n con otros fines, su distribuci\u00f3n, as\u00ed como su modificaci\u00f3n, alteraci\u00f3n o descompilaci\u00f3n.<\/p><p>MAREVI proporciona acceso a todo tipo de informaciones, servicios, programas o datos en Internet que pueden pertenecer a terceras personas, en cuyo caso ser\u00e1n de aplicaci\u00f3n los derechos de propiedad intelectual estipulados por sus propietarios.<\/p><h3><strong>ENLACES DE TERCEROS<\/strong><\/h3><p>En el supuesto de que en el sitio web se dispusieran enlaces o hiperv\u00ednculos hacia otros lugares de Internet, MAREVI no ejercer\u00e1 ning\u00fan tipo de control sobre estos lugares y contenidos.<\/p><p>En ning\u00fan caso MAREVI asumir\u00e1 responsabilidad alguna por los contenidos de alg\u00fan enlace perteneciente a un lugar Web ajeno, ni garantizar\u00e1 la disponibilidad t\u00e9cnica, calidad, fiabilidad, exactitud, amplitud, veracidad ni validez de cualquier material o informaci\u00f3n contenida en ninguno de los hiperv\u00ednculos u otros lugares de Internet.<\/p><p>Estos enlaces se proporcionan \u00fanicamente para informar al Usuario sobre la existencia de otras fuentes de informaci\u00f3n sobre un tema concreto, y la inclusi\u00f3n de un enlace no implica la aprobaci\u00f3n de la p\u00e1gina web enlazada por parte de MAREVI.<\/p><p>MAREVI tan s\u00f3lo autoriza menciones a sus contenidos en otras sedes Web, con el tratamiento que \u00e9stas consideren siempre que sea respetuoso, cumpla la legislaci\u00f3n vigente y en ning\u00fan caso reproduzcan, sin la debida autorizaci\u00f3n, los contenidos de MAREVI.<\/p><h3><strong>PROTECCI\u00d3N DE DATOS PERSONALES<\/strong><\/h3><p>MAREVI adopta las medidas t\u00e9cnicas y organizativas necesarias para garantizar la protecci\u00f3n de los datos de car\u00e1cter personal y evitar su alteraci\u00f3n, p\u00e9rdida, tratamiento y\/o acceso no autorizado, habida cuenta del estado de la tecnolog\u00eda, la naturaleza de los datos almacenados y los riesgos a que est\u00e1n expuestos. Todo ello, conforme a lo establecido por la legislaci\u00f3n vigente en materia de Protecci\u00f3n de Datos de Car\u00e1cter Personal.<\/p><p>El usuario podr\u00e1 proporcionar a MAREVI sus datos de car\u00e1cter personal a trav\u00e9s de los distintos formularios que a tal efecto aparecen en el sitio web. Dichos formularios incorporan un enlace a la <strong><u>Pol\u00edtica de Privacidad<\/u><\/strong>.<\/p><p>Del mismo modo, MAREVI podr\u00e1 obtener datos de car\u00e1cter personal originados por su navegaci\u00f3n y\/o uso de este sitio web, de acuerdo con nuestra Pol\u00edtica de Privacidad.<\/p><p>Rogamos lea atentamente nuestra <strong><u>Pol\u00edtica de Privacidad<\/u><\/strong> antes de facilitar sus datos de car\u00e1cter personal.<\/p><h3><strong>USO DE COOKIES<\/strong><\/h3><p>Este sitio web, al igual que la mayor\u00eda de los sitios web en Internet, usa cookies para mejorar la experiencia del usuario. En nuestra <strong><u>Pol\u00edtica de Cookies<\/u><\/strong> encontrar\u00e1 informaci\u00f3n sobre qu\u00e9 son las cookies, qu\u00e9 tipo de cookies utiliza este portal, c\u00f3mo puede desactivar las cookies en su navegador y c\u00f3mo desactivar espec\u00edficamente la instalaci\u00f3n de cookies de terceros.<\/p><p>Rogamos lea atentamente nuestra <strong><u>Pol\u00edtica de Cookies<\/u><\/strong> antes de continuar navegando en nuestro sitio web.<\/p><h3><strong>MODIFICACI\u00d3N DE LAS CONDICIONES DEL AVISO LEGAL<\/strong><\/h3><p>MAREVI se reserva expresamente el derecho a modificar el presente Aviso Legal sin notificaci\u00f3n previa. En consecuencia, el Usuario debe leer atentamente el presente Aviso Legal en cada una de las ocasiones en que se proceda a utilizar el sitio web, ya que este Aviso Legal puede sufrir modificaciones.<\/p><p>El usuario reconoce y acepta que es su responsabilidad revisar el sitio web y el presente Aviso Legal.<\/p><h3><strong>LEY Y JURISDICCI\u00d3N<\/strong><\/h3><p>Todas las cuestiones que se susciten entre MAREVI y el usuario relativas a la interpretaci\u00f3n, cumplimiento y validez del presente Aviso Legal se regir\u00e1n por sus propias cl\u00e1usulas y, en lo que en ellas no estuviere previsto, de acuerdo con la legislaci\u00f3n espa\u00f1ola, someti\u00e9ndose expresamente las partes a la jurisdicci\u00f3n de los Juzgados y Tribunales del domicilio de MAREVI.<\/p>\t\t\t\t\t\t\t\t<\/div>\n\t\t\t\t\t<\/div>\n\t\t<\/div>\n\t\t\t\t\t<\/div>\n\t\t<\/section>\n\t\t\t\t<\/div>\n\t\t","protected":false},"excerpt":{"rendered":"<p>DATOS DE IDENTIFICACI\u00d3N DEL TITULAR Usted est\u00e1 visitando el sitio web bajo el dominio MAREVI.ES cuyo titular es: Raz\u00f3n Social: MAREVI, S.A. Domicilio Social: Carretera del Mig 175, L\u2019Hospitalet del Llobregat, 08907 (Barcelona) NIF: A58304239 Tel\u00e9fono: 933 362 968 Correo electr\u00f3nico: marevi@marevi.es Datos mercantiles: Sociedad an\u00f3nima inscrita en el Registro Mercantil de BARCELONA, tomo 30640, [&hellip;]<\/p>\n","protected":false},"author":17,"featured_media":0,"parent":0,"menu_order":0,"comment_status":"closed","ping_status":"closed","template":"template-builder.php","meta":{"_acf_changed":false,"cybocfi_hide_featured_image":"","footnotes":""},"class_list":["post-5662","page","type-page","status-publish","hentry"],"acf":[],"yoast_head":"<!-- This site is optimized with the Yoast SEO plugin v27.3 - https:\/\/yoast.com\/product\/yoast-seo-wordpress\/ -->\n<title>T\u00e9rminos &amp; Condiciones - AV Plus Barber<\/title>\n<meta name=\"description\" content=\"Review the Terms and Conditions of AV Plus Barber, including website usage rules, purchase policies, and user responsibilities.\" \/>\n<meta name=\"robots\" content=\"index, follow, max-snippet:-1, max-image-preview:large, max-video-preview:-1\" \/>\n<link rel=\"canonical\" href=\"https:\/\/avplusbarber.com\/es\/terms-and-conditions\/\" \/>\n<meta property=\"og:locale\" content=\"es_ES\" \/>\n<meta property=\"og:type\" content=\"article\" \/>\n<meta property=\"og:title\" content=\"T\u00e9rminos &amp; Condiciones - AV Plus Barber\" \/>\n<meta property=\"og:description\" content=\"Review the Terms and Conditions of AV Plus Barber, including website usage rules, purchase policies, and user responsibilities.\" \/>\n<meta property=\"og:url\" content=\"https:\/\/avplusbarber.com\/es\/terms-and-conditions\/\" \/>\n<meta property=\"og:site_name\" content=\"AV Plus Barber\" \/>\n<meta property=\"article:publisher\" content=\"https:\/\/www.facebook.com\/Avplusbarber\/\" \/>\n<meta property=\"article:modified_time\" content=\"2026-04-12T18:41:54+00:00\" \/>\n<meta name=\"twitter:card\" content=\"summary_large_image\" \/>\n<meta name=\"twitter:site\" content=\"@avplus_barber\" \/>\n<meta name=\"twitter:label1\" content=\"Tiempo de lectura\" \/>\n\t<meta name=\"twitter:data1\" content=\"9 minutos\" \/>\n<script type=\"application\/ld+json\" class=\"yoast-schema-graph\">{\"@context\":\"https:\\\/\\\/schema.org\",\"@graph\":[{\"@type\":\"WebPage\",\"@id\":\"https:\\\/\\\/avplusbarber.com\\\/es\\\/terms-and-conditions\\\/\",\"url\":\"https:\\\/\\\/avplusbarber.com\\\/es\\\/terms-and-conditions\\\/\",\"name\":\"T\u00e9rminos & Condiciones - AV Plus Barber\",\"isPartOf\":{\"@id\":\"https:\\\/\\\/avplusbarber.com\\\/es\\\/#website\"},\"datePublished\":\"2021-11-01T17:41:22+00:00\",\"dateModified\":\"2026-04-12T18:41:54+00:00\",\"description\":\"Review the Terms and Conditions of AV Plus Barber, including website usage rules, purchase policies, and user responsibilities.\",\"breadcrumb\":{\"@id\":\"https:\\\/\\\/avplusbarber.com\\\/es\\\/terms-and-conditions\\\/#breadcrumb\"},\"inLanguage\":\"es\",\"potentialAction\":[{\"@type\":\"ReadAction\",\"target\":[\"https:\\\/\\\/avplusbarber.com\\\/es\\\/terms-and-conditions\\\/\"]}]},{\"@type\":\"BreadcrumbList\",\"@id\":\"https:\\\/\\\/avplusbarber.com\\\/es\\\/terms-and-conditions\\\/#breadcrumb\",\"itemListElement\":[{\"@type\":\"ListItem\",\"position\":1,\"name\":\"Inicio\",\"item\":\"https:\\\/\\\/avplusbarber.com\\\/es\\\/\"},{\"@type\":\"ListItem\",\"position\":2,\"name\":\"T\u00e9rminos &#038; Condiciones\"}]},{\"@type\":\"WebSite\",\"@id\":\"https:\\\/\\\/avplusbarber.com\\\/es\\\/#website\",\"url\":\"https:\\\/\\\/avplusbarber.com\\\/es\\\/\",\"name\":\"AV Plus Barber\",\"description\":\"\",\"publisher\":{\"@id\":\"https:\\\/\\\/avplusbarber.com\\\/es\\\/#organization\"},\"potentialAction\":[{\"@type\":\"SearchAction\",\"target\":{\"@type\":\"EntryPoint\",\"urlTemplate\":\"https:\\\/\\\/avplusbarber.com\\\/es\\\/?s={search_term_string}\"},\"query-input\":{\"@type\":\"PropertyValueSpecification\",\"valueRequired\":true,\"valueName\":\"search_term_string\"}}],\"inLanguage\":\"es\"},{\"@type\":\"Organization\",\"@id\":\"https:\\\/\\\/avplusbarber.com\\\/es\\\/#organization\",\"name\":\"AV Plus Barber\",\"url\":\"https:\\\/\\\/avplusbarber.com\\\/es\\\/\",\"logo\":{\"@type\":\"ImageObject\",\"inLanguage\":\"es\",\"@id\":\"https:\\\/\\\/avplusbarber.com\\\/es\\\/#\\\/schema\\\/logo\\\/image\\\/\",\"url\":\"https:\\\/\\\/avplusbarber.com\\\/wp-content\\\/uploads\\\/2020\\\/03\\\/avplus-black-logo-150.png\",\"contentUrl\":\"https:\\\/\\\/avplusbarber.com\\\/wp-content\\\/uploads\\\/2020\\\/03\\\/avplus-black-logo-150.png\",\"width\":150,\"height\":128,\"caption\":\"AV Plus Barber\"},\"image\":{\"@id\":\"https:\\\/\\\/avplusbarber.com\\\/es\\\/#\\\/schema\\\/logo\\\/image\\\/\"},\"sameAs\":[\"https:\\\/\\\/www.facebook.com\\\/Avplusbarber\\\/\",\"https:\\\/\\\/x.com\\\/avplus_barber\",\"https:\\\/\\\/www.instagram.com\\\/avplus_barber\\\/\",\"https:\\\/\\\/www.youtube.com\\\/channel\\\/UCP9tsNWesy8IPz-xc96mMNQ\"]}]}<\/script>\n<!-- \/ Yoast SEO plugin. -->","yoast_head_json":{"title":"T\u00e9rminos & Condiciones - AV Plus Barber","description":"Review the Terms and Conditions of AV Plus Barber, including website usage rules, purchase policies, and user responsibilities.","robots":{"index":"index","follow":"follow","max-snippet":"max-snippet:-1","max-image-preview":"max-image-preview:large","max-video-preview":"max-video-preview:-1"},"canonical":"https:\/\/avplusbarber.com\/es\/terms-and-conditions\/","og_locale":"es_ES","og_type":"article","og_title":"T\u00e9rminos & Condiciones - AV Plus Barber","og_description":"Review the Terms and Conditions of AV Plus Barber, including website usage rules, purchase policies, and user responsibilities.","og_url":"https:\/\/avplusbarber.com\/es\/terms-and-conditions\/","og_site_name":"AV Plus Barber","article_publisher":"https:\/\/www.facebook.com\/Avplusbarber\/","article_modified_time":"2026-04-12T18:41:54+00:00","twitter_card":"summary_large_image","twitter_site":"@avplus_barber","twitter_misc":{"Tiempo de lectura":"9 minutos"},"schema":{"@context":"https:\/\/schema.org","@graph":[{"@type":"WebPage","@id":"https:\/\/avplusbarber.com\/es\/terms-and-conditions\/","url":"https:\/\/avplusbarber.com\/es\/terms-and-conditions\/","name":"T\u00e9rminos & Condiciones - AV Plus Barber","isPartOf":{"@id":"https:\/\/avplusbarber.com\/es\/#website"},"datePublished":"2021-11-01T17:41:22+00:00","dateModified":"2026-04-12T18:41:54+00:00","description":"Review the Terms and Conditions of AV Plus Barber, including website usage rules, purchase policies, and user responsibilities.","breadcrumb":{"@id":"https:\/\/avplusbarber.com\/es\/terms-and-conditions\/#breadcrumb"},"inLanguage":"es","potentialAction":[{"@type":"ReadAction","target":["https:\/\/avplusbarber.com\/es\/terms-and-conditions\/"]}]},{"@type":"BreadcrumbList","@id":"https:\/\/avplusbarber.com\/es\/terms-and-conditions\/#breadcrumb","itemListElement":[{"@type":"ListItem","position":1,"name":"Inicio","item":"https:\/\/avplusbarber.com\/es\/"},{"@type":"ListItem","position":2,"name":"T\u00e9rminos &#038; Condiciones"}]},{"@type":"WebSite","@id":"https:\/\/avplusbarber.com\/es\/#website","url":"https:\/\/avplusbarber.com\/es\/","name":"AV Plus Barber","description":"","publisher":{"@id":"https:\/\/avplusbarber.com\/es\/#organization"},"potentialAction":[{"@type":"SearchAction","target":{"@type":"EntryPoint","urlTemplate":"https:\/\/avplusbarber.com\/es\/?s={search_term_string}"},"query-input":{"@type":"PropertyValueSpecification","valueRequired":true,"valueName":"search_term_string"}}],"inLanguage":"es"},{"@type":"Organization","@id":"https:\/\/avplusbarber.com\/es\/#organization","name":"AV Plus Barber","url":"https:\/\/avplusbarber.com\/es\/","logo":{"@type":"ImageObject","inLanguage":"es","@id":"https:\/\/avplusbarber.com\/es\/#\/schema\/logo\/image\/","url":"https:\/\/avplusbarber.com\/wp-content\/uploads\/2020\/03\/avplus-black-logo-150.png","contentUrl":"https:\/\/avplusbarber.com\/wp-content\/uploads\/2020\/03\/avplus-black-logo-150.png","width":150,"height":128,"caption":"AV Plus Barber"},"image":{"@id":"https:\/\/avplusbarber.com\/es\/#\/schema\/logo\/image\/"},"sameAs":["https:\/\/www.facebook.com\/Avplusbarber\/","https:\/\/x.com\/avplus_barber","https:\/\/www.instagram.com\/avplus_barber\/","https:\/\/www.youtube.com\/channel\/UCP9tsNWesy8IPz-xc96mMNQ"]}]}},"jetpack_sharing_enabled":true,"_links":{"self":[{"href":"https:\/\/avplusbarber.com\/es\/wp-json\/wp\/v2\/pages\/5662","targetHints":{"allow":["GET"]}}],"collection":[{"href":"https:\/\/avplusbarber.com\/es\/wp-json\/wp\/v2\/pages"}],"about":[{"href":"https:\/\/avplusbarber.com\/es\/wp-json\/wp\/v2\/types\/page"}],"author":[{"embeddable":true,"href":"https:\/\/avplusbarber.com\/es\/wp-json\/wp\/v2\/users\/17"}],"replies":[{"embeddable":true,"href":"https:\/\/avplusbarber.com\/es\/wp-json\/wp\/v2\/comments?post=5662"}],"version-history":[{"count":1,"href":"https:\/\/avplusbarber.com\/es\/wp-json\/wp\/v2\/pages\/5662\/revisions"}],"predecessor-version":[{"id":6795,"href":"https:\/\/avplusbarber.com\/es\/wp-json\/wp\/v2\/pages\/5662\/revisions\/6795"}],"wp:attachment":[{"href":"https:\/\/avplusbarber.com\/es\/wp-json\/wp\/v2\/media?parent=5662"}],"curies":[{"name":"wp","href":"https:\/\/api.w.org\/{rel}","templated":true}]}}