{"id":3123,"date":"2020-04-29T20:18:33","date_gmt":"2020-05-23T15:46:06","guid":{"rendered":"https:\/\/avplusbarber.com\/product\/kit-deportivo-post-gimnasia\/"},"modified":"2021-12-02T00:21:57","modified_gmt":"2021-12-02T00:21:57","slug":"kit-gimnasia","status":"publish","type":"product","link":"https:\/\/avplusbarber.com\/es\/shop\/kit-gimnasia\/","title":{"rendered":"Pack Rutina Gimnasio"},"content":{"rendered":"","protected":false},"excerpt":{"rendered":"<p>Hemos reunido cuatro de nuestros productos m\u00e1s populares con un xx% de descuento para que te sientas limpio, fresco y sexy despu\u00e9s de hacer ejercicio.<\/p>\n<p>Es la selecci\u00f3n perfecta de productos para oler muy bien y mimar tu cuerpo, nutriendo tu piel con aloe vera calmante.<\/p>\n<p>El gel de ducha, el champ\u00fa, el desodorante y el eau de colonia cuentan con aloe vera org\u00e1nico para limpiar y nutrir suavemente tu piel y cabello, con vitaminas y minerales naturales para calmar, mimar e hidratar. Tienen un aroma sutil y limpio que se complementa con nuestro Black eau de cologne con su fragancia ligera y masculina.<\/p>\n<p>La combinaci\u00f3n de estos productos te har\u00e1 sentir limpio, renovado, oliendo muy bien, bombeado y listo para enfrentarte al mundo.<\/p>\n<p>Nuestro kit deportivo Post-Gym incluye nuestros productos m\u00e1s vendidos:<\/p>\n<ul>\n<li style=\"list-style-type: none;\">\n<ul>\n<li>Champ\u00fa Aloe Vera (paquete de bomba de 200 ml)<\/li>\n<li>Gel de ducha Aloe Vera<\/li>\n<li>Desodorante deportivo<\/li>\n<li>Eau Negro de Colonia<\/li>\n<\/ul>\n<\/li>\n<\/ul>\n<p>Todos los productos contienen aloe vera con sus propiedades antiinflamatorias, antimicrobianas y calmantes y son adecuados para todas las edades y tipos de piel.<\/p>\n<p>Adecuado y beneficioso para todo tipo de piel y cabello. Estos productos son hipoalerg\u00e9nicos, no comedog\u00e9nicos y libres de silicona.<\/p>\n<p>Todos los productos AV Plus Barber est\u00e1n elaborados con aloe vera org\u00e1nico certificado de las Islas Canarias, est\u00e1n libres de crueldad y probados dermatol\u00f3gicamente. No son t\u00f3xicos, libres de parabenos y libres de silicio.<\/p>\n","protected":false},"featured_media":2971,"comment_status":"open","ping_status":"closed","template":"","meta":{"_acf_changed":false,"cybocfi_hide_featured_image":""},"product_cat":[157,158],"product_tag":[160],"class_list":{"0":"post-3123","1":"product","2":"type-product","3":"status-publish","4":"has-post-thumbnail","6":"product_cat-ducha","7":"product_cat-kits-es","8":"product_tag-aloe-vera-es","10":"first","11":"instock","12":"taxable","13":"shipping-taxable","14":"purchasable","15":"product-type-simple","swatches":"rey-swatches","show_selected":""},"acf":[],"yoast_head":"<!-- This site is optimized with the Yoast SEO plugin v27.3 - https:\/\/yoast.com\/product\/yoast-seo-wordpress\/ -->\n<title>Pack Rutina Gimnasio - AV Plus Barber<\/title>\n<meta name=\"robots\" content=\"index, follow, max-snippet:-1, max-image-preview:large, max-video-preview:-1\" \/>\n<link rel=\"canonical\" href=\"https:\/\/avplusbarber.com\/es\/shop\/kit-gimnasia\/\" \/>\n<meta property=\"og:locale\" content=\"es_ES\" \/>\n<meta property=\"og:type\" content=\"article\" \/>\n<meta property=\"og:title\" content=\"Pack Rutina Gimnasio - AV Plus Barber\" \/>\n<meta property=\"og:description\" content=\"Hemos reunido cuatro de nuestros productos m\u00e1s populares con un xx% de descuento para que te sientas limpio, fresco y sexy despu\u00e9s de hacer ejercicio.  Es la selecci\u00f3n perfecta de productos para oler muy bien y mimar tu cuerpo, nutriendo tu piel con aloe vera calmante.  El gel de ducha, el champ\u00fa, el desodorante y el eau de colonia cuentan con aloe vera org\u00e1nico para limpiar y nutrir suavemente tu piel y cabello, con vitaminas y minerales naturales para calmar, mimar e hidratar. Tienen un aroma sutil y limpio que se complementa con nuestro Black eau de cologne con su fragancia ligera y masculina.  La combinaci\u00f3n de estos productos te har\u00e1 sentir limpio, renovado, oliendo muy bien, bombeado y listo para enfrentarte al mundo.  Nuestro kit deportivo Post-Gym incluye nuestros productos m\u00e1s vendidos:      Champ\u00fa Aloe Vera (paquete de bomba de 200 ml)  Gel de ducha Aloe Vera  Desodorante deportivo  Eau Negro de Colonia    Todos los productos contienen aloe vera con sus propiedades antiinflamatorias, antimicrobianas y calmantes y son adecuados para todas las edades y tipos de piel.  Adecuado y beneficioso para todo tipo de piel y cabello. Estos productos son hipoalerg\u00e9nicos, no comedog\u00e9nicos y libres de silicona.  Todos los productos AV Plus Barber est\u00e1n elaborados con aloe vera org\u00e1nico certificado de las Islas Canarias, est\u00e1n libres de crueldad y probados dermatol\u00f3gicamente. No son t\u00f3xicos, libres de parabenos y libres de silicio.\" \/>\n<meta property=\"og:url\" content=\"https:\/\/avplusbarber.com\/es\/shop\/kit-gimnasia\/\" \/>\n<meta property=\"og:site_name\" content=\"AV Plus Barber\" \/>\n<meta property=\"article:publisher\" content=\"https:\/\/www.facebook.com\/Avplusbarber\/\" \/>\n<meta property=\"article:modified_time\" content=\"2021-12-02T00:21:57+00:00\" \/>\n<meta property=\"og:image\" content=\"https:\/\/avplusbarber.com\/wp-content\/uploads\/2020\/05\/Post-Gym-Sports-Kit-1.png\" \/>\n\t<meta property=\"og:image:width\" content=\"778\" \/>\n\t<meta property=\"og:image:height\" content=\"926\" \/>\n\t<meta property=\"og:image:type\" content=\"image\/png\" \/>\n<meta name=\"twitter:card\" content=\"summary_large_image\" \/>\n<meta name=\"twitter:site\" content=\"@avplus_barber\" \/>\n<script type=\"application\/ld+json\" class=\"yoast-schema-graph\">{\"@context\":\"https:\\\/\\\/schema.org\",\"@graph\":[{\"@type\":\"WebPage\",\"@id\":\"https:\\\/\\\/avplusbarber.com\\\/es\\\/shop\\\/kit-gimnasia\\\/\",\"url\":\"https:\\\/\\\/avplusbarber.com\\\/es\\\/shop\\\/kit-gimnasia\\\/\",\"name\":\"Pack Rutina Gimnasio - AV Plus Barber\",\"isPartOf\":{\"@id\":\"https:\\\/\\\/avplusbarber.com\\\/es\\\/#website\"},\"primaryImageOfPage\":{\"@id\":\"https:\\\/\\\/avplusbarber.com\\\/es\\\/shop\\\/kit-gimnasia\\\/#primaryimage\"},\"image\":{\"@id\":\"https:\\\/\\\/avplusbarber.com\\\/es\\\/shop\\\/kit-gimnasia\\\/#primaryimage\"},\"thumbnailUrl\":\"https:\\\/\\\/avplusbarber.com\\\/wp-content\\\/uploads\\\/2020\\\/05\\\/Post-Gym-Sports-Kit-1.png\",\"datePublished\":\"2020-05-23T15:46:06+00:00\",\"dateModified\":\"2021-12-02T00:21:57+00:00\",\"breadcrumb\":{\"@id\":\"https:\\\/\\\/avplusbarber.com\\\/es\\\/shop\\\/kit-gimnasia\\\/#breadcrumb\"},\"inLanguage\":\"es\",\"potentialAction\":[{\"@type\":\"ReadAction\",\"target\":[\"https:\\\/\\\/avplusbarber.com\\\/es\\\/shop\\\/kit-gimnasia\\\/\"]}]},{\"@type\":\"ImageObject\",\"inLanguage\":\"es\",\"@id\":\"https:\\\/\\\/avplusbarber.com\\\/es\\\/shop\\\/kit-gimnasia\\\/#primaryimage\",\"url\":\"https:\\\/\\\/avplusbarber.com\\\/wp-content\\\/uploads\\\/2020\\\/05\\\/Post-Gym-Sports-Kit-1.png\",\"contentUrl\":\"https:\\\/\\\/avplusbarber.com\\\/wp-content\\\/uploads\\\/2020\\\/05\\\/Post-Gym-Sports-Kit-1.png\",\"width\":778,\"height\":926,\"caption\":\"puertos Kit - champ\u00fa, gel de ducha, desodorante y colonia\"},{\"@type\":\"BreadcrumbList\",\"@id\":\"https:\\\/\\\/avplusbarber.com\\\/es\\\/shop\\\/kit-gimnasia\\\/#breadcrumb\",\"itemListElement\":[{\"@type\":\"ListItem\",\"position\":1,\"name\":\"Inicio\",\"item\":\"https:\\\/\\\/avplusbarber.com\\\/es\\\/\"},{\"@type\":\"ListItem\",\"position\":2,\"name\":\"Shop\",\"item\":\"https:\\\/\\\/avplusbarber.com\\\/shop-beard-care-products\\\/\"},{\"@type\":\"ListItem\",\"position\":3,\"name\":\"Pack Rutina Gimnasio\"}]},{\"@type\":\"WebSite\",\"@id\":\"https:\\\/\\\/avplusbarber.com\\\/es\\\/#website\",\"url\":\"https:\\\/\\\/avplusbarber.com\\\/es\\\/\",\"name\":\"AV Plus Barber\",\"description\":\"\",\"publisher\":{\"@id\":\"https:\\\/\\\/avplusbarber.com\\\/es\\\/#organization\"},\"potentialAction\":[{\"@type\":\"SearchAction\",\"target\":{\"@type\":\"EntryPoint\",\"urlTemplate\":\"https:\\\/\\\/avplusbarber.com\\\/es\\\/?s={search_term_string}\"},\"query-input\":{\"@type\":\"PropertyValueSpecification\",\"valueRequired\":true,\"valueName\":\"search_term_string\"}}],\"inLanguage\":\"es\"},{\"@type\":\"Organization\",\"@id\":\"https:\\\/\\\/avplusbarber.com\\\/es\\\/#organization\",\"name\":\"AV Plus Barber\",\"url\":\"https:\\\/\\\/avplusbarber.com\\\/es\\\/\",\"logo\":{\"@type\":\"ImageObject\",\"inLanguage\":\"es\",\"@id\":\"https:\\\/\\\/avplusbarber.com\\\/es\\\/#\\\/schema\\\/logo\\\/image\\\/\",\"url\":\"https:\\\/\\\/avplusbarber.com\\\/wp-content\\\/uploads\\\/2020\\\/03\\\/avplus-black-logo-150.png\",\"contentUrl\":\"https:\\\/\\\/avplusbarber.com\\\/wp-content\\\/uploads\\\/2020\\\/03\\\/avplus-black-logo-150.png\",\"width\":150,\"height\":128,\"caption\":\"AV Plus Barber\"},\"image\":{\"@id\":\"https:\\\/\\\/avplusbarber.com\\\/es\\\/#\\\/schema\\\/logo\\\/image\\\/\"},\"sameAs\":[\"https:\\\/\\\/www.facebook.com\\\/Avplusbarber\\\/\",\"https:\\\/\\\/x.com\\\/avplus_barber\",\"https:\\\/\\\/www.instagram.com\\\/avplus_barber\\\/\",\"https:\\\/\\\/www.youtube.com\\\/channel\\\/UCP9tsNWesy8IPz-xc96mMNQ\"]}]}<\/script>\n<!-- \/ Yoast SEO plugin. -->","yoast_head_json":{"title":"Pack Rutina Gimnasio - AV Plus Barber","robots":{"index":"index","follow":"follow","max-snippet":"max-snippet:-1","max-image-preview":"max-image-preview:large","max-video-preview":"max-video-preview:-1"},"canonical":"https:\/\/avplusbarber.com\/es\/shop\/kit-gimnasia\/","og_locale":"es_ES","og_type":"article","og_title":"Pack Rutina Gimnasio - AV Plus Barber","og_description":"Hemos reunido cuatro de nuestros productos m\u00e1s populares con un xx% de descuento para que te sientas limpio, fresco y sexy despu\u00e9s de hacer ejercicio.  Es la selecci\u00f3n perfecta de productos para oler muy bien y mimar tu cuerpo, nutriendo tu piel con aloe vera calmante.  El gel de ducha, el champ\u00fa, el desodorante y el eau de colonia cuentan con aloe vera org\u00e1nico para limpiar y nutrir suavemente tu piel y cabello, con vitaminas y minerales naturales para calmar, mimar e hidratar. Tienen un aroma sutil y limpio que se complementa con nuestro Black eau de cologne con su fragancia ligera y masculina.  La combinaci\u00f3n de estos productos te har\u00e1 sentir limpio, renovado, oliendo muy bien, bombeado y listo para enfrentarte al mundo.  Nuestro kit deportivo Post-Gym incluye nuestros productos m\u00e1s vendidos:      Champ\u00fa Aloe Vera (paquete de bomba de 200 ml)  Gel de ducha Aloe Vera  Desodorante deportivo  Eau Negro de Colonia    Todos los productos contienen aloe vera con sus propiedades antiinflamatorias, antimicrobianas y calmantes y son adecuados para todas las edades y tipos de piel.  Adecuado y beneficioso para todo tipo de piel y cabello. Estos productos son hipoalerg\u00e9nicos, no comedog\u00e9nicos y libres de silicona.  Todos los productos AV Plus Barber est\u00e1n elaborados con aloe vera org\u00e1nico certificado de las Islas Canarias, est\u00e1n libres de crueldad y probados dermatol\u00f3gicamente. No son t\u00f3xicos, libres de parabenos y libres de silicio.","og_url":"https:\/\/avplusbarber.com\/es\/shop\/kit-gimnasia\/","og_site_name":"AV Plus Barber","article_publisher":"https:\/\/www.facebook.com\/Avplusbarber\/","article_modified_time":"2021-12-02T00:21:57+00:00","og_image":[{"width":778,"height":926,"url":"https:\/\/avplusbarber.com\/wp-content\/uploads\/2020\/05\/Post-Gym-Sports-Kit-1.png","type":"image\/png"}],"twitter_card":"summary_large_image","twitter_site":"@avplus_barber","schema":{"@context":"https:\/\/schema.org","@graph":[{"@type":"WebPage","@id":"https:\/\/avplusbarber.com\/es\/shop\/kit-gimnasia\/","url":"https:\/\/avplusbarber.com\/es\/shop\/kit-gimnasia\/","name":"Pack Rutina Gimnasio - AV Plus Barber","isPartOf":{"@id":"https:\/\/avplusbarber.com\/es\/#website"},"primaryImageOfPage":{"@id":"https:\/\/avplusbarber.com\/es\/shop\/kit-gimnasia\/#primaryimage"},"image":{"@id":"https:\/\/avplusbarber.com\/es\/shop\/kit-gimnasia\/#primaryimage"},"thumbnailUrl":"https:\/\/avplusbarber.com\/wp-content\/uploads\/2020\/05\/Post-Gym-Sports-Kit-1.png","datePublished":"2020-05-23T15:46:06+00:00","dateModified":"2021-12-02T00:21:57+00:00","breadcrumb":{"@id":"https:\/\/avplusbarber.com\/es\/shop\/kit-gimnasia\/#breadcrumb"},"inLanguage":"es","potentialAction":[{"@type":"ReadAction","target":["https:\/\/avplusbarber.com\/es\/shop\/kit-gimnasia\/"]}]},{"@type":"ImageObject","inLanguage":"es","@id":"https:\/\/avplusbarber.com\/es\/shop\/kit-gimnasia\/#primaryimage","url":"https:\/\/avplusbarber.com\/wp-content\/uploads\/2020\/05\/Post-Gym-Sports-Kit-1.png","contentUrl":"https:\/\/avplusbarber.com\/wp-content\/uploads\/2020\/05\/Post-Gym-Sports-Kit-1.png","width":778,"height":926,"caption":"puertos Kit - champ\u00fa, gel de ducha, desodorante y colonia"},{"@type":"BreadcrumbList","@id":"https:\/\/avplusbarber.com\/es\/shop\/kit-gimnasia\/#breadcrumb","itemListElement":[{"@type":"ListItem","position":1,"name":"Inicio","item":"https:\/\/avplusbarber.com\/es\/"},{"@type":"ListItem","position":2,"name":"Shop","item":"https:\/\/avplusbarber.com\/shop-beard-care-products\/"},{"@type":"ListItem","position":3,"name":"Pack Rutina Gimnasio"}]},{"@type":"WebSite","@id":"https:\/\/avplusbarber.com\/es\/#website","url":"https:\/\/avplusbarber.com\/es\/","name":"AV Plus Barber","description":"","publisher":{"@id":"https:\/\/avplusbarber.com\/es\/#organization"},"potentialAction":[{"@type":"SearchAction","target":{"@type":"EntryPoint","urlTemplate":"https:\/\/avplusbarber.com\/es\/?s={search_term_string}"},"query-input":{"@type":"PropertyValueSpecification","valueRequired":true,"valueName":"search_term_string"}}],"inLanguage":"es"},{"@type":"Organization","@id":"https:\/\/avplusbarber.com\/es\/#organization","name":"AV Plus Barber","url":"https:\/\/avplusbarber.com\/es\/","logo":{"@type":"ImageObject","inLanguage":"es","@id":"https:\/\/avplusbarber.com\/es\/#\/schema\/logo\/image\/","url":"https:\/\/avplusbarber.com\/wp-content\/uploads\/2020\/03\/avplus-black-logo-150.png","contentUrl":"https:\/\/avplusbarber.com\/wp-content\/uploads\/2020\/03\/avplus-black-logo-150.png","width":150,"height":128,"caption":"AV Plus Barber"},"image":{"@id":"https:\/\/avplusbarber.com\/es\/#\/schema\/logo\/image\/"},"sameAs":["https:\/\/www.facebook.com\/Avplusbarber\/","https:\/\/x.com\/avplus_barber","https:\/\/www.instagram.com\/avplus_barber\/","https:\/\/www.youtube.com\/channel\/UCP9tsNWesy8IPz-xc96mMNQ"]}]}},"jetpack_sharing_enabled":true,"_links":{"self":[{"href":"https:\/\/avplusbarber.com\/es\/wp-json\/wp\/v2\/product\/3123","targetHints":{"allow":["GET"]}}],"collection":[{"href":"https:\/\/avplusbarber.com\/es\/wp-json\/wp\/v2\/product"}],"about":[{"href":"https:\/\/avplusbarber.com\/es\/wp-json\/wp\/v2\/types\/product"}],"replies":[{"embeddable":true,"href":"https:\/\/avplusbarber.com\/es\/wp-json\/wp\/v2\/comments?post=3123"}],"wp:featuredmedia":[{"embeddable":true,"href":"https:\/\/avplusbarber.com\/es\/wp-json\/wp\/v2\/media\/2971"}],"wp:attachment":[{"href":"https:\/\/avplusbarber.com\/es\/wp-json\/wp\/v2\/media?parent=3123"}],"wp:term":[{"taxonomy":"product_cat","embeddable":true,"href":"https:\/\/avplusbarber.com\/es\/wp-json\/wp\/v2\/product_cat?post=3123"},{"taxonomy":"product_tag","embeddable":true,"href":"https:\/\/avplusbarber.com\/es\/wp-json\/wp\/v2\/product_tag?post=3123"}],"curies":[{"name":"wp","href":"https:\/\/api.w.org\/{rel}","templated":true}]}}