{"id":3127,"date":"2020-04-29T21:52:06","date_gmt":"2020-05-23T15:46:08","guid":{"rendered":"https:\/\/avplusbarber.com\/product\/kit-de-rutina-de-barba-saludable\/"},"modified":"2021-12-02T00:22:23","modified_gmt":"2021-12-02T00:22:23","slug":"barba-rutina","status":"publish","type":"product","link":"https:\/\/avplusbarber.com\/es\/shop\/barba-rutina\/","title":{"rendered":"Rutina Barba Sana"},"content":{"rendered":"","protected":false},"excerpt":{"rendered":"<p>Sigue nuestra rutina para obtener una barba suave, t\u00e1ctil y completa, y una piel limpia, saludable y nutrida.<\/p>\n<p>Esta rutina es fant\u00e1stica si tienes la piel seca y escamosa o una barba opaca o irregular.<\/p>\n<p>Nuestra rutina diaria de dos pasos comienza con nuestro champ\u00fa de barba hecho de aloe vera 50% org\u00e1nico de las Islas Canarias y termina con nuestro aceite de barba hecho con una base calmante y nutritiva de aceite de almendras, aceite de coco, vitamina E y aceite de \u00e1rbol de t\u00e9.<\/p>\n<p>El kit incluye:<\/p>\n<ul>\n<li>Nuestro champ\u00fa especial para la barba, formulado para la salud de la piel y la barba y para estimular el crecimiento del cabello a trav\u00e9s de su mezcla de aloe vera, Baicapil\u2122, aceite de bergamota y eucalipto.<\/li>\n<li>Nuestro aceite de barba para una barba brillante y saludable y la piel nutrida e hidratada. Los aceites naturales en nuestro aceite de barba son antiinflamatorios, antis\u00e9pticos y tambi\u00e9n tienen propiedades curativas contra la psoriasis y el eczema.<\/li>\n<\/ul>\n<p>Notar\u00e1s resultados a medida que tu barba crece d\u00eda a d\u00eda.<\/p>\n<p>Con esta rutina diaria obtendr\u00e1s una barba lustrosa, limpia y saludable y tu piel estar\u00e1 sana, nutrida e hidratada.<\/p>\n<p>Adecuado y beneficioso para todo tipo de piel y cabello. Estos productos son hipoalerg\u00e9nicos, no comedog\u00e9nicos y libres de silicona.<\/p>\n<p>Todos los productos AV Plus Barber est\u00e1n elaborados con aloe vera org\u00e1nico certificado de las Islas Canarias, est\u00e1n libres de crueldad y probados dermatol\u00f3gicamente. No son t\u00f3xicos, libres de parabenos y libres de silicio.<\/p>\n","protected":false},"featured_media":2966,"comment_status":"open","ping_status":"closed","template":"","meta":{"_acf_changed":false,"cybocfi_hide_featured_image":""},"product_cat":[161,158],"product_tag":[160],"class_list":{"0":"post-3127","1":"product","2":"type-product","3":"status-publish","4":"has-post-thumbnail","6":"product_cat-barba","7":"product_cat-kits-es","8":"product_tag-aloe-vera-es","10":"first","11":"instock","12":"taxable","13":"shipping-taxable","14":"purchasable","15":"product-type-variable","swatches":"rey-swatches","show_selected":""},"acf":[],"yoast_head":"<!-- This site is optimized with the Yoast SEO plugin v27.3 - https:\/\/yoast.com\/product\/yoast-seo-wordpress\/ -->\n<title>Rutina Barba Sana - AV Plus Barber<\/title>\n<meta name=\"robots\" content=\"index, follow, max-snippet:-1, max-image-preview:large, max-video-preview:-1\" \/>\n<link rel=\"canonical\" href=\"https:\/\/avplusbarber.com\/es\/shop\/barba-rutina\/\" \/>\n<meta property=\"og:locale\" content=\"es_ES\" \/>\n<meta property=\"og:type\" content=\"article\" \/>\n<meta property=\"og:title\" content=\"Rutina Barba Sana - AV Plus Barber\" \/>\n<meta property=\"og:description\" content=\"Sigue nuestra rutina para obtener una barba suave, t\u00e1ctil y completa, y una piel limpia, saludable y nutrida.  Esta rutina es fant\u00e1stica si tienes la piel seca y escamosa o una barba opaca o irregular.  Nuestra rutina diaria de dos pasos comienza con nuestro champ\u00fa de barba hecho de aloe vera 50% org\u00e1nico de las Islas Canarias y termina con nuestro aceite de barba hecho con una base calmante y nutritiva de aceite de almendras, aceite de coco, vitamina E y aceite de \u00e1rbol de t\u00e9.  El kit incluye:   Nuestro champ\u00fa especial para la barba, formulado para la salud de la piel y la barba y para estimular el crecimiento del cabello a trav\u00e9s de su mezcla de aloe vera, Baicapil\u2122, aceite de bergamota y eucalipto.  Nuestro aceite de barba para una barba brillante y saludable y la piel nutrida e hidratada. Los aceites naturales en nuestro aceite de barba son antiinflamatorios, antis\u00e9pticos y tambi\u00e9n tienen propiedades curativas contra la psoriasis y el eczema.  Notar\u00e1s resultados a medida que tu barba crece d\u00eda a d\u00eda.  Con esta rutina diaria obtendr\u00e1s una barba lustrosa, limpia y saludable y tu piel estar\u00e1 sana, nutrida e hidratada.  Adecuado y beneficioso para todo tipo de piel y cabello. Estos productos son hipoalerg\u00e9nicos, no comedog\u00e9nicos y libres de silicona.  Todos los productos AV Plus Barber est\u00e1n elaborados con aloe vera org\u00e1nico certificado de las Islas Canarias, est\u00e1n libres de crueldad y probados dermatol\u00f3gicamente. No son t\u00f3xicos, libres de parabenos y libres de silicio.\" \/>\n<meta property=\"og:url\" content=\"https:\/\/avplusbarber.com\/es\/shop\/barba-rutina\/\" \/>\n<meta property=\"og:site_name\" content=\"AV Plus Barber\" \/>\n<meta property=\"article:publisher\" content=\"https:\/\/www.facebook.com\/Avplusbarber\/\" \/>\n<meta property=\"article:modified_time\" content=\"2021-12-02T00:22:23+00:00\" \/>\n<meta property=\"og:image\" content=\"https:\/\/avplusbarber.com\/wp-content\/uploads\/2020\/05\/BeardRoutine.jpg\" \/>\n\t<meta property=\"og:image:width\" content=\"778\" \/>\n\t<meta property=\"og:image:height\" content=\"926\" \/>\n\t<meta property=\"og:image:type\" content=\"image\/jpeg\" \/>\n<meta name=\"twitter:card\" content=\"summary_large_image\" \/>\n<meta name=\"twitter:site\" content=\"@avplus_barber\" \/>\n<script type=\"application\/ld+json\" class=\"yoast-schema-graph\">{\"@context\":\"https:\\\/\\\/schema.org\",\"@graph\":[{\"@type\":\"WebPage\",\"@id\":\"https:\\\/\\\/avplusbarber.com\\\/es\\\/shop\\\/barba-rutina\\\/\",\"url\":\"https:\\\/\\\/avplusbarber.com\\\/es\\\/shop\\\/barba-rutina\\\/\",\"name\":\"Rutina Barba Sana - AV Plus Barber\",\"isPartOf\":{\"@id\":\"https:\\\/\\\/avplusbarber.com\\\/es\\\/#website\"},\"primaryImageOfPage\":{\"@id\":\"https:\\\/\\\/avplusbarber.com\\\/es\\\/shop\\\/barba-rutina\\\/#primaryimage\"},\"image\":{\"@id\":\"https:\\\/\\\/avplusbarber.com\\\/es\\\/shop\\\/barba-rutina\\\/#primaryimage\"},\"thumbnailUrl\":\"https:\\\/\\\/avplusbarber.com\\\/wp-content\\\/uploads\\\/2020\\\/05\\\/BeardRoutine.jpg\",\"datePublished\":\"2020-05-23T15:46:08+00:00\",\"dateModified\":\"2021-12-02T00:22:23+00:00\",\"breadcrumb\":{\"@id\":\"https:\\\/\\\/avplusbarber.com\\\/es\\\/shop\\\/barba-rutina\\\/#breadcrumb\"},\"inLanguage\":\"es\",\"potentialAction\":[{\"@type\":\"ReadAction\",\"target\":[\"https:\\\/\\\/avplusbarber.com\\\/es\\\/shop\\\/barba-rutina\\\/\"]}]},{\"@type\":\"ImageObject\",\"inLanguage\":\"es\",\"@id\":\"https:\\\/\\\/avplusbarber.com\\\/es\\\/shop\\\/barba-rutina\\\/#primaryimage\",\"url\":\"https:\\\/\\\/avplusbarber.com\\\/wp-content\\\/uploads\\\/2020\\\/05\\\/BeardRoutine.jpg\",\"contentUrl\":\"https:\\\/\\\/avplusbarber.com\\\/wp-content\\\/uploads\\\/2020\\\/05\\\/BeardRoutine.jpg\",\"width\":778,\"height\":926,\"caption\":\"Champ\u00fa para Barba y Aceites\"},{\"@type\":\"BreadcrumbList\",\"@id\":\"https:\\\/\\\/avplusbarber.com\\\/es\\\/shop\\\/barba-rutina\\\/#breadcrumb\",\"itemListElement\":[{\"@type\":\"ListItem\",\"position\":1,\"name\":\"Inicio\",\"item\":\"https:\\\/\\\/avplusbarber.com\\\/es\\\/\"},{\"@type\":\"ListItem\",\"position\":2,\"name\":\"Shop\",\"item\":\"https:\\\/\\\/avplusbarber.com\\\/shop-beard-care-products\\\/\"},{\"@type\":\"ListItem\",\"position\":3,\"name\":\"Rutina Barba Sana\"}]},{\"@type\":\"WebSite\",\"@id\":\"https:\\\/\\\/avplusbarber.com\\\/es\\\/#website\",\"url\":\"https:\\\/\\\/avplusbarber.com\\\/es\\\/\",\"name\":\"AV Plus Barber\",\"description\":\"\",\"publisher\":{\"@id\":\"https:\\\/\\\/avplusbarber.com\\\/es\\\/#organization\"},\"potentialAction\":[{\"@type\":\"SearchAction\",\"target\":{\"@type\":\"EntryPoint\",\"urlTemplate\":\"https:\\\/\\\/avplusbarber.com\\\/es\\\/?s={search_term_string}\"},\"query-input\":{\"@type\":\"PropertyValueSpecification\",\"valueRequired\":true,\"valueName\":\"search_term_string\"}}],\"inLanguage\":\"es\"},{\"@type\":\"Organization\",\"@id\":\"https:\\\/\\\/avplusbarber.com\\\/es\\\/#organization\",\"name\":\"AV Plus Barber\",\"url\":\"https:\\\/\\\/avplusbarber.com\\\/es\\\/\",\"logo\":{\"@type\":\"ImageObject\",\"inLanguage\":\"es\",\"@id\":\"https:\\\/\\\/avplusbarber.com\\\/es\\\/#\\\/schema\\\/logo\\\/image\\\/\",\"url\":\"https:\\\/\\\/avplusbarber.com\\\/wp-content\\\/uploads\\\/2020\\\/03\\\/avplus-black-logo-150.png\",\"contentUrl\":\"https:\\\/\\\/avplusbarber.com\\\/wp-content\\\/uploads\\\/2020\\\/03\\\/avplus-black-logo-150.png\",\"width\":150,\"height\":128,\"caption\":\"AV Plus Barber\"},\"image\":{\"@id\":\"https:\\\/\\\/avplusbarber.com\\\/es\\\/#\\\/schema\\\/logo\\\/image\\\/\"},\"sameAs\":[\"https:\\\/\\\/www.facebook.com\\\/Avplusbarber\\\/\",\"https:\\\/\\\/x.com\\\/avplus_barber\",\"https:\\\/\\\/www.instagram.com\\\/avplus_barber\\\/\",\"https:\\\/\\\/www.youtube.com\\\/channel\\\/UCP9tsNWesy8IPz-xc96mMNQ\"]}]}<\/script>\n<!-- \/ Yoast SEO plugin. -->","yoast_head_json":{"title":"Rutina Barba Sana - AV Plus Barber","robots":{"index":"index","follow":"follow","max-snippet":"max-snippet:-1","max-image-preview":"max-image-preview:large","max-video-preview":"max-video-preview:-1"},"canonical":"https:\/\/avplusbarber.com\/es\/shop\/barba-rutina\/","og_locale":"es_ES","og_type":"article","og_title":"Rutina Barba Sana - AV Plus Barber","og_description":"Sigue nuestra rutina para obtener una barba suave, t\u00e1ctil y completa, y una piel limpia, saludable y nutrida.  Esta rutina es fant\u00e1stica si tienes la piel seca y escamosa o una barba opaca o irregular.  Nuestra rutina diaria de dos pasos comienza con nuestro champ\u00fa de barba hecho de aloe vera 50% org\u00e1nico de las Islas Canarias y termina con nuestro aceite de barba hecho con una base calmante y nutritiva de aceite de almendras, aceite de coco, vitamina E y aceite de \u00e1rbol de t\u00e9.  El kit incluye:   Nuestro champ\u00fa especial para la barba, formulado para la salud de la piel y la barba y para estimular el crecimiento del cabello a trav\u00e9s de su mezcla de aloe vera, Baicapil\u2122, aceite de bergamota y eucalipto.  Nuestro aceite de barba para una barba brillante y saludable y la piel nutrida e hidratada. Los aceites naturales en nuestro aceite de barba son antiinflamatorios, antis\u00e9pticos y tambi\u00e9n tienen propiedades curativas contra la psoriasis y el eczema.  Notar\u00e1s resultados a medida que tu barba crece d\u00eda a d\u00eda.  Con esta rutina diaria obtendr\u00e1s una barba lustrosa, limpia y saludable y tu piel estar\u00e1 sana, nutrida e hidratada.  Adecuado y beneficioso para todo tipo de piel y cabello. Estos productos son hipoalerg\u00e9nicos, no comedog\u00e9nicos y libres de silicona.  Todos los productos AV Plus Barber est\u00e1n elaborados con aloe vera org\u00e1nico certificado de las Islas Canarias, est\u00e1n libres de crueldad y probados dermatol\u00f3gicamente. No son t\u00f3xicos, libres de parabenos y libres de silicio.","og_url":"https:\/\/avplusbarber.com\/es\/shop\/barba-rutina\/","og_site_name":"AV Plus Barber","article_publisher":"https:\/\/www.facebook.com\/Avplusbarber\/","article_modified_time":"2021-12-02T00:22:23+00:00","og_image":[{"width":778,"height":926,"url":"https:\/\/avplusbarber.com\/wp-content\/uploads\/2020\/05\/BeardRoutine.jpg","type":"image\/jpeg"}],"twitter_card":"summary_large_image","twitter_site":"@avplus_barber","schema":{"@context":"https:\/\/schema.org","@graph":[{"@type":"WebPage","@id":"https:\/\/avplusbarber.com\/es\/shop\/barba-rutina\/","url":"https:\/\/avplusbarber.com\/es\/shop\/barba-rutina\/","name":"Rutina Barba Sana - AV Plus Barber","isPartOf":{"@id":"https:\/\/avplusbarber.com\/es\/#website"},"primaryImageOfPage":{"@id":"https:\/\/avplusbarber.com\/es\/shop\/barba-rutina\/#primaryimage"},"image":{"@id":"https:\/\/avplusbarber.com\/es\/shop\/barba-rutina\/#primaryimage"},"thumbnailUrl":"https:\/\/avplusbarber.com\/wp-content\/uploads\/2020\/05\/BeardRoutine.jpg","datePublished":"2020-05-23T15:46:08+00:00","dateModified":"2021-12-02T00:22:23+00:00","breadcrumb":{"@id":"https:\/\/avplusbarber.com\/es\/shop\/barba-rutina\/#breadcrumb"},"inLanguage":"es","potentialAction":[{"@type":"ReadAction","target":["https:\/\/avplusbarber.com\/es\/shop\/barba-rutina\/"]}]},{"@type":"ImageObject","inLanguage":"es","@id":"https:\/\/avplusbarber.com\/es\/shop\/barba-rutina\/#primaryimage","url":"https:\/\/avplusbarber.com\/wp-content\/uploads\/2020\/05\/BeardRoutine.jpg","contentUrl":"https:\/\/avplusbarber.com\/wp-content\/uploads\/2020\/05\/BeardRoutine.jpg","width":778,"height":926,"caption":"Champ\u00fa para Barba y Aceites"},{"@type":"BreadcrumbList","@id":"https:\/\/avplusbarber.com\/es\/shop\/barba-rutina\/#breadcrumb","itemListElement":[{"@type":"ListItem","position":1,"name":"Inicio","item":"https:\/\/avplusbarber.com\/es\/"},{"@type":"ListItem","position":2,"name":"Shop","item":"https:\/\/avplusbarber.com\/shop-beard-care-products\/"},{"@type":"ListItem","position":3,"name":"Rutina Barba Sana"}]},{"@type":"WebSite","@id":"https:\/\/avplusbarber.com\/es\/#website","url":"https:\/\/avplusbarber.com\/es\/","name":"AV Plus Barber","description":"","publisher":{"@id":"https:\/\/avplusbarber.com\/es\/#organization"},"potentialAction":[{"@type":"SearchAction","target":{"@type":"EntryPoint","urlTemplate":"https:\/\/avplusbarber.com\/es\/?s={search_term_string}"},"query-input":{"@type":"PropertyValueSpecification","valueRequired":true,"valueName":"search_term_string"}}],"inLanguage":"es"},{"@type":"Organization","@id":"https:\/\/avplusbarber.com\/es\/#organization","name":"AV Plus Barber","url":"https:\/\/avplusbarber.com\/es\/","logo":{"@type":"ImageObject","inLanguage":"es","@id":"https:\/\/avplusbarber.com\/es\/#\/schema\/logo\/image\/","url":"https:\/\/avplusbarber.com\/wp-content\/uploads\/2020\/03\/avplus-black-logo-150.png","contentUrl":"https:\/\/avplusbarber.com\/wp-content\/uploads\/2020\/03\/avplus-black-logo-150.png","width":150,"height":128,"caption":"AV Plus Barber"},"image":{"@id":"https:\/\/avplusbarber.com\/es\/#\/schema\/logo\/image\/"},"sameAs":["https:\/\/www.facebook.com\/Avplusbarber\/","https:\/\/x.com\/avplus_barber","https:\/\/www.instagram.com\/avplus_barber\/","https:\/\/www.youtube.com\/channel\/UCP9tsNWesy8IPz-xc96mMNQ"]}]}},"jetpack_sharing_enabled":true,"_links":{"self":[{"href":"https:\/\/avplusbarber.com\/es\/wp-json\/wp\/v2\/product\/3127","targetHints":{"allow":["GET"]}}],"collection":[{"href":"https:\/\/avplusbarber.com\/es\/wp-json\/wp\/v2\/product"}],"about":[{"href":"https:\/\/avplusbarber.com\/es\/wp-json\/wp\/v2\/types\/product"}],"replies":[{"embeddable":true,"href":"https:\/\/avplusbarber.com\/es\/wp-json\/wp\/v2\/comments?post=3127"}],"wp:featuredmedia":[{"embeddable":true,"href":"https:\/\/avplusbarber.com\/es\/wp-json\/wp\/v2\/media\/2966"}],"wp:attachment":[{"href":"https:\/\/avplusbarber.com\/es\/wp-json\/wp\/v2\/media?parent=3127"}],"wp:term":[{"taxonomy":"product_cat","embeddable":true,"href":"https:\/\/avplusbarber.com\/es\/wp-json\/wp\/v2\/product_cat?post=3127"},{"taxonomy":"product_tag","embeddable":true,"href":"https:\/\/avplusbarber.com\/es\/wp-json\/wp\/v2\/product_tag?post=3127"}],"curies":[{"name":"wp","href":"https:\/\/api.w.org\/{rel}","templated":true}]}}