{"id":3128,"date":"2020-04-29T20:38:50","date_gmt":"2020-05-23T15:46:09","guid":{"rendered":"https:\/\/avplusbarber.com\/product\/kit-de-rutina-de-piel-saludable\/"},"modified":"2023-08-14T22:20:10","modified_gmt":"2023-08-14T22:20:10","slug":"piel-sana","status":"publish","type":"product","link":"https:\/\/avplusbarber.com\/es\/shop\/piel-sana\/","title":{"rendered":"Rutina Piel Sana"},"content":{"rendered":"","protected":false},"excerpt":{"rendered":"<p>Sigue nuestra rutina de piel sana para una piel, nutrida e hidratada.<\/p>\n<p>Esta rutina es adecuada para todos los tipos de piel &#8211; m\u00e1s joven, m\u00e1s viejo, seco, aceitoso, propenso al acn\u00e9, o irritado.<\/p>\n<p>Sigue esta rutina d\u00eda y noche y tu piel brillar\u00e1 de salud, se sentir\u00e1 m\u00e1s joven y el\u00e1stica, ser\u00e1 luminosa con menos arrugas, tendr\u00e1 menos imperfecciones, se nutrir\u00e1 e hidratar\u00e1 y las cicatrices se desvanecer\u00e1n.<\/p>\n<p>Nuestra rutina de tres pasos (dos veces al d\u00eda) comienza con nuestro Gel Limpiador Facial para higienizar el rostro, seguido del Serum hecho con 98% de aloe vera org\u00e1nico de las Islas Canarias que nutre tu piel y la prepara para el tercero paso, la aplicaci\u00f3n de nuestro hidratante facial de aloe vera.<\/p>\n<p>La Rutina incluye:<\/p>\n<p>1 &#8211; Nuestro Gel Limpiador Facial formulado con 50% de Aloe Vera\u00a0 que limpia, hidrata y nutre tu piel. Es perfecto para la piel grasa, seca, irritada y zonas propensas al acn\u00e9. Tambi\u00e9n tiene propiedades antiinflamatorias y regeneradoras.<\/p>\n<p>2 &#8211; Nuestro Serum de aloe vera 98% que es una base llena de antioxidantes rica en nutrientes para protegerte todo el d\u00eda de contaminantes e irritantes. Alivia y calma la piel irritada y es perfecta para usar como loci\u00f3n calmante en quemaduras solares.<\/p>\n<p>3 &#8211; Nuestro hidratante de aloe vera con su textura no grasa que se absorbe f\u00e1cilmente y es rico en vitaminas A, B1, B2, B6, B12, C, E, as\u00ed como hierro, calcio, potasio, cobre, magnesio, oligoelementos y amino\u00e1cidos para nutrir y ayudar a combatir los contaminantes.<\/p>\n<p>Notar\u00e1s resultados a medida que tu piel mejore d\u00eda a d\u00eda.<\/p>\n<p>No graso, ambos productos se absorben f\u00e1cilmente y son ricos en vitaminas A, B1, B2, B6, B12, C, E, as\u00ed como hierro, calcio, potasio, cobre, magnesio, oligoelementos y amino\u00e1cidos.<\/p>\n<p>Las propiedades antis\u00e9pticas, antif\u00fangicas y antimicrobianas del aloe vera calman la piel con acn\u00e9, enrojecimiento e irritaci\u00f3n. Tambi\u00e9n tiene propiedades antiinflamatorias y regeneradoras celulares que ayudan a revitalizar la piel seca y escamosa.<\/p>\n<p>Despu\u00e9s de completar la rutina, tu piel se sentir\u00e1 hidratada con un toque seco.<\/p>\n<p>Adecuado y beneficioso para todo tipo de piel. Todos los productos Av Plus Barber son hipoalerg\u00e9nicos y no comedog\u00e9nicos.<\/p>\n<p>Todos los productos AV Plus Barber est\u00e1n elaborados con aloe vera org\u00e1nico certificado de las Islas Canarias, est\u00e1n libres de crueldad y probados dermatol\u00f3gicamente. Est\u00e1n libres de parabenos y toxinas.<\/p>\n","protected":false},"featured_media":4326,"comment_status":"open","ping_status":"closed","template":"","meta":{"_acf_changed":false,"cybocfi_hide_featured_image":""},"product_cat":[158,162],"product_tag":[160],"class_list":{"0":"post-3128","1":"product","2":"type-product","3":"status-publish","4":"has-post-thumbnail","6":"product_cat-kits-es","7":"product_cat-piel","8":"product_tag-aloe-vera-es","10":"first","11":"instock","12":"taxable","13":"shipping-taxable","14":"purchasable","15":"product-type-simple","swatches":"rey-swatches","show_selected":""},"acf":[],"yoast_head":"<!-- This site is optimized with the Yoast SEO plugin v27.3 - https:\/\/yoast.com\/product\/yoast-seo-wordpress\/ -->\n<title>Rutina Piel Sana - AV Plus Barber<\/title>\n<meta name=\"robots\" content=\"index, follow, max-snippet:-1, max-image-preview:large, max-video-preview:-1\" \/>\n<link rel=\"canonical\" href=\"https:\/\/avplusbarber.com\/es\/shop\/piel-sana\/\" \/>\n<meta property=\"og:locale\" content=\"es_ES\" \/>\n<meta property=\"og:type\" content=\"article\" \/>\n<meta property=\"og:title\" content=\"Rutina Piel Sana - AV Plus Barber\" \/>\n<meta property=\"og:description\" content=\"Sigue nuestra rutina de piel sana para una piel, nutrida e hidratada.  Esta rutina es adecuada para todos los tipos de piel - m\u00e1s joven, m\u00e1s viejo, seco, aceitoso, propenso al acn\u00e9, o irritado.  Sigue esta rutina d\u00eda y noche y tu piel brillar\u00e1 de salud, se sentir\u00e1 m\u00e1s joven y el\u00e1stica, ser\u00e1 luminosa con menos arrugas, tendr\u00e1 menos imperfecciones, se nutrir\u00e1 e hidratar\u00e1 y las cicatrices se desvanecer\u00e1n.  Nuestra rutina de tres pasos (dos veces al d\u00eda) comienza con nuestro Gel Limpiador Facial para higienizar el rostro, seguido del Serum hecho con 98% de aloe vera org\u00e1nico de las Islas Canarias que nutre tu piel y la prepara para el tercero paso, la aplicaci\u00f3n de nuestro hidratante facial de aloe vera.  La Rutina incluye:  1 - Nuestro Gel Limpiador Facial formulado con 50% de Aloe Vera\u00a0 que limpia, hidrata y nutre tu piel. Es perfecto para la piel grasa, seca, irritada y zonas propensas al acn\u00e9. Tambi\u00e9n tiene propiedades antiinflamatorias y regeneradoras.  2 - Nuestro Serum de aloe vera 98% que es una base llena de antioxidantes rica en nutrientes para protegerte todo el d\u00eda de contaminantes e irritantes. Alivia y calma la piel irritada y es perfecta para usar como loci\u00f3n calmante en quemaduras solares.  3 - Nuestro hidratante de aloe vera con su textura no grasa que se absorbe f\u00e1cilmente y es rico en vitaminas A, B1, B2, B6, B12, C, E, as\u00ed como hierro, calcio, potasio, cobre, magnesio, oligoelementos y amino\u00e1cidos para nutrir y ayudar a combatir los contaminantes.  Notar\u00e1s resultados a medida que tu piel mejore d\u00eda a d\u00eda.  No graso, ambos productos se absorben f\u00e1cilmente y son ricos en vitaminas A, B1, B2, B6, B12, C, E, as\u00ed como hierro, calcio, potasio, cobre, magnesio, oligoelementos y amino\u00e1cidos.  Las propiedades antis\u00e9pticas, antif\u00fangicas y antimicrobianas del aloe vera calman la piel con acn\u00e9, enrojecimiento e irritaci\u00f3n. Tambi\u00e9n tiene propiedades antiinflamatorias y regeneradoras celulares que ayudan a revitalizar la piel seca y escamosa.  Despu\u00e9s de completar la rutina, tu piel se sentir\u00e1 hidratada con un toque seco.  Adecuado y beneficioso para todo tipo de piel. Todos los productos Av Plus Barber son hipoalerg\u00e9nicos y no comedog\u00e9nicos.  Todos los productos AV Plus Barber est\u00e1n elaborados con aloe vera org\u00e1nico certificado de las Islas Canarias, est\u00e1n libres de crueldad y probados dermatol\u00f3gicamente. Est\u00e1n libres de parabenos y toxinas.\" \/>\n<meta property=\"og:url\" content=\"https:\/\/avplusbarber.com\/es\/shop\/piel-sana\/\" \/>\n<meta property=\"og:site_name\" content=\"AV Plus Barber\" \/>\n<meta property=\"article:publisher\" content=\"https:\/\/www.facebook.com\/Avplusbarber\/\" \/>\n<meta property=\"article:modified_time\" content=\"2023-08-14T22:20:10+00:00\" \/>\n<meta property=\"og:image\" content=\"https:\/\/avplusbarber.com\/wp-content\/uploads\/2020\/10\/RurtinaPielSana-scaled.jpg\" \/>\n\t<meta property=\"og:image:width\" content=\"2560\" \/>\n\t<meta property=\"og:image:height\" content=\"1927\" \/>\n\t<meta property=\"og:image:type\" content=\"image\/jpeg\" \/>\n<meta name=\"twitter:card\" content=\"summary_large_image\" \/>\n<meta name=\"twitter:site\" content=\"@avplus_barber\" \/>\n<script type=\"application\/ld+json\" class=\"yoast-schema-graph\">{\"@context\":\"https:\\\/\\\/schema.org\",\"@graph\":[{\"@type\":\"WebPage\",\"@id\":\"https:\\\/\\\/avplusbarber.com\\\/es\\\/shop\\\/piel-sana\\\/\",\"url\":\"https:\\\/\\\/avplusbarber.com\\\/es\\\/shop\\\/piel-sana\\\/\",\"name\":\"Rutina Piel Sana - AV Plus Barber\",\"isPartOf\":{\"@id\":\"https:\\\/\\\/avplusbarber.com\\\/es\\\/#website\"},\"primaryImageOfPage\":{\"@id\":\"https:\\\/\\\/avplusbarber.com\\\/es\\\/shop\\\/piel-sana\\\/#primaryimage\"},\"image\":{\"@id\":\"https:\\\/\\\/avplusbarber.com\\\/es\\\/shop\\\/piel-sana\\\/#primaryimage\"},\"thumbnailUrl\":\"https:\\\/\\\/avplusbarber.com\\\/wp-content\\\/uploads\\\/2020\\\/10\\\/RurtinaPielSana-scaled.jpg\",\"datePublished\":\"2020-05-23T15:46:09+00:00\",\"dateModified\":\"2023-08-14T22:20:10+00:00\",\"breadcrumb\":{\"@id\":\"https:\\\/\\\/avplusbarber.com\\\/es\\\/shop\\\/piel-sana\\\/#breadcrumb\"},\"inLanguage\":\"es\",\"potentialAction\":[{\"@type\":\"ReadAction\",\"target\":[\"https:\\\/\\\/avplusbarber.com\\\/es\\\/shop\\\/piel-sana\\\/\"]}]},{\"@type\":\"ImageObject\",\"inLanguage\":\"es\",\"@id\":\"https:\\\/\\\/avplusbarber.com\\\/es\\\/shop\\\/piel-sana\\\/#primaryimage\",\"url\":\"https:\\\/\\\/avplusbarber.com\\\/wp-content\\\/uploads\\\/2020\\\/10\\\/RurtinaPielSana-scaled.jpg\",\"contentUrl\":\"https:\\\/\\\/avplusbarber.com\\\/wp-content\\\/uploads\\\/2020\\\/10\\\/RurtinaPielSana-scaled.jpg\",\"width\":2560,\"height\":1927,\"caption\":\"Healthy Skincare Routine\"},{\"@type\":\"BreadcrumbList\",\"@id\":\"https:\\\/\\\/avplusbarber.com\\\/es\\\/shop\\\/piel-sana\\\/#breadcrumb\",\"itemListElement\":[{\"@type\":\"ListItem\",\"position\":1,\"name\":\"Inicio\",\"item\":\"https:\\\/\\\/avplusbarber.com\\\/es\\\/\"},{\"@type\":\"ListItem\",\"position\":2,\"name\":\"Shop\",\"item\":\"https:\\\/\\\/avplusbarber.com\\\/shop-beard-care-products\\\/\"},{\"@type\":\"ListItem\",\"position\":3,\"name\":\"Rutina Piel Sana\"}]},{\"@type\":\"WebSite\",\"@id\":\"https:\\\/\\\/avplusbarber.com\\\/es\\\/#website\",\"url\":\"https:\\\/\\\/avplusbarber.com\\\/es\\\/\",\"name\":\"AV Plus Barber\",\"description\":\"\",\"publisher\":{\"@id\":\"https:\\\/\\\/avplusbarber.com\\\/es\\\/#organization\"},\"potentialAction\":[{\"@type\":\"SearchAction\",\"target\":{\"@type\":\"EntryPoint\",\"urlTemplate\":\"https:\\\/\\\/avplusbarber.com\\\/es\\\/?s={search_term_string}\"},\"query-input\":{\"@type\":\"PropertyValueSpecification\",\"valueRequired\":true,\"valueName\":\"search_term_string\"}}],\"inLanguage\":\"es\"},{\"@type\":\"Organization\",\"@id\":\"https:\\\/\\\/avplusbarber.com\\\/es\\\/#organization\",\"name\":\"AV Plus Barber\",\"url\":\"https:\\\/\\\/avplusbarber.com\\\/es\\\/\",\"logo\":{\"@type\":\"ImageObject\",\"inLanguage\":\"es\",\"@id\":\"https:\\\/\\\/avplusbarber.com\\\/es\\\/#\\\/schema\\\/logo\\\/image\\\/\",\"url\":\"https:\\\/\\\/avplusbarber.com\\\/wp-content\\\/uploads\\\/2020\\\/03\\\/avplus-black-logo-150.png\",\"contentUrl\":\"https:\\\/\\\/avplusbarber.com\\\/wp-content\\\/uploads\\\/2020\\\/03\\\/avplus-black-logo-150.png\",\"width\":150,\"height\":128,\"caption\":\"AV Plus Barber\"},\"image\":{\"@id\":\"https:\\\/\\\/avplusbarber.com\\\/es\\\/#\\\/schema\\\/logo\\\/image\\\/\"},\"sameAs\":[\"https:\\\/\\\/www.facebook.com\\\/Avplusbarber\\\/\",\"https:\\\/\\\/x.com\\\/avplus_barber\",\"https:\\\/\\\/www.instagram.com\\\/avplus_barber\\\/\",\"https:\\\/\\\/www.youtube.com\\\/channel\\\/UCP9tsNWesy8IPz-xc96mMNQ\"]}]}<\/script>\n<!-- \/ Yoast SEO plugin. -->","yoast_head_json":{"title":"Rutina Piel Sana - AV Plus Barber","robots":{"index":"index","follow":"follow","max-snippet":"max-snippet:-1","max-image-preview":"max-image-preview:large","max-video-preview":"max-video-preview:-1"},"canonical":"https:\/\/avplusbarber.com\/es\/shop\/piel-sana\/","og_locale":"es_ES","og_type":"article","og_title":"Rutina Piel Sana - AV Plus Barber","og_description":"Sigue nuestra rutina de piel sana para una piel, nutrida e hidratada.  Esta rutina es adecuada para todos los tipos de piel - m\u00e1s joven, m\u00e1s viejo, seco, aceitoso, propenso al acn\u00e9, o irritado.  Sigue esta rutina d\u00eda y noche y tu piel brillar\u00e1 de salud, se sentir\u00e1 m\u00e1s joven y el\u00e1stica, ser\u00e1 luminosa con menos arrugas, tendr\u00e1 menos imperfecciones, se nutrir\u00e1 e hidratar\u00e1 y las cicatrices se desvanecer\u00e1n.  Nuestra rutina de tres pasos (dos veces al d\u00eda) comienza con nuestro Gel Limpiador Facial para higienizar el rostro, seguido del Serum hecho con 98% de aloe vera org\u00e1nico de las Islas Canarias que nutre tu piel y la prepara para el tercero paso, la aplicaci\u00f3n de nuestro hidratante facial de aloe vera.  La Rutina incluye:  1 - Nuestro Gel Limpiador Facial formulado con 50% de Aloe Vera\u00a0 que limpia, hidrata y nutre tu piel. Es perfecto para la piel grasa, seca, irritada y zonas propensas al acn\u00e9. Tambi\u00e9n tiene propiedades antiinflamatorias y regeneradoras.  2 - Nuestro Serum de aloe vera 98% que es una base llena de antioxidantes rica en nutrientes para protegerte todo el d\u00eda de contaminantes e irritantes. Alivia y calma la piel irritada y es perfecta para usar como loci\u00f3n calmante en quemaduras solares.  3 - Nuestro hidratante de aloe vera con su textura no grasa que se absorbe f\u00e1cilmente y es rico en vitaminas A, B1, B2, B6, B12, C, E, as\u00ed como hierro, calcio, potasio, cobre, magnesio, oligoelementos y amino\u00e1cidos para nutrir y ayudar a combatir los contaminantes.  Notar\u00e1s resultados a medida que tu piel mejore d\u00eda a d\u00eda.  No graso, ambos productos se absorben f\u00e1cilmente y son ricos en vitaminas A, B1, B2, B6, B12, C, E, as\u00ed como hierro, calcio, potasio, cobre, magnesio, oligoelementos y amino\u00e1cidos.  Las propiedades antis\u00e9pticas, antif\u00fangicas y antimicrobianas del aloe vera calman la piel con acn\u00e9, enrojecimiento e irritaci\u00f3n. Tambi\u00e9n tiene propiedades antiinflamatorias y regeneradoras celulares que ayudan a revitalizar la piel seca y escamosa.  Despu\u00e9s de completar la rutina, tu piel se sentir\u00e1 hidratada con un toque seco.  Adecuado y beneficioso para todo tipo de piel. Todos los productos Av Plus Barber son hipoalerg\u00e9nicos y no comedog\u00e9nicos.  Todos los productos AV Plus Barber est\u00e1n elaborados con aloe vera org\u00e1nico certificado de las Islas Canarias, est\u00e1n libres de crueldad y probados dermatol\u00f3gicamente. Est\u00e1n libres de parabenos y toxinas.","og_url":"https:\/\/avplusbarber.com\/es\/shop\/piel-sana\/","og_site_name":"AV Plus Barber","article_publisher":"https:\/\/www.facebook.com\/Avplusbarber\/","article_modified_time":"2023-08-14T22:20:10+00:00","og_image":[{"width":2560,"height":1927,"url":"https:\/\/avplusbarber.com\/wp-content\/uploads\/2020\/10\/RurtinaPielSana-scaled.jpg","type":"image\/jpeg"}],"twitter_card":"summary_large_image","twitter_site":"@avplus_barber","schema":{"@context":"https:\/\/schema.org","@graph":[{"@type":"WebPage","@id":"https:\/\/avplusbarber.com\/es\/shop\/piel-sana\/","url":"https:\/\/avplusbarber.com\/es\/shop\/piel-sana\/","name":"Rutina Piel Sana - AV Plus Barber","isPartOf":{"@id":"https:\/\/avplusbarber.com\/es\/#website"},"primaryImageOfPage":{"@id":"https:\/\/avplusbarber.com\/es\/shop\/piel-sana\/#primaryimage"},"image":{"@id":"https:\/\/avplusbarber.com\/es\/shop\/piel-sana\/#primaryimage"},"thumbnailUrl":"https:\/\/avplusbarber.com\/wp-content\/uploads\/2020\/10\/RurtinaPielSana-scaled.jpg","datePublished":"2020-05-23T15:46:09+00:00","dateModified":"2023-08-14T22:20:10+00:00","breadcrumb":{"@id":"https:\/\/avplusbarber.com\/es\/shop\/piel-sana\/#breadcrumb"},"inLanguage":"es","potentialAction":[{"@type":"ReadAction","target":["https:\/\/avplusbarber.com\/es\/shop\/piel-sana\/"]}]},{"@type":"ImageObject","inLanguage":"es","@id":"https:\/\/avplusbarber.com\/es\/shop\/piel-sana\/#primaryimage","url":"https:\/\/avplusbarber.com\/wp-content\/uploads\/2020\/10\/RurtinaPielSana-scaled.jpg","contentUrl":"https:\/\/avplusbarber.com\/wp-content\/uploads\/2020\/10\/RurtinaPielSana-scaled.jpg","width":2560,"height":1927,"caption":"Healthy Skincare Routine"},{"@type":"BreadcrumbList","@id":"https:\/\/avplusbarber.com\/es\/shop\/piel-sana\/#breadcrumb","itemListElement":[{"@type":"ListItem","position":1,"name":"Inicio","item":"https:\/\/avplusbarber.com\/es\/"},{"@type":"ListItem","position":2,"name":"Shop","item":"https:\/\/avplusbarber.com\/shop-beard-care-products\/"},{"@type":"ListItem","position":3,"name":"Rutina Piel Sana"}]},{"@type":"WebSite","@id":"https:\/\/avplusbarber.com\/es\/#website","url":"https:\/\/avplusbarber.com\/es\/","name":"AV Plus Barber","description":"","publisher":{"@id":"https:\/\/avplusbarber.com\/es\/#organization"},"potentialAction":[{"@type":"SearchAction","target":{"@type":"EntryPoint","urlTemplate":"https:\/\/avplusbarber.com\/es\/?s={search_term_string}"},"query-input":{"@type":"PropertyValueSpecification","valueRequired":true,"valueName":"search_term_string"}}],"inLanguage":"es"},{"@type":"Organization","@id":"https:\/\/avplusbarber.com\/es\/#organization","name":"AV Plus Barber","url":"https:\/\/avplusbarber.com\/es\/","logo":{"@type":"ImageObject","inLanguage":"es","@id":"https:\/\/avplusbarber.com\/es\/#\/schema\/logo\/image\/","url":"https:\/\/avplusbarber.com\/wp-content\/uploads\/2020\/03\/avplus-black-logo-150.png","contentUrl":"https:\/\/avplusbarber.com\/wp-content\/uploads\/2020\/03\/avplus-black-logo-150.png","width":150,"height":128,"caption":"AV Plus Barber"},"image":{"@id":"https:\/\/avplusbarber.com\/es\/#\/schema\/logo\/image\/"},"sameAs":["https:\/\/www.facebook.com\/Avplusbarber\/","https:\/\/x.com\/avplus_barber","https:\/\/www.instagram.com\/avplus_barber\/","https:\/\/www.youtube.com\/channel\/UCP9tsNWesy8IPz-xc96mMNQ"]}]}},"jetpack_sharing_enabled":true,"_links":{"self":[{"href":"https:\/\/avplusbarber.com\/es\/wp-json\/wp\/v2\/product\/3128","targetHints":{"allow":["GET"]}}],"collection":[{"href":"https:\/\/avplusbarber.com\/es\/wp-json\/wp\/v2\/product"}],"about":[{"href":"https:\/\/avplusbarber.com\/es\/wp-json\/wp\/v2\/types\/product"}],"replies":[{"embeddable":true,"href":"https:\/\/avplusbarber.com\/es\/wp-json\/wp\/v2\/comments?post=3128"}],"wp:featuredmedia":[{"embeddable":true,"href":"https:\/\/avplusbarber.com\/es\/wp-json\/wp\/v2\/media\/4326"}],"wp:attachment":[{"href":"https:\/\/avplusbarber.com\/es\/wp-json\/wp\/v2\/media?parent=3128"}],"wp:term":[{"taxonomy":"product_cat","embeddable":true,"href":"https:\/\/avplusbarber.com\/es\/wp-json\/wp\/v2\/product_cat?post=3128"},{"taxonomy":"product_tag","embeddable":true,"href":"https:\/\/avplusbarber.com\/es\/wp-json\/wp\/v2\/product_tag?post=3128"}],"curies":[{"name":"wp","href":"https:\/\/api.w.org\/{rel}","templated":true}]}}