{"id":3134,"date":"2020-04-29T23:30:21","date_gmt":"2020-05-23T15:46:10","guid":{"rendered":"https:\/\/avplusbarber.com\/product\/aceite-de-barba-de-pachuli\/"},"modified":"2021-12-02T00:17:03","modified_gmt":"2021-12-02T00:17:03","slug":"pachuli-barba-aceite","status":"publish","type":"product","link":"https:\/\/avplusbarber.com\/es\/shop\/pachuli-barba-aceite\/","title":{"rendered":"Aceite de Barba Patchouli 15ml"},"content":{"rendered":"","protected":false},"excerpt":{"rendered":"<div class=\"woocommerce-product-details__short-description\">\n<p>Los aceites naturales de barba de AV Plus Barber son antiinflamatorios, antis\u00e9pticos y tambi\u00e9n tienen propiedades curativas contra la psoriasis y el eczema.<\/p>\n<p>Nuestros aceites para la barba tienen una base calmante y nutritiva de aceite de almendras, aceite de coco, vitamina E y aceite de \u00e1rbol de t\u00e9.<\/p>\n<p>El uso de nuestro aceite de barba har\u00e1 que su barba brille y saludable y su pelo y piel de barba se hidratar\u00e1 y fortificar\u00e1 con vitaminas y minerales.<\/p>\n<p>Nuestros aceites para la barba ayudan a reducir la caspa y mejorar la circulaci\u00f3n, promoviendo la salud de la piel y la barba y el crecimiento de la barba.<\/p>\n<p>Patchouli Beard Oil est\u00e1 perfumado con pachul\u00ed, un aroma terroso almizclado con un toque de dulzura.<\/p>\n<p>Adecuado y beneficioso para todo tipo de piel. Este producto es hipoalerg\u00e9nico y no comedog\u00e9nico.<\/p>\n<p>Todos los aceites de barba AV Plus Barber est\u00e1n libres de crueldad y son probados dermatol\u00f3gicamente. Est\u00e1n libres de parabenos y toxinas.<\/p>\n<\/div>\n","protected":false},"featured_media":2929,"comment_status":"open","ping_status":"closed","template":"","meta":{"_acf_changed":false,"cybocfi_hide_featured_image":""},"product_cat":[161],"product_tag":[],"class_list":{"0":"post-3134","1":"product","2":"type-product","3":"status-publish","4":"has-post-thumbnail","6":"product_cat-barba","8":"first","9":"instock","10":"taxable","11":"shipping-taxable","12":"purchasable","13":"product-type-simple","swatches":"rey-swatches","show_selected":""},"acf":[],"yoast_head":"<!-- This site is optimized with the Yoast SEO plugin v27.3 - https:\/\/yoast.com\/product\/yoast-seo-wordpress\/ -->\n<title>Aceite de Barba Patchouli 15ml - AV Plus Barber<\/title>\n<meta name=\"robots\" content=\"index, follow, max-snippet:-1, max-image-preview:large, max-video-preview:-1\" \/>\n<link rel=\"canonical\" href=\"https:\/\/avplusbarber.com\/es\/shop\/pachuli-barba-aceite\/\" \/>\n<meta property=\"og:locale\" content=\"es_ES\" \/>\n<meta property=\"og:type\" content=\"article\" \/>\n<meta property=\"og:title\" content=\"Aceite de Barba Patchouli 15ml - AV Plus Barber\" \/>\n<meta property=\"og:description\" content=\"Los aceites naturales de barba de AV Plus Barber son antiinflamatorios, antis\u00e9pticos y tambi\u00e9n tienen propiedades curativas contra la psoriasis y el eczema.  Nuestros aceites para la barba tienen una base calmante y nutritiva de aceite de almendras, aceite de coco, vitamina E y aceite de \u00e1rbol de t\u00e9.  El uso de nuestro aceite de barba har\u00e1 que su barba brille y saludable y su pelo y piel de barba se hidratar\u00e1 y fortificar\u00e1 con vitaminas y minerales.  Nuestros aceites para la barba ayudan a reducir la caspa y mejorar la circulaci\u00f3n, promoviendo la salud de la piel y la barba y el crecimiento de la barba.  Patchouli Beard Oil est\u00e1 perfumado con pachul\u00ed, un aroma terroso almizclado con un toque de dulzura.  Adecuado y beneficioso para todo tipo de piel. Este producto es hipoalerg\u00e9nico y no comedog\u00e9nico.  Todos los aceites de barba AV Plus Barber est\u00e1n libres de crueldad y son probados dermatol\u00f3gicamente. Est\u00e1n libres de parabenos y toxinas.\" \/>\n<meta property=\"og:url\" content=\"https:\/\/avplusbarber.com\/es\/shop\/pachuli-barba-aceite\/\" \/>\n<meta property=\"og:site_name\" content=\"AV Plus Barber\" \/>\n<meta property=\"article:publisher\" content=\"https:\/\/www.facebook.com\/Avplusbarber\/\" \/>\n<meta property=\"article:modified_time\" content=\"2021-12-02T00:17:03+00:00\" \/>\n<meta property=\"og:image\" content=\"https:\/\/avplusbarber.com\/wp-content\/uploads\/2020\/02\/Pack_Patxouli-7000.png\" \/>\n\t<meta property=\"og:image:width\" content=\"700\" \/>\n\t<meta property=\"og:image:height\" content=\"824\" \/>\n\t<meta property=\"og:image:type\" content=\"image\/png\" \/>\n<meta name=\"twitter:card\" content=\"summary_large_image\" \/>\n<meta name=\"twitter:site\" content=\"@avplus_barber\" \/>\n<script type=\"application\/ld+json\" class=\"yoast-schema-graph\">{\"@context\":\"https:\\\/\\\/schema.org\",\"@graph\":[{\"@type\":\"WebPage\",\"@id\":\"https:\\\/\\\/avplusbarber.com\\\/es\\\/shop\\\/pachuli-barba-aceite\\\/\",\"url\":\"https:\\\/\\\/avplusbarber.com\\\/es\\\/shop\\\/pachuli-barba-aceite\\\/\",\"name\":\"Aceite de Barba Patchouli 15ml - AV Plus Barber\",\"isPartOf\":{\"@id\":\"https:\\\/\\\/avplusbarber.com\\\/es\\\/#website\"},\"primaryImageOfPage\":{\"@id\":\"https:\\\/\\\/avplusbarber.com\\\/es\\\/shop\\\/pachuli-barba-aceite\\\/#primaryimage\"},\"image\":{\"@id\":\"https:\\\/\\\/avplusbarber.com\\\/es\\\/shop\\\/pachuli-barba-aceite\\\/#primaryimage\"},\"thumbnailUrl\":\"https:\\\/\\\/avplusbarber.com\\\/wp-content\\\/uploads\\\/2020\\\/02\\\/Pack_Patxouli-7000.png\",\"datePublished\":\"2020-05-23T15:46:10+00:00\",\"dateModified\":\"2021-12-02T00:17:03+00:00\",\"breadcrumb\":{\"@id\":\"https:\\\/\\\/avplusbarber.com\\\/es\\\/shop\\\/pachuli-barba-aceite\\\/#breadcrumb\"},\"inLanguage\":\"es\",\"potentialAction\":[{\"@type\":\"ReadAction\",\"target\":[\"https:\\\/\\\/avplusbarber.com\\\/es\\\/shop\\\/pachuli-barba-aceite\\\/\"]}]},{\"@type\":\"ImageObject\",\"inLanguage\":\"es\",\"@id\":\"https:\\\/\\\/avplusbarber.com\\\/es\\\/shop\\\/pachuli-barba-aceite\\\/#primaryimage\",\"url\":\"https:\\\/\\\/avplusbarber.com\\\/wp-content\\\/uploads\\\/2020\\\/02\\\/Pack_Patxouli-7000.png\",\"contentUrl\":\"https:\\\/\\\/avplusbarber.com\\\/wp-content\\\/uploads\\\/2020\\\/02\\\/Pack_Patxouli-7000.png\",\"width\":700,\"height\":824,\"caption\":\"Aceite de barba de pachul\u00ed\"},{\"@type\":\"BreadcrumbList\",\"@id\":\"https:\\\/\\\/avplusbarber.com\\\/es\\\/shop\\\/pachuli-barba-aceite\\\/#breadcrumb\",\"itemListElement\":[{\"@type\":\"ListItem\",\"position\":1,\"name\":\"Inicio\",\"item\":\"https:\\\/\\\/avplusbarber.com\\\/es\\\/\"},{\"@type\":\"ListItem\",\"position\":2,\"name\":\"Shop\",\"item\":\"https:\\\/\\\/avplusbarber.com\\\/shop-beard-care-products\\\/\"},{\"@type\":\"ListItem\",\"position\":3,\"name\":\"Aceite de Barba Patchouli 15ml\"}]},{\"@type\":\"WebSite\",\"@id\":\"https:\\\/\\\/avplusbarber.com\\\/es\\\/#website\",\"url\":\"https:\\\/\\\/avplusbarber.com\\\/es\\\/\",\"name\":\"AV Plus Barber\",\"description\":\"\",\"publisher\":{\"@id\":\"https:\\\/\\\/avplusbarber.com\\\/es\\\/#organization\"},\"potentialAction\":[{\"@type\":\"SearchAction\",\"target\":{\"@type\":\"EntryPoint\",\"urlTemplate\":\"https:\\\/\\\/avplusbarber.com\\\/es\\\/?s={search_term_string}\"},\"query-input\":{\"@type\":\"PropertyValueSpecification\",\"valueRequired\":true,\"valueName\":\"search_term_string\"}}],\"inLanguage\":\"es\"},{\"@type\":\"Organization\",\"@id\":\"https:\\\/\\\/avplusbarber.com\\\/es\\\/#organization\",\"name\":\"AV Plus Barber\",\"url\":\"https:\\\/\\\/avplusbarber.com\\\/es\\\/\",\"logo\":{\"@type\":\"ImageObject\",\"inLanguage\":\"es\",\"@id\":\"https:\\\/\\\/avplusbarber.com\\\/es\\\/#\\\/schema\\\/logo\\\/image\\\/\",\"url\":\"https:\\\/\\\/avplusbarber.com\\\/wp-content\\\/uploads\\\/2020\\\/03\\\/avplus-black-logo-150.png\",\"contentUrl\":\"https:\\\/\\\/avplusbarber.com\\\/wp-content\\\/uploads\\\/2020\\\/03\\\/avplus-black-logo-150.png\",\"width\":150,\"height\":128,\"caption\":\"AV Plus Barber\"},\"image\":{\"@id\":\"https:\\\/\\\/avplusbarber.com\\\/es\\\/#\\\/schema\\\/logo\\\/image\\\/\"},\"sameAs\":[\"https:\\\/\\\/www.facebook.com\\\/Avplusbarber\\\/\",\"https:\\\/\\\/x.com\\\/avplus_barber\",\"https:\\\/\\\/www.instagram.com\\\/avplus_barber\\\/\",\"https:\\\/\\\/www.youtube.com\\\/channel\\\/UCP9tsNWesy8IPz-xc96mMNQ\"]}]}<\/script>\n<!-- \/ Yoast SEO plugin. -->","yoast_head_json":{"title":"Aceite de Barba Patchouli 15ml - AV Plus Barber","robots":{"index":"index","follow":"follow","max-snippet":"max-snippet:-1","max-image-preview":"max-image-preview:large","max-video-preview":"max-video-preview:-1"},"canonical":"https:\/\/avplusbarber.com\/es\/shop\/pachuli-barba-aceite\/","og_locale":"es_ES","og_type":"article","og_title":"Aceite de Barba Patchouli 15ml - AV Plus Barber","og_description":"Los aceites naturales de barba de AV Plus Barber son antiinflamatorios, antis\u00e9pticos y tambi\u00e9n tienen propiedades curativas contra la psoriasis y el eczema.  Nuestros aceites para la barba tienen una base calmante y nutritiva de aceite de almendras, aceite de coco, vitamina E y aceite de \u00e1rbol de t\u00e9.  El uso de nuestro aceite de barba har\u00e1 que su barba brille y saludable y su pelo y piel de barba se hidratar\u00e1 y fortificar\u00e1 con vitaminas y minerales.  Nuestros aceites para la barba ayudan a reducir la caspa y mejorar la circulaci\u00f3n, promoviendo la salud de la piel y la barba y el crecimiento de la barba.  Patchouli Beard Oil est\u00e1 perfumado con pachul\u00ed, un aroma terroso almizclado con un toque de dulzura.  Adecuado y beneficioso para todo tipo de piel. Este producto es hipoalerg\u00e9nico y no comedog\u00e9nico.  Todos los aceites de barba AV Plus Barber est\u00e1n libres de crueldad y son probados dermatol\u00f3gicamente. Est\u00e1n libres de parabenos y toxinas.","og_url":"https:\/\/avplusbarber.com\/es\/shop\/pachuli-barba-aceite\/","og_site_name":"AV Plus Barber","article_publisher":"https:\/\/www.facebook.com\/Avplusbarber\/","article_modified_time":"2021-12-02T00:17:03+00:00","og_image":[{"width":700,"height":824,"url":"https:\/\/avplusbarber.com\/wp-content\/uploads\/2020\/02\/Pack_Patxouli-7000.png","type":"image\/png"}],"twitter_card":"summary_large_image","twitter_site":"@avplus_barber","schema":{"@context":"https:\/\/schema.org","@graph":[{"@type":"WebPage","@id":"https:\/\/avplusbarber.com\/es\/shop\/pachuli-barba-aceite\/","url":"https:\/\/avplusbarber.com\/es\/shop\/pachuli-barba-aceite\/","name":"Aceite de Barba Patchouli 15ml - AV Plus Barber","isPartOf":{"@id":"https:\/\/avplusbarber.com\/es\/#website"},"primaryImageOfPage":{"@id":"https:\/\/avplusbarber.com\/es\/shop\/pachuli-barba-aceite\/#primaryimage"},"image":{"@id":"https:\/\/avplusbarber.com\/es\/shop\/pachuli-barba-aceite\/#primaryimage"},"thumbnailUrl":"https:\/\/avplusbarber.com\/wp-content\/uploads\/2020\/02\/Pack_Patxouli-7000.png","datePublished":"2020-05-23T15:46:10+00:00","dateModified":"2021-12-02T00:17:03+00:00","breadcrumb":{"@id":"https:\/\/avplusbarber.com\/es\/shop\/pachuli-barba-aceite\/#breadcrumb"},"inLanguage":"es","potentialAction":[{"@type":"ReadAction","target":["https:\/\/avplusbarber.com\/es\/shop\/pachuli-barba-aceite\/"]}]},{"@type":"ImageObject","inLanguage":"es","@id":"https:\/\/avplusbarber.com\/es\/shop\/pachuli-barba-aceite\/#primaryimage","url":"https:\/\/avplusbarber.com\/wp-content\/uploads\/2020\/02\/Pack_Patxouli-7000.png","contentUrl":"https:\/\/avplusbarber.com\/wp-content\/uploads\/2020\/02\/Pack_Patxouli-7000.png","width":700,"height":824,"caption":"Aceite de barba de pachul\u00ed"},{"@type":"BreadcrumbList","@id":"https:\/\/avplusbarber.com\/es\/shop\/pachuli-barba-aceite\/#breadcrumb","itemListElement":[{"@type":"ListItem","position":1,"name":"Inicio","item":"https:\/\/avplusbarber.com\/es\/"},{"@type":"ListItem","position":2,"name":"Shop","item":"https:\/\/avplusbarber.com\/shop-beard-care-products\/"},{"@type":"ListItem","position":3,"name":"Aceite de Barba Patchouli 15ml"}]},{"@type":"WebSite","@id":"https:\/\/avplusbarber.com\/es\/#website","url":"https:\/\/avplusbarber.com\/es\/","name":"AV Plus Barber","description":"","publisher":{"@id":"https:\/\/avplusbarber.com\/es\/#organization"},"potentialAction":[{"@type":"SearchAction","target":{"@type":"EntryPoint","urlTemplate":"https:\/\/avplusbarber.com\/es\/?s={search_term_string}"},"query-input":{"@type":"PropertyValueSpecification","valueRequired":true,"valueName":"search_term_string"}}],"inLanguage":"es"},{"@type":"Organization","@id":"https:\/\/avplusbarber.com\/es\/#organization","name":"AV Plus Barber","url":"https:\/\/avplusbarber.com\/es\/","logo":{"@type":"ImageObject","inLanguage":"es","@id":"https:\/\/avplusbarber.com\/es\/#\/schema\/logo\/image\/","url":"https:\/\/avplusbarber.com\/wp-content\/uploads\/2020\/03\/avplus-black-logo-150.png","contentUrl":"https:\/\/avplusbarber.com\/wp-content\/uploads\/2020\/03\/avplus-black-logo-150.png","width":150,"height":128,"caption":"AV Plus Barber"},"image":{"@id":"https:\/\/avplusbarber.com\/es\/#\/schema\/logo\/image\/"},"sameAs":["https:\/\/www.facebook.com\/Avplusbarber\/","https:\/\/x.com\/avplus_barber","https:\/\/www.instagram.com\/avplus_barber\/","https:\/\/www.youtube.com\/channel\/UCP9tsNWesy8IPz-xc96mMNQ"]}]}},"jetpack_sharing_enabled":true,"_links":{"self":[{"href":"https:\/\/avplusbarber.com\/es\/wp-json\/wp\/v2\/product\/3134","targetHints":{"allow":["GET"]}}],"collection":[{"href":"https:\/\/avplusbarber.com\/es\/wp-json\/wp\/v2\/product"}],"about":[{"href":"https:\/\/avplusbarber.com\/es\/wp-json\/wp\/v2\/types\/product"}],"replies":[{"embeddable":true,"href":"https:\/\/avplusbarber.com\/es\/wp-json\/wp\/v2\/comments?post=3134"}],"wp:featuredmedia":[{"embeddable":true,"href":"https:\/\/avplusbarber.com\/es\/wp-json\/wp\/v2\/media\/2929"}],"wp:attachment":[{"href":"https:\/\/avplusbarber.com\/es\/wp-json\/wp\/v2\/media?parent=3134"}],"wp:term":[{"taxonomy":"product_cat","embeddable":true,"href":"https:\/\/avplusbarber.com\/es\/wp-json\/wp\/v2\/product_cat?post=3134"},{"taxonomy":"product_tag","embeddable":true,"href":"https:\/\/avplusbarber.com\/es\/wp-json\/wp\/v2\/product_tag?post=3134"}],"curies":[{"name":"wp","href":"https:\/\/api.w.org\/{rel}","templated":true}]}}