{"id":3141,"date":"2020-04-30T11:47:38","date_gmt":"2020-05-23T15:46:23","guid":{"rendered":"https:\/\/avplusbarber.com\/product\/champu-anticaspa-con-aloe-vera-200ml\/"},"modified":"2021-12-02T00:07:39","modified_gmt":"2021-12-02T00:07:39","slug":"champu-anticaspa","status":"publish","type":"product","link":"https:\/\/avplusbarber.com\/es\/shop\/champu-anticaspa\/","title":{"rendered":"Champ\u00fa Anticaspa con Aloe Vera 200ml"},"content":{"rendered":"","protected":false},"excerpt":{"rendered":"<p>Nuestro champ\u00fa AntiCaspa AV Plus Barber est\u00e1 hecho con 50% de aloe vera org\u00e1nico de las Islas Canarias.<\/p>\n<p>Formulado con componentes anticaspa m\u00e1s fuertes, este champ\u00fa todav\u00eda tiene las propiedades antis\u00e9pticas, antif\u00fangicas y antimicrobianas del aloe vera que ayudan a combatir la caspa mientras nutren y calman el cuero cabelludo y controlan la grasa. Elimina las molestias causadas por la piel escamosa y la picaz\u00f3n y fortalece el cabello en la ra\u00edz para ayudar a prevenir la ca\u00edda del cabello.<\/p>\n<p>Este champ\u00fa limpiar\u00e1 suavemente y a fondo su cabello, as\u00ed como calmar y nutrir su cuero cabelludo, fortaleciendo su cabello en la ra\u00edz para promover el crecimiento del cabello.<\/p>\n<p>Dermatol\u00f3gicamente probado y rico en vitaminas A, B1, B2, B6, B12, C, con este champ\u00fa el cabello se sentir\u00e1 m\u00e1s fuerte, m\u00e1s fresco y libre de caspa.<\/p>\n<p>Adecuado y beneficioso para todo tipo de cabello. Este producto es hipoalerg\u00e9nico y libre de silicona.<\/p>\n<p>Todos los productos AV Plus Barber est\u00e1n elaborados con aloe vera org\u00e1nico certificado de las Islas Canarias, est\u00e1n libres de crueldad y probados dermatol\u00f3gicamente. Est\u00e1n libres de parabenos y toxinas.<\/p>\n","protected":false},"featured_media":2942,"comment_status":"open","ping_status":"closed","template":"","meta":{"_acf_changed":false,"cybocfi_hide_featured_image":""},"product_cat":[157,159],"product_tag":[160],"class_list":{"0":"post-3141","1":"product","2":"type-product","3":"status-publish","4":"has-post-thumbnail","6":"product_cat-ducha","7":"product_cat-pelo","8":"product_tag-aloe-vera-es","10":"first","11":"instock","12":"taxable","13":"shipping-taxable","14":"purchasable","15":"product-type-simple","swatches":"rey-swatches","show_selected":""},"acf":[],"yoast_head":"<!-- This site is optimized with the Yoast SEO plugin v27.3 - https:\/\/yoast.com\/product\/yoast-seo-wordpress\/ -->\n<title>Champ\u00fa Anticaspa con Aloe Vera 200ml - AV Plus Barber<\/title>\n<meta name=\"robots\" content=\"index, follow, max-snippet:-1, max-image-preview:large, max-video-preview:-1\" \/>\n<link rel=\"canonical\" href=\"https:\/\/avplusbarber.com\/es\/shop\/champu-anticaspa\/\" \/>\n<meta property=\"og:locale\" content=\"es_ES\" \/>\n<meta property=\"og:type\" content=\"article\" \/>\n<meta property=\"og:title\" content=\"Champ\u00fa Anticaspa con Aloe Vera 200ml - AV Plus Barber\" \/>\n<meta property=\"og:description\" content=\"Nuestro champ\u00fa AntiCaspa AV Plus Barber est\u00e1 hecho con 50% de aloe vera org\u00e1nico de las Islas Canarias.  Formulado con componentes anticaspa m\u00e1s fuertes, este champ\u00fa todav\u00eda tiene las propiedades antis\u00e9pticas, antif\u00fangicas y antimicrobianas del aloe vera que ayudan a combatir la caspa mientras nutren y calman el cuero cabelludo y controlan la grasa. Elimina las molestias causadas por la piel escamosa y la picaz\u00f3n y fortalece el cabello en la ra\u00edz para ayudar a prevenir la ca\u00edda del cabello.  Este champ\u00fa limpiar\u00e1 suavemente y a fondo su cabello, as\u00ed como calmar y nutrir su cuero cabelludo, fortaleciendo su cabello en la ra\u00edz para promover el crecimiento del cabello.  Dermatol\u00f3gicamente probado y rico en vitaminas A, B1, B2, B6, B12, C, con este champ\u00fa el cabello se sentir\u00e1 m\u00e1s fuerte, m\u00e1s fresco y libre de caspa.  Adecuado y beneficioso para todo tipo de cabello. Este producto es hipoalerg\u00e9nico y libre de silicona.  Todos los productos AV Plus Barber est\u00e1n elaborados con aloe vera org\u00e1nico certificado de las Islas Canarias, est\u00e1n libres de crueldad y probados dermatol\u00f3gicamente. Est\u00e1n libres de parabenos y toxinas.\" \/>\n<meta property=\"og:url\" content=\"https:\/\/avplusbarber.com\/es\/shop\/champu-anticaspa\/\" \/>\n<meta property=\"og:site_name\" content=\"AV Plus Barber\" \/>\n<meta property=\"article:publisher\" content=\"https:\/\/www.facebook.com\/Avplusbarber\/\" \/>\n<meta property=\"article:modified_time\" content=\"2021-12-02T00:07:39+00:00\" \/>\n<meta property=\"og:image\" content=\"https:\/\/avplusbarber.com\/wp-content\/uploads\/2020\/02\/Champu_Anticaspa_200ML-700-1-1.png\" \/>\n\t<meta property=\"og:image:width\" content=\"700\" \/>\n\t<meta property=\"og:image:height\" content=\"824\" \/>\n\t<meta property=\"og:image:type\" content=\"image\/png\" \/>\n<meta name=\"twitter:card\" content=\"summary_large_image\" \/>\n<meta name=\"twitter:site\" content=\"@avplus_barber\" \/>\n<script type=\"application\/ld+json\" class=\"yoast-schema-graph\">{\"@context\":\"https:\\\/\\\/schema.org\",\"@graph\":[{\"@type\":\"WebPage\",\"@id\":\"https:\\\/\\\/avplusbarber.com\\\/es\\\/shop\\\/champu-anticaspa\\\/\",\"url\":\"https:\\\/\\\/avplusbarber.com\\\/es\\\/shop\\\/champu-anticaspa\\\/\",\"name\":\"Champ\u00fa Anticaspa con Aloe Vera 200ml - AV Plus Barber\",\"isPartOf\":{\"@id\":\"https:\\\/\\\/avplusbarber.com\\\/es\\\/#website\"},\"primaryImageOfPage\":{\"@id\":\"https:\\\/\\\/avplusbarber.com\\\/es\\\/shop\\\/champu-anticaspa\\\/#primaryimage\"},\"image\":{\"@id\":\"https:\\\/\\\/avplusbarber.com\\\/es\\\/shop\\\/champu-anticaspa\\\/#primaryimage\"},\"thumbnailUrl\":\"https:\\\/\\\/avplusbarber.com\\\/wp-content\\\/uploads\\\/2020\\\/02\\\/Champu_Anticaspa_200ML-700-1-1.png\",\"datePublished\":\"2020-05-23T15:46:23+00:00\",\"dateModified\":\"2021-12-02T00:07:39+00:00\",\"breadcrumb\":{\"@id\":\"https:\\\/\\\/avplusbarber.com\\\/es\\\/shop\\\/champu-anticaspa\\\/#breadcrumb\"},\"inLanguage\":\"es\",\"potentialAction\":[{\"@type\":\"ReadAction\",\"target\":[\"https:\\\/\\\/avplusbarber.com\\\/es\\\/shop\\\/champu-anticaspa\\\/\"]}]},{\"@type\":\"ImageObject\",\"inLanguage\":\"es\",\"@id\":\"https:\\\/\\\/avplusbarber.com\\\/es\\\/shop\\\/champu-anticaspa\\\/#primaryimage\",\"url\":\"https:\\\/\\\/avplusbarber.com\\\/wp-content\\\/uploads\\\/2020\\\/02\\\/Champu_Anticaspa_200ML-700-1-1.png\",\"contentUrl\":\"https:\\\/\\\/avplusbarber.com\\\/wp-content\\\/uploads\\\/2020\\\/02\\\/Champu_Anticaspa_200ML-700-1-1.png\",\"width\":700,\"height\":824,\"caption\":\"Champ\u00fa anticaspa\"},{\"@type\":\"BreadcrumbList\",\"@id\":\"https:\\\/\\\/avplusbarber.com\\\/es\\\/shop\\\/champu-anticaspa\\\/#breadcrumb\",\"itemListElement\":[{\"@type\":\"ListItem\",\"position\":1,\"name\":\"Inicio\",\"item\":\"https:\\\/\\\/avplusbarber.com\\\/es\\\/\"},{\"@type\":\"ListItem\",\"position\":2,\"name\":\"Shop\",\"item\":\"https:\\\/\\\/avplusbarber.com\\\/shop-beard-care-products\\\/\"},{\"@type\":\"ListItem\",\"position\":3,\"name\":\"Champ\u00fa Anticaspa con Aloe Vera 200ml\"}]},{\"@type\":\"WebSite\",\"@id\":\"https:\\\/\\\/avplusbarber.com\\\/es\\\/#website\",\"url\":\"https:\\\/\\\/avplusbarber.com\\\/es\\\/\",\"name\":\"AV Plus Barber\",\"description\":\"\",\"publisher\":{\"@id\":\"https:\\\/\\\/avplusbarber.com\\\/es\\\/#organization\"},\"potentialAction\":[{\"@type\":\"SearchAction\",\"target\":{\"@type\":\"EntryPoint\",\"urlTemplate\":\"https:\\\/\\\/avplusbarber.com\\\/es\\\/?s={search_term_string}\"},\"query-input\":{\"@type\":\"PropertyValueSpecification\",\"valueRequired\":true,\"valueName\":\"search_term_string\"}}],\"inLanguage\":\"es\"},{\"@type\":\"Organization\",\"@id\":\"https:\\\/\\\/avplusbarber.com\\\/es\\\/#organization\",\"name\":\"AV Plus Barber\",\"url\":\"https:\\\/\\\/avplusbarber.com\\\/es\\\/\",\"logo\":{\"@type\":\"ImageObject\",\"inLanguage\":\"es\",\"@id\":\"https:\\\/\\\/avplusbarber.com\\\/es\\\/#\\\/schema\\\/logo\\\/image\\\/\",\"url\":\"https:\\\/\\\/avplusbarber.com\\\/wp-content\\\/uploads\\\/2020\\\/03\\\/avplus-black-logo-150.png\",\"contentUrl\":\"https:\\\/\\\/avplusbarber.com\\\/wp-content\\\/uploads\\\/2020\\\/03\\\/avplus-black-logo-150.png\",\"width\":150,\"height\":128,\"caption\":\"AV Plus Barber\"},\"image\":{\"@id\":\"https:\\\/\\\/avplusbarber.com\\\/es\\\/#\\\/schema\\\/logo\\\/image\\\/\"},\"sameAs\":[\"https:\\\/\\\/www.facebook.com\\\/Avplusbarber\\\/\",\"https:\\\/\\\/x.com\\\/avplus_barber\",\"https:\\\/\\\/www.instagram.com\\\/avplus_barber\\\/\",\"https:\\\/\\\/www.youtube.com\\\/channel\\\/UCP9tsNWesy8IPz-xc96mMNQ\"]}]}<\/script>\n<!-- \/ Yoast SEO plugin. -->","yoast_head_json":{"title":"Champ\u00fa Anticaspa con Aloe Vera 200ml - AV Plus Barber","robots":{"index":"index","follow":"follow","max-snippet":"max-snippet:-1","max-image-preview":"max-image-preview:large","max-video-preview":"max-video-preview:-1"},"canonical":"https:\/\/avplusbarber.com\/es\/shop\/champu-anticaspa\/","og_locale":"es_ES","og_type":"article","og_title":"Champ\u00fa Anticaspa con Aloe Vera 200ml - AV Plus Barber","og_description":"Nuestro champ\u00fa AntiCaspa AV Plus Barber est\u00e1 hecho con 50% de aloe vera org\u00e1nico de las Islas Canarias.  Formulado con componentes anticaspa m\u00e1s fuertes, este champ\u00fa todav\u00eda tiene las propiedades antis\u00e9pticas, antif\u00fangicas y antimicrobianas del aloe vera que ayudan a combatir la caspa mientras nutren y calman el cuero cabelludo y controlan la grasa. Elimina las molestias causadas por la piel escamosa y la picaz\u00f3n y fortalece el cabello en la ra\u00edz para ayudar a prevenir la ca\u00edda del cabello.  Este champ\u00fa limpiar\u00e1 suavemente y a fondo su cabello, as\u00ed como calmar y nutrir su cuero cabelludo, fortaleciendo su cabello en la ra\u00edz para promover el crecimiento del cabello.  Dermatol\u00f3gicamente probado y rico en vitaminas A, B1, B2, B6, B12, C, con este champ\u00fa el cabello se sentir\u00e1 m\u00e1s fuerte, m\u00e1s fresco y libre de caspa.  Adecuado y beneficioso para todo tipo de cabello. Este producto es hipoalerg\u00e9nico y libre de silicona.  Todos los productos AV Plus Barber est\u00e1n elaborados con aloe vera org\u00e1nico certificado de las Islas Canarias, est\u00e1n libres de crueldad y probados dermatol\u00f3gicamente. Est\u00e1n libres de parabenos y toxinas.","og_url":"https:\/\/avplusbarber.com\/es\/shop\/champu-anticaspa\/","og_site_name":"AV Plus Barber","article_publisher":"https:\/\/www.facebook.com\/Avplusbarber\/","article_modified_time":"2021-12-02T00:07:39+00:00","og_image":[{"width":700,"height":824,"url":"https:\/\/avplusbarber.com\/wp-content\/uploads\/2020\/02\/Champu_Anticaspa_200ML-700-1-1.png","type":"image\/png"}],"twitter_card":"summary_large_image","twitter_site":"@avplus_barber","schema":{"@context":"https:\/\/schema.org","@graph":[{"@type":"WebPage","@id":"https:\/\/avplusbarber.com\/es\/shop\/champu-anticaspa\/","url":"https:\/\/avplusbarber.com\/es\/shop\/champu-anticaspa\/","name":"Champ\u00fa Anticaspa con Aloe Vera 200ml - AV Plus Barber","isPartOf":{"@id":"https:\/\/avplusbarber.com\/es\/#website"},"primaryImageOfPage":{"@id":"https:\/\/avplusbarber.com\/es\/shop\/champu-anticaspa\/#primaryimage"},"image":{"@id":"https:\/\/avplusbarber.com\/es\/shop\/champu-anticaspa\/#primaryimage"},"thumbnailUrl":"https:\/\/avplusbarber.com\/wp-content\/uploads\/2020\/02\/Champu_Anticaspa_200ML-700-1-1.png","datePublished":"2020-05-23T15:46:23+00:00","dateModified":"2021-12-02T00:07:39+00:00","breadcrumb":{"@id":"https:\/\/avplusbarber.com\/es\/shop\/champu-anticaspa\/#breadcrumb"},"inLanguage":"es","potentialAction":[{"@type":"ReadAction","target":["https:\/\/avplusbarber.com\/es\/shop\/champu-anticaspa\/"]}]},{"@type":"ImageObject","inLanguage":"es","@id":"https:\/\/avplusbarber.com\/es\/shop\/champu-anticaspa\/#primaryimage","url":"https:\/\/avplusbarber.com\/wp-content\/uploads\/2020\/02\/Champu_Anticaspa_200ML-700-1-1.png","contentUrl":"https:\/\/avplusbarber.com\/wp-content\/uploads\/2020\/02\/Champu_Anticaspa_200ML-700-1-1.png","width":700,"height":824,"caption":"Champ\u00fa anticaspa"},{"@type":"BreadcrumbList","@id":"https:\/\/avplusbarber.com\/es\/shop\/champu-anticaspa\/#breadcrumb","itemListElement":[{"@type":"ListItem","position":1,"name":"Inicio","item":"https:\/\/avplusbarber.com\/es\/"},{"@type":"ListItem","position":2,"name":"Shop","item":"https:\/\/avplusbarber.com\/shop-beard-care-products\/"},{"@type":"ListItem","position":3,"name":"Champ\u00fa Anticaspa con Aloe Vera 200ml"}]},{"@type":"WebSite","@id":"https:\/\/avplusbarber.com\/es\/#website","url":"https:\/\/avplusbarber.com\/es\/","name":"AV Plus Barber","description":"","publisher":{"@id":"https:\/\/avplusbarber.com\/es\/#organization"},"potentialAction":[{"@type":"SearchAction","target":{"@type":"EntryPoint","urlTemplate":"https:\/\/avplusbarber.com\/es\/?s={search_term_string}"},"query-input":{"@type":"PropertyValueSpecification","valueRequired":true,"valueName":"search_term_string"}}],"inLanguage":"es"},{"@type":"Organization","@id":"https:\/\/avplusbarber.com\/es\/#organization","name":"AV Plus Barber","url":"https:\/\/avplusbarber.com\/es\/","logo":{"@type":"ImageObject","inLanguage":"es","@id":"https:\/\/avplusbarber.com\/es\/#\/schema\/logo\/image\/","url":"https:\/\/avplusbarber.com\/wp-content\/uploads\/2020\/03\/avplus-black-logo-150.png","contentUrl":"https:\/\/avplusbarber.com\/wp-content\/uploads\/2020\/03\/avplus-black-logo-150.png","width":150,"height":128,"caption":"AV Plus Barber"},"image":{"@id":"https:\/\/avplusbarber.com\/es\/#\/schema\/logo\/image\/"},"sameAs":["https:\/\/www.facebook.com\/Avplusbarber\/","https:\/\/x.com\/avplus_barber","https:\/\/www.instagram.com\/avplus_barber\/","https:\/\/www.youtube.com\/channel\/UCP9tsNWesy8IPz-xc96mMNQ"]}]}},"jetpack_sharing_enabled":true,"_links":{"self":[{"href":"https:\/\/avplusbarber.com\/es\/wp-json\/wp\/v2\/product\/3141","targetHints":{"allow":["GET"]}}],"collection":[{"href":"https:\/\/avplusbarber.com\/es\/wp-json\/wp\/v2\/product"}],"about":[{"href":"https:\/\/avplusbarber.com\/es\/wp-json\/wp\/v2\/types\/product"}],"replies":[{"embeddable":true,"href":"https:\/\/avplusbarber.com\/es\/wp-json\/wp\/v2\/comments?post=3141"}],"wp:featuredmedia":[{"embeddable":true,"href":"https:\/\/avplusbarber.com\/es\/wp-json\/wp\/v2\/media\/2942"}],"wp:attachment":[{"href":"https:\/\/avplusbarber.com\/es\/wp-json\/wp\/v2\/media?parent=3141"}],"wp:term":[{"taxonomy":"product_cat","embeddable":true,"href":"https:\/\/avplusbarber.com\/es\/wp-json\/wp\/v2\/product_cat?post=3141"},{"taxonomy":"product_tag","embeddable":true,"href":"https:\/\/avplusbarber.com\/es\/wp-json\/wp\/v2\/product_tag?post=3141"}],"curies":[{"name":"wp","href":"https:\/\/api.w.org\/{rel}","templated":true}]}}