{"id":3143,"date":"2020-04-30T12:29:34","date_gmt":"2020-05-23T15:46:24","guid":{"rendered":"https:\/\/avplusbarber.com\/product\/champu-aloe-vera-beard-200ml\/"},"modified":"2023-08-14T22:20:12","modified_gmt":"2023-08-14T22:20:12","slug":"aloe-vera-beard-shampoo-200ml","status":"publish","type":"product","link":"https:\/\/avplusbarber.com\/es\/shop\/aloe-vera-beard-shampoo-200ml\/","title":{"rendered":"Champ\u00fa Aloe Vera Beard 200ml"},"content":{"rendered":"","protected":false},"excerpt":{"rendered":"<p>Especialmente formulado para limpiar y nutrir tu barba y tu piel, este champ\u00fa de 50% de aloe vera org\u00e1nico de las Islas Canarias est\u00e1 creado para el uso diario para apoyar una brillante, limpia y saludable barba con una piel limpia, nutrida y saludable.<\/p>\n<p>El champ\u00fa tiene una base de aloe vera, y est\u00e1 formulado con Baicapil\u2122, una combinaci\u00f3n de bot\u00e1nicos que reduce la p\u00e9rdida de cabello, aumenta la densidad del cabello, y estimula el crecimiento del cabello. Tambi\u00e9n contiene aceite de bergamota y eucalipto para estimular el crecimiento del cabello y la combinaci\u00f3n de aceites proporciona un aroma limpio y masculino que te har\u00e1 sentir refrescado.<\/p>\n<p>Las propiedades antis\u00e9pticas, antif\u00fangicas y antimicrobianas del aloe vera y las propiedades antiinflamatorias y regeneradoras celulares ayudan con la piel seca, escamosa e irritada.<\/p>\n<p>Adem\u00e1s de la limpieza, es rico en vitaminas A, B1, B2, B6, B12, C, E, as\u00ed como hierro, calcio, potasio, cobre, magnesio, oligoelementos y amino\u00e1cidos para nutrir la barba y la piel.<\/p>\n<p>Adecuado y beneficioso para todo tipo de piel y cabello. Este producto es hipoalerg\u00e9nico y libre de silicona.<\/p>\n<p>Todos los productos AV Plus Barber est\u00e1n elaborados con aloe vera org\u00e1nico certificado de las Islas Canarias, est\u00e1n libres de crueldad y probados dermatol\u00f3gicamente. No son t\u00f3xicos, libres de parabenos y libres de silicio.<\/p>\n","protected":false},"featured_media":2968,"comment_status":"open","ping_status":"closed","template":"","meta":{"_acf_changed":false,"cybocfi_hide_featured_image":""},"product_cat":[161,162],"product_tag":[160],"class_list":{"0":"post-3143","1":"product","2":"type-product","3":"status-publish","4":"has-post-thumbnail","6":"product_cat-barba","7":"product_cat-piel","8":"product_tag-aloe-vera-es","10":"first","11":"instock","12":"taxable","13":"shipping-taxable","14":"purchasable","15":"product-type-simple","swatches":"rey-swatches","show_selected":""},"acf":[],"yoast_head":"<!-- This site is optimized with the Yoast SEO plugin v27.3 - https:\/\/yoast.com\/product\/yoast-seo-wordpress\/ -->\n<title>Champ\u00fa Aloe Vera Beard 200ml - AV Plus Barber<\/title>\n<meta name=\"robots\" content=\"index, follow, max-snippet:-1, max-image-preview:large, max-video-preview:-1\" \/>\n<link rel=\"canonical\" href=\"https:\/\/avplusbarber.com\/es\/shop\/aloe-vera-beard-shampoo-200ml\/\" \/>\n<meta property=\"og:locale\" content=\"es_ES\" \/>\n<meta property=\"og:type\" content=\"article\" \/>\n<meta property=\"og:title\" content=\"Champ\u00fa Aloe Vera Beard 200ml - AV Plus Barber\" \/>\n<meta property=\"og:description\" content=\"Especialmente formulado para limpiar y nutrir tu barba y tu piel, este champ\u00fa de 50% de aloe vera org\u00e1nico de las Islas Canarias est\u00e1 creado para el uso diario para apoyar una brillante, limpia y saludable barba con una piel limpia, nutrida y saludable.  El champ\u00fa tiene una base de aloe vera, y est\u00e1 formulado con Baicapil\u2122, una combinaci\u00f3n de bot\u00e1nicos que reduce la p\u00e9rdida de cabello, aumenta la densidad del cabello, y estimula el crecimiento del cabello. Tambi\u00e9n contiene aceite de bergamota y eucalipto para estimular el crecimiento del cabello y la combinaci\u00f3n de aceites proporciona un aroma limpio y masculino que te har\u00e1 sentir refrescado.  Las propiedades antis\u00e9pticas, antif\u00fangicas y antimicrobianas del aloe vera y las propiedades antiinflamatorias y regeneradoras celulares ayudan con la piel seca, escamosa e irritada.  Adem\u00e1s de la limpieza, es rico en vitaminas A, B1, B2, B6, B12, C, E, as\u00ed como hierro, calcio, potasio, cobre, magnesio, oligoelementos y amino\u00e1cidos para nutrir la barba y la piel.  Adecuado y beneficioso para todo tipo de piel y cabello. Este producto es hipoalerg\u00e9nico y libre de silicona.  Todos los productos AV Plus Barber est\u00e1n elaborados con aloe vera org\u00e1nico certificado de las Islas Canarias, est\u00e1n libres de crueldad y probados dermatol\u00f3gicamente. No son t\u00f3xicos, libres de parabenos y libres de silicio.\" \/>\n<meta property=\"og:url\" content=\"https:\/\/avplusbarber.com\/es\/shop\/aloe-vera-beard-shampoo-200ml\/\" \/>\n<meta property=\"og:site_name\" content=\"AV Plus Barber\" \/>\n<meta property=\"article:publisher\" content=\"https:\/\/www.facebook.com\/Avplusbarber\/\" \/>\n<meta property=\"article:modified_time\" content=\"2023-08-14T22:20:12+00:00\" \/>\n<meta property=\"og:image\" content=\"https:\/\/avplusbarber.com\/wp-content\/uploads\/2020\/04\/ShampoBarba.jpg\" \/>\n\t<meta property=\"og:image:width\" content=\"778\" \/>\n\t<meta property=\"og:image:height\" content=\"926\" \/>\n\t<meta property=\"og:image:type\" content=\"image\/jpeg\" \/>\n<meta name=\"twitter:card\" content=\"summary_large_image\" \/>\n<meta name=\"twitter:site\" content=\"@avplus_barber\" \/>\n<script type=\"application\/ld+json\" class=\"yoast-schema-graph\">{\"@context\":\"https:\\\/\\\/schema.org\",\"@graph\":[{\"@type\":\"WebPage\",\"@id\":\"https:\\\/\\\/avplusbarber.com\\\/es\\\/shop\\\/aloe-vera-beard-shampoo-200ml\\\/\",\"url\":\"https:\\\/\\\/avplusbarber.com\\\/es\\\/shop\\\/aloe-vera-beard-shampoo-200ml\\\/\",\"name\":\"Champ\u00fa Aloe Vera Beard 200ml - AV Plus Barber\",\"isPartOf\":{\"@id\":\"https:\\\/\\\/avplusbarber.com\\\/es\\\/#website\"},\"primaryImageOfPage\":{\"@id\":\"https:\\\/\\\/avplusbarber.com\\\/es\\\/shop\\\/aloe-vera-beard-shampoo-200ml\\\/#primaryimage\"},\"image\":{\"@id\":\"https:\\\/\\\/avplusbarber.com\\\/es\\\/shop\\\/aloe-vera-beard-shampoo-200ml\\\/#primaryimage\"},\"thumbnailUrl\":\"https:\\\/\\\/avplusbarber.com\\\/wp-content\\\/uploads\\\/2020\\\/04\\\/ShampoBarba.jpg\",\"datePublished\":\"2020-05-23T15:46:24+00:00\",\"dateModified\":\"2023-08-14T22:20:12+00:00\",\"breadcrumb\":{\"@id\":\"https:\\\/\\\/avplusbarber.com\\\/es\\\/shop\\\/aloe-vera-beard-shampoo-200ml\\\/#breadcrumb\"},\"inLanguage\":\"es\",\"potentialAction\":[{\"@type\":\"ReadAction\",\"target\":[\"https:\\\/\\\/avplusbarber.com\\\/es\\\/shop\\\/aloe-vera-beard-shampoo-200ml\\\/\"]}]},{\"@type\":\"ImageObject\",\"inLanguage\":\"es\",\"@id\":\"https:\\\/\\\/avplusbarber.com\\\/es\\\/shop\\\/aloe-vera-beard-shampoo-200ml\\\/#primaryimage\",\"url\":\"https:\\\/\\\/avplusbarber.com\\\/wp-content\\\/uploads\\\/2020\\\/04\\\/ShampoBarba.jpg\",\"contentUrl\":\"https:\\\/\\\/avplusbarber.com\\\/wp-content\\\/uploads\\\/2020\\\/04\\\/ShampoBarba.jpg\",\"width\":778,\"height\":926,\"caption\":\"U2hhbXBvbyBGb3IgQmVhcmQ=\"},{\"@type\":\"BreadcrumbList\",\"@id\":\"https:\\\/\\\/avplusbarber.com\\\/es\\\/shop\\\/aloe-vera-beard-shampoo-200ml\\\/#breadcrumb\",\"itemListElement\":[{\"@type\":\"ListItem\",\"position\":1,\"name\":\"Inicio\",\"item\":\"https:\\\/\\\/avplusbarber.com\\\/es\\\/\"},{\"@type\":\"ListItem\",\"position\":2,\"name\":\"Shop\",\"item\":\"https:\\\/\\\/avplusbarber.com\\\/shop-beard-care-products\\\/\"},{\"@type\":\"ListItem\",\"position\":3,\"name\":\"Champ\u00fa Aloe Vera Beard 200ml\"}]},{\"@type\":\"WebSite\",\"@id\":\"https:\\\/\\\/avplusbarber.com\\\/es\\\/#website\",\"url\":\"https:\\\/\\\/avplusbarber.com\\\/es\\\/\",\"name\":\"AV Plus Barber\",\"description\":\"\",\"publisher\":{\"@id\":\"https:\\\/\\\/avplusbarber.com\\\/es\\\/#organization\"},\"potentialAction\":[{\"@type\":\"SearchAction\",\"target\":{\"@type\":\"EntryPoint\",\"urlTemplate\":\"https:\\\/\\\/avplusbarber.com\\\/es\\\/?s={search_term_string}\"},\"query-input\":{\"@type\":\"PropertyValueSpecification\",\"valueRequired\":true,\"valueName\":\"search_term_string\"}}],\"inLanguage\":\"es\"},{\"@type\":\"Organization\",\"@id\":\"https:\\\/\\\/avplusbarber.com\\\/es\\\/#organization\",\"name\":\"AV Plus Barber\",\"url\":\"https:\\\/\\\/avplusbarber.com\\\/es\\\/\",\"logo\":{\"@type\":\"ImageObject\",\"inLanguage\":\"es\",\"@id\":\"https:\\\/\\\/avplusbarber.com\\\/es\\\/#\\\/schema\\\/logo\\\/image\\\/\",\"url\":\"https:\\\/\\\/avplusbarber.com\\\/wp-content\\\/uploads\\\/2020\\\/03\\\/avplus-black-logo-150.png\",\"contentUrl\":\"https:\\\/\\\/avplusbarber.com\\\/wp-content\\\/uploads\\\/2020\\\/03\\\/avplus-black-logo-150.png\",\"width\":150,\"height\":128,\"caption\":\"AV Plus Barber\"},\"image\":{\"@id\":\"https:\\\/\\\/avplusbarber.com\\\/es\\\/#\\\/schema\\\/logo\\\/image\\\/\"},\"sameAs\":[\"https:\\\/\\\/www.facebook.com\\\/Avplusbarber\\\/\",\"https:\\\/\\\/x.com\\\/avplus_barber\",\"https:\\\/\\\/www.instagram.com\\\/avplus_barber\\\/\",\"https:\\\/\\\/www.youtube.com\\\/channel\\\/UCP9tsNWesy8IPz-xc96mMNQ\"]}]}<\/script>\n<!-- \/ Yoast SEO plugin. -->","yoast_head_json":{"title":"Champ\u00fa Aloe Vera Beard 200ml - AV Plus Barber","robots":{"index":"index","follow":"follow","max-snippet":"max-snippet:-1","max-image-preview":"max-image-preview:large","max-video-preview":"max-video-preview:-1"},"canonical":"https:\/\/avplusbarber.com\/es\/shop\/aloe-vera-beard-shampoo-200ml\/","og_locale":"es_ES","og_type":"article","og_title":"Champ\u00fa Aloe Vera Beard 200ml - AV Plus Barber","og_description":"Especialmente formulado para limpiar y nutrir tu barba y tu piel, este champ\u00fa de 50% de aloe vera org\u00e1nico de las Islas Canarias est\u00e1 creado para el uso diario para apoyar una brillante, limpia y saludable barba con una piel limpia, nutrida y saludable.  El champ\u00fa tiene una base de aloe vera, y est\u00e1 formulado con Baicapil\u2122, una combinaci\u00f3n de bot\u00e1nicos que reduce la p\u00e9rdida de cabello, aumenta la densidad del cabello, y estimula el crecimiento del cabello. Tambi\u00e9n contiene aceite de bergamota y eucalipto para estimular el crecimiento del cabello y la combinaci\u00f3n de aceites proporciona un aroma limpio y masculino que te har\u00e1 sentir refrescado.  Las propiedades antis\u00e9pticas, antif\u00fangicas y antimicrobianas del aloe vera y las propiedades antiinflamatorias y regeneradoras celulares ayudan con la piel seca, escamosa e irritada.  Adem\u00e1s de la limpieza, es rico en vitaminas A, B1, B2, B6, B12, C, E, as\u00ed como hierro, calcio, potasio, cobre, magnesio, oligoelementos y amino\u00e1cidos para nutrir la barba y la piel.  Adecuado y beneficioso para todo tipo de piel y cabello. Este producto es hipoalerg\u00e9nico y libre de silicona.  Todos los productos AV Plus Barber est\u00e1n elaborados con aloe vera org\u00e1nico certificado de las Islas Canarias, est\u00e1n libres de crueldad y probados dermatol\u00f3gicamente. No son t\u00f3xicos, libres de parabenos y libres de silicio.","og_url":"https:\/\/avplusbarber.com\/es\/shop\/aloe-vera-beard-shampoo-200ml\/","og_site_name":"AV Plus Barber","article_publisher":"https:\/\/www.facebook.com\/Avplusbarber\/","article_modified_time":"2023-08-14T22:20:12+00:00","og_image":[{"width":778,"height":926,"url":"https:\/\/avplusbarber.com\/wp-content\/uploads\/2020\/04\/ShampoBarba.jpg","type":"image\/jpeg"}],"twitter_card":"summary_large_image","twitter_site":"@avplus_barber","schema":{"@context":"https:\/\/schema.org","@graph":[{"@type":"WebPage","@id":"https:\/\/avplusbarber.com\/es\/shop\/aloe-vera-beard-shampoo-200ml\/","url":"https:\/\/avplusbarber.com\/es\/shop\/aloe-vera-beard-shampoo-200ml\/","name":"Champ\u00fa Aloe Vera Beard 200ml - AV Plus Barber","isPartOf":{"@id":"https:\/\/avplusbarber.com\/es\/#website"},"primaryImageOfPage":{"@id":"https:\/\/avplusbarber.com\/es\/shop\/aloe-vera-beard-shampoo-200ml\/#primaryimage"},"image":{"@id":"https:\/\/avplusbarber.com\/es\/shop\/aloe-vera-beard-shampoo-200ml\/#primaryimage"},"thumbnailUrl":"https:\/\/avplusbarber.com\/wp-content\/uploads\/2020\/04\/ShampoBarba.jpg","datePublished":"2020-05-23T15:46:24+00:00","dateModified":"2023-08-14T22:20:12+00:00","breadcrumb":{"@id":"https:\/\/avplusbarber.com\/es\/shop\/aloe-vera-beard-shampoo-200ml\/#breadcrumb"},"inLanguage":"es","potentialAction":[{"@type":"ReadAction","target":["https:\/\/avplusbarber.com\/es\/shop\/aloe-vera-beard-shampoo-200ml\/"]}]},{"@type":"ImageObject","inLanguage":"es","@id":"https:\/\/avplusbarber.com\/es\/shop\/aloe-vera-beard-shampoo-200ml\/#primaryimage","url":"https:\/\/avplusbarber.com\/wp-content\/uploads\/2020\/04\/ShampoBarba.jpg","contentUrl":"https:\/\/avplusbarber.com\/wp-content\/uploads\/2020\/04\/ShampoBarba.jpg","width":778,"height":926,"caption":"U2hhbXBvbyBGb3IgQmVhcmQ="},{"@type":"BreadcrumbList","@id":"https:\/\/avplusbarber.com\/es\/shop\/aloe-vera-beard-shampoo-200ml\/#breadcrumb","itemListElement":[{"@type":"ListItem","position":1,"name":"Inicio","item":"https:\/\/avplusbarber.com\/es\/"},{"@type":"ListItem","position":2,"name":"Shop","item":"https:\/\/avplusbarber.com\/shop-beard-care-products\/"},{"@type":"ListItem","position":3,"name":"Champ\u00fa Aloe Vera Beard 200ml"}]},{"@type":"WebSite","@id":"https:\/\/avplusbarber.com\/es\/#website","url":"https:\/\/avplusbarber.com\/es\/","name":"AV Plus Barber","description":"","publisher":{"@id":"https:\/\/avplusbarber.com\/es\/#organization"},"potentialAction":[{"@type":"SearchAction","target":{"@type":"EntryPoint","urlTemplate":"https:\/\/avplusbarber.com\/es\/?s={search_term_string}"},"query-input":{"@type":"PropertyValueSpecification","valueRequired":true,"valueName":"search_term_string"}}],"inLanguage":"es"},{"@type":"Organization","@id":"https:\/\/avplusbarber.com\/es\/#organization","name":"AV Plus Barber","url":"https:\/\/avplusbarber.com\/es\/","logo":{"@type":"ImageObject","inLanguage":"es","@id":"https:\/\/avplusbarber.com\/es\/#\/schema\/logo\/image\/","url":"https:\/\/avplusbarber.com\/wp-content\/uploads\/2020\/03\/avplus-black-logo-150.png","contentUrl":"https:\/\/avplusbarber.com\/wp-content\/uploads\/2020\/03\/avplus-black-logo-150.png","width":150,"height":128,"caption":"AV Plus Barber"},"image":{"@id":"https:\/\/avplusbarber.com\/es\/#\/schema\/logo\/image\/"},"sameAs":["https:\/\/www.facebook.com\/Avplusbarber\/","https:\/\/x.com\/avplus_barber","https:\/\/www.instagram.com\/avplus_barber\/","https:\/\/www.youtube.com\/channel\/UCP9tsNWesy8IPz-xc96mMNQ"]}]}},"jetpack_sharing_enabled":true,"_links":{"self":[{"href":"https:\/\/avplusbarber.com\/es\/wp-json\/wp\/v2\/product\/3143","targetHints":{"allow":["GET"]}}],"collection":[{"href":"https:\/\/avplusbarber.com\/es\/wp-json\/wp\/v2\/product"}],"about":[{"href":"https:\/\/avplusbarber.com\/es\/wp-json\/wp\/v2\/types\/product"}],"replies":[{"embeddable":true,"href":"https:\/\/avplusbarber.com\/es\/wp-json\/wp\/v2\/comments?post=3143"}],"wp:featuredmedia":[{"embeddable":true,"href":"https:\/\/avplusbarber.com\/es\/wp-json\/wp\/v2\/media\/2968"}],"wp:attachment":[{"href":"https:\/\/avplusbarber.com\/es\/wp-json\/wp\/v2\/media?parent=3143"}],"wp:term":[{"taxonomy":"product_cat","embeddable":true,"href":"https:\/\/avplusbarber.com\/es\/wp-json\/wp\/v2\/product_cat?post=3143"},{"taxonomy":"product_tag","embeddable":true,"href":"https:\/\/avplusbarber.com\/es\/wp-json\/wp\/v2\/product_tag?post=3143"}],"curies":[{"name":"wp","href":"https:\/\/api.w.org\/{rel}","templated":true}]}}