{"id":3144,"date":"2020-04-30T14:53:24","date_gmt":"2020-05-23T15:46:24","guid":{"rendered":"https:\/\/avplusbarber.com\/product\/gel-de-ducha-aloe-vera-250ml\/"},"modified":"2021-12-02T00:04:42","modified_gmt":"2021-12-02T00:04:42","slug":"aloe-vera-shower-gel","status":"publish","type":"product","link":"https:\/\/avplusbarber.com\/es\/shop\/aloe-vera-shower-gel\/","title":{"rendered":"Gel de Ducha Aloe Vera 250ml"},"content":{"rendered":"","protected":false},"excerpt":{"rendered":"<p>Limpia, hidrata y nutre tu piel con este gel de ducha formulado con un 50% de aloe vera org\u00e1nico de las Islas Canarias.<\/p>\n<p>Nuestro gel de ducha limpia suavemente y eficazmente la piel grasa e inflamada, incluyendo \u00e1reas problem\u00e1ticas propensas al acn\u00e9 como la espalda y el pecho. Tambi\u00e9n tiene propiedades antiinflamatorias y regeneradoras celulares que ayudan con la piel seca e irritada.<\/p>\n<p>Las propiedades antis\u00e9pticas, antif\u00fangicas y antimicrobianas del aloe vera calman la piel mientras la limpia, adem\u00e1s de ser rica en vitaminas A, B1, B2, B6, B12, C, E, as\u00ed como hierro, calcio, potasio, cobre, magnesio, oligoelementos y amino\u00e1cidos.<\/p>\n<p>Tambi\u00e9n se puede utilizar como un limpiador facial suave y nutritivo.<\/p>\n<p>Adecuado y beneficioso para todo tipo de piel. Este producto es hipoalerg\u00e9nico y no comedog\u00e9nico.<\/p>\n<p>Todos los productos AV Plus Barber est\u00e1n elaborados con aloe vera org\u00e1nico certificado de las Islas Canarias, est\u00e1n libres de crueldad y probados dermatol\u00f3gicamente. Est\u00e1n libres de parabenos y toxinas.<\/p>\n","protected":false},"featured_media":2925,"comment_status":"open","ping_status":"closed","template":"","meta":{"_acf_changed":false,"cybocfi_hide_featured_image":""},"product_cat":[157,162],"product_tag":[160],"class_list":{"0":"post-3144","1":"product","2":"type-product","3":"status-publish","4":"has-post-thumbnail","6":"product_cat-ducha","7":"product_cat-piel","8":"product_tag-aloe-vera-es","10":"first","11":"instock","12":"purchasable","13":"product-type-simple","swatches":"rey-swatches","show_selected":""},"acf":[],"yoast_head":"<!-- This site is optimized with the Yoast SEO plugin v27.3 - https:\/\/yoast.com\/product\/yoast-seo-wordpress\/ -->\n<title>Gel de Ducha Aloe Vera 250ml - AV Plus Barber<\/title>\n<meta name=\"robots\" content=\"index, follow, max-snippet:-1, max-image-preview:large, max-video-preview:-1\" \/>\n<link rel=\"canonical\" href=\"https:\/\/avplusbarber.com\/es\/shop\/aloe-vera-shower-gel\/\" \/>\n<meta property=\"og:locale\" content=\"es_ES\" \/>\n<meta property=\"og:type\" content=\"article\" \/>\n<meta property=\"og:title\" content=\"Gel de Ducha Aloe Vera 250ml - AV Plus Barber\" \/>\n<meta property=\"og:description\" content=\"Limpia, hidrata y nutre tu piel con este gel de ducha formulado con un 50% de aloe vera org\u00e1nico de las Islas Canarias.  Nuestro gel de ducha limpia suavemente y eficazmente la piel grasa e inflamada, incluyendo \u00e1reas problem\u00e1ticas propensas al acn\u00e9 como la espalda y el pecho. Tambi\u00e9n tiene propiedades antiinflamatorias y regeneradoras celulares que ayudan con la piel seca e irritada.  Las propiedades antis\u00e9pticas, antif\u00fangicas y antimicrobianas del aloe vera calman la piel mientras la limpia, adem\u00e1s de ser rica en vitaminas A, B1, B2, B6, B12, C, E, as\u00ed como hierro, calcio, potasio, cobre, magnesio, oligoelementos y amino\u00e1cidos.  Tambi\u00e9n se puede utilizar como un limpiador facial suave y nutritivo.  Adecuado y beneficioso para todo tipo de piel. Este producto es hipoalerg\u00e9nico y no comedog\u00e9nico.  Todos los productos AV Plus Barber est\u00e1n elaborados con aloe vera org\u00e1nico certificado de las Islas Canarias, est\u00e1n libres de crueldad y probados dermatol\u00f3gicamente. Est\u00e1n libres de parabenos y toxinas.\" \/>\n<meta property=\"og:url\" content=\"https:\/\/avplusbarber.com\/es\/shop\/aloe-vera-shower-gel\/\" \/>\n<meta property=\"og:site_name\" content=\"AV Plus Barber\" \/>\n<meta property=\"article:publisher\" content=\"https:\/\/www.facebook.com\/Avplusbarber\/\" \/>\n<meta property=\"article:modified_time\" content=\"2021-12-02T00:04:42+00:00\" \/>\n<meta property=\"og:image\" content=\"https:\/\/avplusbarber.com\/wp-content\/uploads\/2020\/02\/GelDeDucha_200ML-700-10.png\" \/>\n\t<meta property=\"og:image:width\" content=\"700\" \/>\n\t<meta property=\"og:image:height\" content=\"824\" \/>\n\t<meta property=\"og:image:type\" content=\"image\/png\" \/>\n<meta name=\"twitter:card\" content=\"summary_large_image\" \/>\n<meta name=\"twitter:site\" content=\"@avplus_barber\" \/>\n<script type=\"application\/ld+json\" class=\"yoast-schema-graph\">{\"@context\":\"https:\\\/\\\/schema.org\",\"@graph\":[{\"@type\":\"WebPage\",\"@id\":\"https:\\\/\\\/avplusbarber.com\\\/es\\\/shop\\\/aloe-vera-shower-gel\\\/\",\"url\":\"https:\\\/\\\/avplusbarber.com\\\/es\\\/shop\\\/aloe-vera-shower-gel\\\/\",\"name\":\"Gel de Ducha Aloe Vera 250ml - AV Plus Barber\",\"isPartOf\":{\"@id\":\"https:\\\/\\\/avplusbarber.com\\\/es\\\/#website\"},\"primaryImageOfPage\":{\"@id\":\"https:\\\/\\\/avplusbarber.com\\\/es\\\/shop\\\/aloe-vera-shower-gel\\\/#primaryimage\"},\"image\":{\"@id\":\"https:\\\/\\\/avplusbarber.com\\\/es\\\/shop\\\/aloe-vera-shower-gel\\\/#primaryimage\"},\"thumbnailUrl\":\"https:\\\/\\\/avplusbarber.com\\\/wp-content\\\/uploads\\\/2020\\\/02\\\/GelDeDucha_200ML-700-10.png\",\"datePublished\":\"2020-05-23T15:46:24+00:00\",\"dateModified\":\"2021-12-02T00:04:42+00:00\",\"breadcrumb\":{\"@id\":\"https:\\\/\\\/avplusbarber.com\\\/es\\\/shop\\\/aloe-vera-shower-gel\\\/#breadcrumb\"},\"inLanguage\":\"es\",\"potentialAction\":[{\"@type\":\"ReadAction\",\"target\":[\"https:\\\/\\\/avplusbarber.com\\\/es\\\/shop\\\/aloe-vera-shower-gel\\\/\"]}]},{\"@type\":\"ImageObject\",\"inLanguage\":\"es\",\"@id\":\"https:\\\/\\\/avplusbarber.com\\\/es\\\/shop\\\/aloe-vera-shower-gel\\\/#primaryimage\",\"url\":\"https:\\\/\\\/avplusbarber.com\\\/wp-content\\\/uploads\\\/2020\\\/02\\\/GelDeDucha_200ML-700-10.png\",\"contentUrl\":\"https:\\\/\\\/avplusbarber.com\\\/wp-content\\\/uploads\\\/2020\\\/02\\\/GelDeDucha_200ML-700-10.png\",\"width\":700,\"height\":824,\"caption\":\"U2hvd2VyIGdlbA==\"},{\"@type\":\"BreadcrumbList\",\"@id\":\"https:\\\/\\\/avplusbarber.com\\\/es\\\/shop\\\/aloe-vera-shower-gel\\\/#breadcrumb\",\"itemListElement\":[{\"@type\":\"ListItem\",\"position\":1,\"name\":\"Inicio\",\"item\":\"https:\\\/\\\/avplusbarber.com\\\/es\\\/\"},{\"@type\":\"ListItem\",\"position\":2,\"name\":\"Shop\",\"item\":\"https:\\\/\\\/avplusbarber.com\\\/shop-beard-care-products\\\/\"},{\"@type\":\"ListItem\",\"position\":3,\"name\":\"Gel de Ducha Aloe Vera 250ml\"}]},{\"@type\":\"WebSite\",\"@id\":\"https:\\\/\\\/avplusbarber.com\\\/es\\\/#website\",\"url\":\"https:\\\/\\\/avplusbarber.com\\\/es\\\/\",\"name\":\"AV Plus Barber\",\"description\":\"\",\"publisher\":{\"@id\":\"https:\\\/\\\/avplusbarber.com\\\/es\\\/#organization\"},\"potentialAction\":[{\"@type\":\"SearchAction\",\"target\":{\"@type\":\"EntryPoint\",\"urlTemplate\":\"https:\\\/\\\/avplusbarber.com\\\/es\\\/?s={search_term_string}\"},\"query-input\":{\"@type\":\"PropertyValueSpecification\",\"valueRequired\":true,\"valueName\":\"search_term_string\"}}],\"inLanguage\":\"es\"},{\"@type\":\"Organization\",\"@id\":\"https:\\\/\\\/avplusbarber.com\\\/es\\\/#organization\",\"name\":\"AV Plus Barber\",\"url\":\"https:\\\/\\\/avplusbarber.com\\\/es\\\/\",\"logo\":{\"@type\":\"ImageObject\",\"inLanguage\":\"es\",\"@id\":\"https:\\\/\\\/avplusbarber.com\\\/es\\\/#\\\/schema\\\/logo\\\/image\\\/\",\"url\":\"https:\\\/\\\/avplusbarber.com\\\/wp-content\\\/uploads\\\/2020\\\/03\\\/avplus-black-logo-150.png\",\"contentUrl\":\"https:\\\/\\\/avplusbarber.com\\\/wp-content\\\/uploads\\\/2020\\\/03\\\/avplus-black-logo-150.png\",\"width\":150,\"height\":128,\"caption\":\"AV Plus Barber\"},\"image\":{\"@id\":\"https:\\\/\\\/avplusbarber.com\\\/es\\\/#\\\/schema\\\/logo\\\/image\\\/\"},\"sameAs\":[\"https:\\\/\\\/www.facebook.com\\\/Avplusbarber\\\/\",\"https:\\\/\\\/x.com\\\/avplus_barber\",\"https:\\\/\\\/www.instagram.com\\\/avplus_barber\\\/\",\"https:\\\/\\\/www.youtube.com\\\/channel\\\/UCP9tsNWesy8IPz-xc96mMNQ\"]}]}<\/script>\n<!-- \/ Yoast SEO plugin. -->","yoast_head_json":{"title":"Gel de Ducha Aloe Vera 250ml - AV Plus Barber","robots":{"index":"index","follow":"follow","max-snippet":"max-snippet:-1","max-image-preview":"max-image-preview:large","max-video-preview":"max-video-preview:-1"},"canonical":"https:\/\/avplusbarber.com\/es\/shop\/aloe-vera-shower-gel\/","og_locale":"es_ES","og_type":"article","og_title":"Gel de Ducha Aloe Vera 250ml - AV Plus Barber","og_description":"Limpia, hidrata y nutre tu piel con este gel de ducha formulado con un 50% de aloe vera org\u00e1nico de las Islas Canarias.  Nuestro gel de ducha limpia suavemente y eficazmente la piel grasa e inflamada, incluyendo \u00e1reas problem\u00e1ticas propensas al acn\u00e9 como la espalda y el pecho. Tambi\u00e9n tiene propiedades antiinflamatorias y regeneradoras celulares que ayudan con la piel seca e irritada.  Las propiedades antis\u00e9pticas, antif\u00fangicas y antimicrobianas del aloe vera calman la piel mientras la limpia, adem\u00e1s de ser rica en vitaminas A, B1, B2, B6, B12, C, E, as\u00ed como hierro, calcio, potasio, cobre, magnesio, oligoelementos y amino\u00e1cidos.  Tambi\u00e9n se puede utilizar como un limpiador facial suave y nutritivo.  Adecuado y beneficioso para todo tipo de piel. Este producto es hipoalerg\u00e9nico y no comedog\u00e9nico.  Todos los productos AV Plus Barber est\u00e1n elaborados con aloe vera org\u00e1nico certificado de las Islas Canarias, est\u00e1n libres de crueldad y probados dermatol\u00f3gicamente. Est\u00e1n libres de parabenos y toxinas.","og_url":"https:\/\/avplusbarber.com\/es\/shop\/aloe-vera-shower-gel\/","og_site_name":"AV Plus Barber","article_publisher":"https:\/\/www.facebook.com\/Avplusbarber\/","article_modified_time":"2021-12-02T00:04:42+00:00","og_image":[{"width":700,"height":824,"url":"https:\/\/avplusbarber.com\/wp-content\/uploads\/2020\/02\/GelDeDucha_200ML-700-10.png","type":"image\/png"}],"twitter_card":"summary_large_image","twitter_site":"@avplus_barber","schema":{"@context":"https:\/\/schema.org","@graph":[{"@type":"WebPage","@id":"https:\/\/avplusbarber.com\/es\/shop\/aloe-vera-shower-gel\/","url":"https:\/\/avplusbarber.com\/es\/shop\/aloe-vera-shower-gel\/","name":"Gel de Ducha Aloe Vera 250ml - AV Plus Barber","isPartOf":{"@id":"https:\/\/avplusbarber.com\/es\/#website"},"primaryImageOfPage":{"@id":"https:\/\/avplusbarber.com\/es\/shop\/aloe-vera-shower-gel\/#primaryimage"},"image":{"@id":"https:\/\/avplusbarber.com\/es\/shop\/aloe-vera-shower-gel\/#primaryimage"},"thumbnailUrl":"https:\/\/avplusbarber.com\/wp-content\/uploads\/2020\/02\/GelDeDucha_200ML-700-10.png","datePublished":"2020-05-23T15:46:24+00:00","dateModified":"2021-12-02T00:04:42+00:00","breadcrumb":{"@id":"https:\/\/avplusbarber.com\/es\/shop\/aloe-vera-shower-gel\/#breadcrumb"},"inLanguage":"es","potentialAction":[{"@type":"ReadAction","target":["https:\/\/avplusbarber.com\/es\/shop\/aloe-vera-shower-gel\/"]}]},{"@type":"ImageObject","inLanguage":"es","@id":"https:\/\/avplusbarber.com\/es\/shop\/aloe-vera-shower-gel\/#primaryimage","url":"https:\/\/avplusbarber.com\/wp-content\/uploads\/2020\/02\/GelDeDucha_200ML-700-10.png","contentUrl":"https:\/\/avplusbarber.com\/wp-content\/uploads\/2020\/02\/GelDeDucha_200ML-700-10.png","width":700,"height":824,"caption":"U2hvd2VyIGdlbA=="},{"@type":"BreadcrumbList","@id":"https:\/\/avplusbarber.com\/es\/shop\/aloe-vera-shower-gel\/#breadcrumb","itemListElement":[{"@type":"ListItem","position":1,"name":"Inicio","item":"https:\/\/avplusbarber.com\/es\/"},{"@type":"ListItem","position":2,"name":"Shop","item":"https:\/\/avplusbarber.com\/shop-beard-care-products\/"},{"@type":"ListItem","position":3,"name":"Gel de Ducha Aloe Vera 250ml"}]},{"@type":"WebSite","@id":"https:\/\/avplusbarber.com\/es\/#website","url":"https:\/\/avplusbarber.com\/es\/","name":"AV Plus Barber","description":"","publisher":{"@id":"https:\/\/avplusbarber.com\/es\/#organization"},"potentialAction":[{"@type":"SearchAction","target":{"@type":"EntryPoint","urlTemplate":"https:\/\/avplusbarber.com\/es\/?s={search_term_string}"},"query-input":{"@type":"PropertyValueSpecification","valueRequired":true,"valueName":"search_term_string"}}],"inLanguage":"es"},{"@type":"Organization","@id":"https:\/\/avplusbarber.com\/es\/#organization","name":"AV Plus Barber","url":"https:\/\/avplusbarber.com\/es\/","logo":{"@type":"ImageObject","inLanguage":"es","@id":"https:\/\/avplusbarber.com\/es\/#\/schema\/logo\/image\/","url":"https:\/\/avplusbarber.com\/wp-content\/uploads\/2020\/03\/avplus-black-logo-150.png","contentUrl":"https:\/\/avplusbarber.com\/wp-content\/uploads\/2020\/03\/avplus-black-logo-150.png","width":150,"height":128,"caption":"AV Plus Barber"},"image":{"@id":"https:\/\/avplusbarber.com\/es\/#\/schema\/logo\/image\/"},"sameAs":["https:\/\/www.facebook.com\/Avplusbarber\/","https:\/\/x.com\/avplus_barber","https:\/\/www.instagram.com\/avplus_barber\/","https:\/\/www.youtube.com\/channel\/UCP9tsNWesy8IPz-xc96mMNQ"]}]}},"jetpack_sharing_enabled":true,"_links":{"self":[{"href":"https:\/\/avplusbarber.com\/es\/wp-json\/wp\/v2\/product\/3144","targetHints":{"allow":["GET"]}}],"collection":[{"href":"https:\/\/avplusbarber.com\/es\/wp-json\/wp\/v2\/product"}],"about":[{"href":"https:\/\/avplusbarber.com\/es\/wp-json\/wp\/v2\/types\/product"}],"replies":[{"embeddable":true,"href":"https:\/\/avplusbarber.com\/es\/wp-json\/wp\/v2\/comments?post=3144"}],"wp:featuredmedia":[{"embeddable":true,"href":"https:\/\/avplusbarber.com\/es\/wp-json\/wp\/v2\/media\/2925"}],"wp:attachment":[{"href":"https:\/\/avplusbarber.com\/es\/wp-json\/wp\/v2\/media?parent=3144"}],"wp:term":[{"taxonomy":"product_cat","embeddable":true,"href":"https:\/\/avplusbarber.com\/es\/wp-json\/wp\/v2\/product_cat?post=3144"},{"taxonomy":"product_tag","embeddable":true,"href":"https:\/\/avplusbarber.com\/es\/wp-json\/wp\/v2\/product_tag?post=3144"}],"curies":[{"name":"wp","href":"https:\/\/api.w.org\/{rel}","templated":true}]}}