{"id":4036,"date":"2020-07-24T17:01:07","date_gmt":"2020-07-24T17:01:07","guid":{"rendered":"https:\/\/avplusbarber.com\/?post_type=product&#038;p=4036"},"modified":"2021-12-02T00:00:36","modified_gmt":"2021-12-02T00:00:36","slug":"gel-de-aloe-vera-higienizante-de-manos-200ml","status":"publish","type":"product","link":"https:\/\/avplusbarber.com\/es\/shop\/gel-de-aloe-vera-higienizante-de-manos-200ml\/","title":{"rendered":"Gel de Aloe Vera Higienizante de Manos 200ml"},"content":{"rendered":"","protected":false},"excerpt":{"rendered":"<p><span style=\"font-weight: 400;\">Limpia, desinfecta e hidrata tus manos con el Gel de Aloe Vera Higienizante de manos.<\/span><\/p>\n<p><span style=\"font-weight: 400;\">Formulado con etanol para garantizar la m\u00e1xima protecci\u00f3n en tu d\u00eda a d\u00eda y mantener tu piel hidratada. El Gel de Aloe Vera Higienizante de Manos tiene una base de aloe vera para calmar las agresiones en la piel que puedan causar los ingredientes desinfectantes.<\/span><\/p>\n<p><span style=\"font-weight: 400;\">El Aloe Vera adem\u00e1s de tener propiedades antis\u00e9pticas, antif\u00fangicas y antimicrobianas combina tambi\u00e9n las antiinflamatorias y regeneradoras celulares que ayudan a combatir la piel seca, escamosa e irritada.<\/span><\/p>\n<p><span style=\"font-weight: 400;\">Adem\u00e1s de eliminar 99% de los g\u00e9rmenes, el Gel de Aloe Vera Higienizante de manos es rico en vitaminas A, B1, B2, B6, B12, C, E, as\u00ed como tambi\u00e9n hierro, calcio, potasio, cobre, magnesio, oligoelementos y amino\u00e1cidos.<\/span><\/p>\n<p><span style=\"font-weight: 400;\">Adecuado y beneficioso para todo tipo de piel. Este producto es hipoalerg\u00e9nico, de uso diario y sin enjuague.<\/span><\/p>\n<p><span style=\"font-weight: 400;\">Todos los productos AV Plus Barber est\u00e1n elaborados con aloe vera org\u00e1nico certificado de las Islas Canarias, est\u00e1n libres de crueldad animal y probados dermatol\u00f3gicamente. Est\u00e1n libres de parabenos y toxinas.<\/span><\/p>\n","protected":false},"featured_media":4037,"comment_status":"open","ping_status":"closed","template":"","meta":{"_acf_changed":false,"cybocfi_hide_featured_image":""},"product_cat":[164,162],"product_tag":[],"class_list":{"0":"post-4036","1":"product","2":"type-product","3":"status-publish","4":"has-post-thumbnail","6":"product_cat-aroma","7":"product_cat-piel","9":"first","10":"instock","11":"taxable","12":"shipping-taxable","13":"purchasable","14":"product-type-simple","swatches":"rey-swatches","show_selected":""},"acf":[],"yoast_head":"<!-- This site is optimized with the Yoast SEO plugin v27.3 - https:\/\/yoast.com\/product\/yoast-seo-wordpress\/ -->\n<title>Gel de Aloe Vera Higienizante de Manos 200ml - AV Plus Barber<\/title>\n<meta name=\"robots\" content=\"index, follow, max-snippet:-1, max-image-preview:large, max-video-preview:-1\" \/>\n<link rel=\"canonical\" href=\"https:\/\/avplusbarber.com\/es\/shop\/gel-de-aloe-vera-higienizante-de-manos-200ml\/\" \/>\n<meta property=\"og:locale\" content=\"es_ES\" \/>\n<meta property=\"og:type\" content=\"article\" \/>\n<meta property=\"og:title\" content=\"Gel de Aloe Vera Higienizante de Manos 200ml - AV Plus Barber\" \/>\n<meta property=\"og:description\" content=\"Limpia, desinfecta e hidrata tus manos con el Gel de Aloe Vera Higienizante de manos.  Formulado con etanol para garantizar la m\u00e1xima protecci\u00f3n en tu d\u00eda a d\u00eda y mantener tu piel hidratada. El Gel de Aloe Vera Higienizante de Manos tiene una base de aloe vera para calmar las agresiones en la piel que puedan causar los ingredientes desinfectantes.  El Aloe Vera adem\u00e1s de tener propiedades antis\u00e9pticas, antif\u00fangicas y antimicrobianas combina tambi\u00e9n las antiinflamatorias y regeneradoras celulares que ayudan a combatir la piel seca, escamosa e irritada.  Adem\u00e1s de eliminar 99% de los g\u00e9rmenes, el Gel de Aloe Vera Higienizante de manos es rico en vitaminas A, B1, B2, B6, B12, C, E, as\u00ed como tambi\u00e9n hierro, calcio, potasio, cobre, magnesio, oligoelementos y amino\u00e1cidos.  Adecuado y beneficioso para todo tipo de piel. Este producto es hipoalerg\u00e9nico, de uso diario y sin enjuague.  Todos los productos AV Plus Barber est\u00e1n elaborados con aloe vera org\u00e1nico certificado de las Islas Canarias, est\u00e1n libres de crueldad animal y probados dermatol\u00f3gicamente. Est\u00e1n libres de parabenos y toxinas.\" \/>\n<meta property=\"og:url\" content=\"https:\/\/avplusbarber.com\/es\/shop\/gel-de-aloe-vera-higienizante-de-manos-200ml\/\" \/>\n<meta property=\"og:site_name\" content=\"AV Plus Barber\" \/>\n<meta property=\"article:publisher\" content=\"https:\/\/www.facebook.com\/Avplusbarber\/\" \/>\n<meta property=\"article:modified_time\" content=\"2021-12-02T00:00:36+00:00\" \/>\n<meta property=\"og:image\" content=\"https:\/\/avplusbarber.com\/wp-content\/uploads\/2020\/07\/Gel-higienizante-200ml.png\" \/>\n\t<meta property=\"og:image:width\" content=\"714\" \/>\n\t<meta property=\"og:image:height\" content=\"667\" \/>\n\t<meta property=\"og:image:type\" content=\"image\/png\" \/>\n<meta name=\"twitter:card\" content=\"summary_large_image\" \/>\n<meta name=\"twitter:site\" content=\"@avplus_barber\" \/>\n<script type=\"application\/ld+json\" class=\"yoast-schema-graph\">{\"@context\":\"https:\\\/\\\/schema.org\",\"@graph\":[{\"@type\":\"WebPage\",\"@id\":\"https:\\\/\\\/avplusbarber.com\\\/es\\\/shop\\\/gel-de-aloe-vera-higienizante-de-manos-200ml\\\/\",\"url\":\"https:\\\/\\\/avplusbarber.com\\\/es\\\/shop\\\/gel-de-aloe-vera-higienizante-de-manos-200ml\\\/\",\"name\":\"Gel de Aloe Vera Higienizante de Manos 200ml - AV Plus Barber\",\"isPartOf\":{\"@id\":\"https:\\\/\\\/avplusbarber.com\\\/es\\\/#website\"},\"primaryImageOfPage\":{\"@id\":\"https:\\\/\\\/avplusbarber.com\\\/es\\\/shop\\\/gel-de-aloe-vera-higienizante-de-manos-200ml\\\/#primaryimage\"},\"image\":{\"@id\":\"https:\\\/\\\/avplusbarber.com\\\/es\\\/shop\\\/gel-de-aloe-vera-higienizante-de-manos-200ml\\\/#primaryimage\"},\"thumbnailUrl\":\"https:\\\/\\\/avplusbarber.com\\\/wp-content\\\/uploads\\\/2020\\\/07\\\/Gel-higienizante-200ml.png\",\"datePublished\":\"2020-07-24T17:01:07+00:00\",\"dateModified\":\"2021-12-02T00:00:36+00:00\",\"breadcrumb\":{\"@id\":\"https:\\\/\\\/avplusbarber.com\\\/es\\\/shop\\\/gel-de-aloe-vera-higienizante-de-manos-200ml\\\/#breadcrumb\"},\"inLanguage\":\"es\",\"potentialAction\":[{\"@type\":\"ReadAction\",\"target\":[\"https:\\\/\\\/avplusbarber.com\\\/es\\\/shop\\\/gel-de-aloe-vera-higienizante-de-manos-200ml\\\/\"]}]},{\"@type\":\"ImageObject\",\"inLanguage\":\"es\",\"@id\":\"https:\\\/\\\/avplusbarber.com\\\/es\\\/shop\\\/gel-de-aloe-vera-higienizante-de-manos-200ml\\\/#primaryimage\",\"url\":\"https:\\\/\\\/avplusbarber.com\\\/wp-content\\\/uploads\\\/2020\\\/07\\\/Gel-higienizante-200ml.png\",\"contentUrl\":\"https:\\\/\\\/avplusbarber.com\\\/wp-content\\\/uploads\\\/2020\\\/07\\\/Gel-higienizante-200ml.png\",\"width\":714,\"height\":667,\"caption\":\"Aloe vera Hand sanitiser\"},{\"@type\":\"BreadcrumbList\",\"@id\":\"https:\\\/\\\/avplusbarber.com\\\/es\\\/shop\\\/gel-de-aloe-vera-higienizante-de-manos-200ml\\\/#breadcrumb\",\"itemListElement\":[{\"@type\":\"ListItem\",\"position\":1,\"name\":\"Inicio\",\"item\":\"https:\\\/\\\/avplusbarber.com\\\/es\\\/\"},{\"@type\":\"ListItem\",\"position\":2,\"name\":\"Shop\",\"item\":\"https:\\\/\\\/avplusbarber.com\\\/shop-beard-care-products\\\/\"},{\"@type\":\"ListItem\",\"position\":3,\"name\":\"Gel de Aloe Vera Higienizante de Manos 200ml\"}]},{\"@type\":\"WebSite\",\"@id\":\"https:\\\/\\\/avplusbarber.com\\\/es\\\/#website\",\"url\":\"https:\\\/\\\/avplusbarber.com\\\/es\\\/\",\"name\":\"AV Plus Barber\",\"description\":\"\",\"publisher\":{\"@id\":\"https:\\\/\\\/avplusbarber.com\\\/es\\\/#organization\"},\"potentialAction\":[{\"@type\":\"SearchAction\",\"target\":{\"@type\":\"EntryPoint\",\"urlTemplate\":\"https:\\\/\\\/avplusbarber.com\\\/es\\\/?s={search_term_string}\"},\"query-input\":{\"@type\":\"PropertyValueSpecification\",\"valueRequired\":true,\"valueName\":\"search_term_string\"}}],\"inLanguage\":\"es\"},{\"@type\":\"Organization\",\"@id\":\"https:\\\/\\\/avplusbarber.com\\\/es\\\/#organization\",\"name\":\"AV Plus Barber\",\"url\":\"https:\\\/\\\/avplusbarber.com\\\/es\\\/\",\"logo\":{\"@type\":\"ImageObject\",\"inLanguage\":\"es\",\"@id\":\"https:\\\/\\\/avplusbarber.com\\\/es\\\/#\\\/schema\\\/logo\\\/image\\\/\",\"url\":\"https:\\\/\\\/avplusbarber.com\\\/wp-content\\\/uploads\\\/2020\\\/03\\\/avplus-black-logo-150.png\",\"contentUrl\":\"https:\\\/\\\/avplusbarber.com\\\/wp-content\\\/uploads\\\/2020\\\/03\\\/avplus-black-logo-150.png\",\"width\":150,\"height\":128,\"caption\":\"AV Plus Barber\"},\"image\":{\"@id\":\"https:\\\/\\\/avplusbarber.com\\\/es\\\/#\\\/schema\\\/logo\\\/image\\\/\"},\"sameAs\":[\"https:\\\/\\\/www.facebook.com\\\/Avplusbarber\\\/\",\"https:\\\/\\\/x.com\\\/avplus_barber\",\"https:\\\/\\\/www.instagram.com\\\/avplus_barber\\\/\",\"https:\\\/\\\/www.youtube.com\\\/channel\\\/UCP9tsNWesy8IPz-xc96mMNQ\"]}]}<\/script>\n<!-- \/ Yoast SEO plugin. -->","yoast_head_json":{"title":"Gel de Aloe Vera Higienizante de Manos 200ml - AV Plus Barber","robots":{"index":"index","follow":"follow","max-snippet":"max-snippet:-1","max-image-preview":"max-image-preview:large","max-video-preview":"max-video-preview:-1"},"canonical":"https:\/\/avplusbarber.com\/es\/shop\/gel-de-aloe-vera-higienizante-de-manos-200ml\/","og_locale":"es_ES","og_type":"article","og_title":"Gel de Aloe Vera Higienizante de Manos 200ml - AV Plus Barber","og_description":"Limpia, desinfecta e hidrata tus manos con el Gel de Aloe Vera Higienizante de manos.  Formulado con etanol para garantizar la m\u00e1xima protecci\u00f3n en tu d\u00eda a d\u00eda y mantener tu piel hidratada. El Gel de Aloe Vera Higienizante de Manos tiene una base de aloe vera para calmar las agresiones en la piel que puedan causar los ingredientes desinfectantes.  El Aloe Vera adem\u00e1s de tener propiedades antis\u00e9pticas, antif\u00fangicas y antimicrobianas combina tambi\u00e9n las antiinflamatorias y regeneradoras celulares que ayudan a combatir la piel seca, escamosa e irritada.  Adem\u00e1s de eliminar 99% de los g\u00e9rmenes, el Gel de Aloe Vera Higienizante de manos es rico en vitaminas A, B1, B2, B6, B12, C, E, as\u00ed como tambi\u00e9n hierro, calcio, potasio, cobre, magnesio, oligoelementos y amino\u00e1cidos.  Adecuado y beneficioso para todo tipo de piel. Este producto es hipoalerg\u00e9nico, de uso diario y sin enjuague.  Todos los productos AV Plus Barber est\u00e1n elaborados con aloe vera org\u00e1nico certificado de las Islas Canarias, est\u00e1n libres de crueldad animal y probados dermatol\u00f3gicamente. Est\u00e1n libres de parabenos y toxinas.","og_url":"https:\/\/avplusbarber.com\/es\/shop\/gel-de-aloe-vera-higienizante-de-manos-200ml\/","og_site_name":"AV Plus Barber","article_publisher":"https:\/\/www.facebook.com\/Avplusbarber\/","article_modified_time":"2021-12-02T00:00:36+00:00","og_image":[{"width":714,"height":667,"url":"https:\/\/avplusbarber.com\/wp-content\/uploads\/2020\/07\/Gel-higienizante-200ml.png","type":"image\/png"}],"twitter_card":"summary_large_image","twitter_site":"@avplus_barber","schema":{"@context":"https:\/\/schema.org","@graph":[{"@type":"WebPage","@id":"https:\/\/avplusbarber.com\/es\/shop\/gel-de-aloe-vera-higienizante-de-manos-200ml\/","url":"https:\/\/avplusbarber.com\/es\/shop\/gel-de-aloe-vera-higienizante-de-manos-200ml\/","name":"Gel de Aloe Vera Higienizante de Manos 200ml - AV Plus Barber","isPartOf":{"@id":"https:\/\/avplusbarber.com\/es\/#website"},"primaryImageOfPage":{"@id":"https:\/\/avplusbarber.com\/es\/shop\/gel-de-aloe-vera-higienizante-de-manos-200ml\/#primaryimage"},"image":{"@id":"https:\/\/avplusbarber.com\/es\/shop\/gel-de-aloe-vera-higienizante-de-manos-200ml\/#primaryimage"},"thumbnailUrl":"https:\/\/avplusbarber.com\/wp-content\/uploads\/2020\/07\/Gel-higienizante-200ml.png","datePublished":"2020-07-24T17:01:07+00:00","dateModified":"2021-12-02T00:00:36+00:00","breadcrumb":{"@id":"https:\/\/avplusbarber.com\/es\/shop\/gel-de-aloe-vera-higienizante-de-manos-200ml\/#breadcrumb"},"inLanguage":"es","potentialAction":[{"@type":"ReadAction","target":["https:\/\/avplusbarber.com\/es\/shop\/gel-de-aloe-vera-higienizante-de-manos-200ml\/"]}]},{"@type":"ImageObject","inLanguage":"es","@id":"https:\/\/avplusbarber.com\/es\/shop\/gel-de-aloe-vera-higienizante-de-manos-200ml\/#primaryimage","url":"https:\/\/avplusbarber.com\/wp-content\/uploads\/2020\/07\/Gel-higienizante-200ml.png","contentUrl":"https:\/\/avplusbarber.com\/wp-content\/uploads\/2020\/07\/Gel-higienizante-200ml.png","width":714,"height":667,"caption":"Aloe vera Hand sanitiser"},{"@type":"BreadcrumbList","@id":"https:\/\/avplusbarber.com\/es\/shop\/gel-de-aloe-vera-higienizante-de-manos-200ml\/#breadcrumb","itemListElement":[{"@type":"ListItem","position":1,"name":"Inicio","item":"https:\/\/avplusbarber.com\/es\/"},{"@type":"ListItem","position":2,"name":"Shop","item":"https:\/\/avplusbarber.com\/shop-beard-care-products\/"},{"@type":"ListItem","position":3,"name":"Gel de Aloe Vera Higienizante de Manos 200ml"}]},{"@type":"WebSite","@id":"https:\/\/avplusbarber.com\/es\/#website","url":"https:\/\/avplusbarber.com\/es\/","name":"AV Plus Barber","description":"","publisher":{"@id":"https:\/\/avplusbarber.com\/es\/#organization"},"potentialAction":[{"@type":"SearchAction","target":{"@type":"EntryPoint","urlTemplate":"https:\/\/avplusbarber.com\/es\/?s={search_term_string}"},"query-input":{"@type":"PropertyValueSpecification","valueRequired":true,"valueName":"search_term_string"}}],"inLanguage":"es"},{"@type":"Organization","@id":"https:\/\/avplusbarber.com\/es\/#organization","name":"AV Plus Barber","url":"https:\/\/avplusbarber.com\/es\/","logo":{"@type":"ImageObject","inLanguage":"es","@id":"https:\/\/avplusbarber.com\/es\/#\/schema\/logo\/image\/","url":"https:\/\/avplusbarber.com\/wp-content\/uploads\/2020\/03\/avplus-black-logo-150.png","contentUrl":"https:\/\/avplusbarber.com\/wp-content\/uploads\/2020\/03\/avplus-black-logo-150.png","width":150,"height":128,"caption":"AV Plus Barber"},"image":{"@id":"https:\/\/avplusbarber.com\/es\/#\/schema\/logo\/image\/"},"sameAs":["https:\/\/www.facebook.com\/Avplusbarber\/","https:\/\/x.com\/avplus_barber","https:\/\/www.instagram.com\/avplus_barber\/","https:\/\/www.youtube.com\/channel\/UCP9tsNWesy8IPz-xc96mMNQ"]}]}},"jetpack_sharing_enabled":true,"_links":{"self":[{"href":"https:\/\/avplusbarber.com\/es\/wp-json\/wp\/v2\/product\/4036","targetHints":{"allow":["GET"]}}],"collection":[{"href":"https:\/\/avplusbarber.com\/es\/wp-json\/wp\/v2\/product"}],"about":[{"href":"https:\/\/avplusbarber.com\/es\/wp-json\/wp\/v2\/types\/product"}],"replies":[{"embeddable":true,"href":"https:\/\/avplusbarber.com\/es\/wp-json\/wp\/v2\/comments?post=4036"}],"wp:featuredmedia":[{"embeddable":true,"href":"https:\/\/avplusbarber.com\/es\/wp-json\/wp\/v2\/media\/4037"}],"wp:attachment":[{"href":"https:\/\/avplusbarber.com\/es\/wp-json\/wp\/v2\/media?parent=4036"}],"wp:term":[{"taxonomy":"product_cat","embeddable":true,"href":"https:\/\/avplusbarber.com\/es\/wp-json\/wp\/v2\/product_cat?post=4036"},{"taxonomy":"product_tag","embeddable":true,"href":"https:\/\/avplusbarber.com\/es\/wp-json\/wp\/v2\/product_tag?post=4036"}],"curies":[{"name":"wp","href":"https:\/\/api.w.org\/{rel}","templated":true}]}}