{"id":4678,"date":"2020-12-18T11:19:52","date_gmt":"2020-12-18T11:19:51","guid":{"rendered":"https:\/\/avplusbarber.com\/?post_type=product&#038;p=4678"},"modified":"2021-12-02T00:00:12","modified_gmt":"2021-12-02T00:00:12","slug":"aloe-vera-98-serum-y-gel-de-afeitar-200ml-2","status":"publish","type":"product","link":"https:\/\/avplusbarber.com\/es\/shop\/aloe-vera-98-serum-y-gel-de-afeitar-200ml-2\/","title":{"rendered":"Aloe Vera 98% Serum y Gel de Afeitar 200ml"},"content":{"rendered":"","protected":false},"excerpt":{"rendered":"<p>Hidrata, tonifica y nutre tu barba y piel con el serum de 98% aloe vera org\u00e1nico de las Islas Canarias.<\/p>\n<p>Aplicar antes de la hidrataci\u00f3n para crear una base llena de antioxidantes rica en nutrientes para protegerlo todo el d\u00eda de contaminantes e irritantes. Alivia y calma la piel irritada y es perfecta para usar como loci\u00f3n calmante en quemaduras solares.<\/p>\n<p>Apl\u00edcalo en la piel como gel de afeitar y hidratar\u00e1 y nutrir\u00e1 a medida que te afeites, y el suero tambi\u00e9n te proteger\u00e1 contra la picadura y la picaz\u00f3n causada por la maquinilla de afeitar.<\/p>\n<p>No graso, se absorbe f\u00e1cilmente y es rico en vitaminas A, B1, B2, B6, B12, C, E, as\u00ed como hierro, calcio, potasio, cobre, magnesio, oligoelementos y amino\u00e1cidos.<\/p>\n<p>Las propiedades antis\u00e9pticas, antif\u00fangicas y antimicrobianas del aloe vera calman la piel con acn\u00e9, enrojecimiento e irritaci\u00f3n. Tambi\u00e9n tiene propiedades antiinflamatorias y regeneradoras celulares que ayudan a revitalizar la piel seca y escamosa.<\/p>\n<p>El suero tiene una fragancia ligera, sutil y neutra.<\/p>\n<p>Adecuado y beneficioso para todo tipo de piel. Este producto es hipoalerg\u00e9nico y no comedog\u00e9nico.<\/p>\n<p>Todos los productos AV Plus Barber est\u00e1n elaborados con aloe vera org\u00e1nico certificado de las Islas Canarias, est\u00e1n libres de crueldad y probados dermatol\u00f3gicamente. Est\u00e1n libres de parabenos y toxinas.<\/p>\n","protected":false},"featured_media":2974,"comment_status":"open","ping_status":"closed","template":"","meta":{"_acf_changed":false,"cybocfi_hide_featured_image":""},"product_cat":[178],"product_tag":[160],"class_list":{"0":"post-4678","1":"product","2":"type-product","3":"status-publish","4":"has-post-thumbnail","6":"product_cat-sin-categoria","7":"product_tag-aloe-vera-es","9":"first","10":"instock","11":"featured","12":"taxable","13":"shipping-taxable","14":"purchasable","15":"product-type-simple","swatches":"rey-swatches","show_selected":""},"acf":[],"yoast_head":"<!-- This site is optimized with the Yoast SEO plugin v27.3 - https:\/\/yoast.com\/product\/yoast-seo-wordpress\/ -->\n<title>Aloe Vera 98% Serum y Gel de Afeitar 200ml - AV Plus Barber<\/title>\n<meta name=\"robots\" content=\"index, follow, max-snippet:-1, max-image-preview:large, max-video-preview:-1\" \/>\n<link rel=\"canonical\" href=\"https:\/\/avplusbarber.com\/es\/shop\/aloe-vera-98-serum-y-gel-de-afeitar-200ml-2\/\" \/>\n<meta property=\"og:locale\" content=\"es_ES\" \/>\n<meta property=\"og:type\" content=\"article\" \/>\n<meta property=\"og:title\" content=\"Aloe Vera 98% Serum y Gel de Afeitar 200ml - AV Plus Barber\" \/>\n<meta property=\"og:description\" content=\"Hidrata, tonifica y nutre tu barba y piel con el serum de 98% aloe vera org\u00e1nico de las Islas Canarias.  Aplicar antes de la hidrataci\u00f3n para crear una base llena de antioxidantes rica en nutrientes para protegerlo todo el d\u00eda de contaminantes e irritantes. Alivia y calma la piel irritada y es perfecta para usar como loci\u00f3n calmante en quemaduras solares.  Apl\u00edcalo en la piel como gel de afeitar y hidratar\u00e1 y nutrir\u00e1 a medida que te afeites, y el suero tambi\u00e9n te proteger\u00e1 contra la picadura y la picaz\u00f3n causada por la maquinilla de afeitar.  No graso, se absorbe f\u00e1cilmente y es rico en vitaminas A, B1, B2, B6, B12, C, E, as\u00ed como hierro, calcio, potasio, cobre, magnesio, oligoelementos y amino\u00e1cidos.  Las propiedades antis\u00e9pticas, antif\u00fangicas y antimicrobianas del aloe vera calman la piel con acn\u00e9, enrojecimiento e irritaci\u00f3n. Tambi\u00e9n tiene propiedades antiinflamatorias y regeneradoras celulares que ayudan a revitalizar la piel seca y escamosa.  El suero tiene una fragancia ligera, sutil y neutra.  Adecuado y beneficioso para todo tipo de piel. Este producto es hipoalerg\u00e9nico y no comedog\u00e9nico.  Todos los productos AV Plus Barber est\u00e1n elaborados con aloe vera org\u00e1nico certificado de las Islas Canarias, est\u00e1n libres de crueldad y probados dermatol\u00f3gicamente. Est\u00e1n libres de parabenos y toxinas.\" \/>\n<meta property=\"og:url\" content=\"https:\/\/avplusbarber.com\/es\/shop\/aloe-vera-98-serum-y-gel-de-afeitar-200ml-2\/\" \/>\n<meta property=\"og:site_name\" content=\"AV Plus Barber\" \/>\n<meta property=\"article:publisher\" content=\"https:\/\/www.facebook.com\/Avplusbarber\/\" \/>\n<meta property=\"article:modified_time\" content=\"2021-12-02T00:00:12+00:00\" \/>\n<meta property=\"og:image\" content=\"https:\/\/avplusbarber.com\/wp-content\/uploads\/2020\/05\/Serum.png\" \/>\n\t<meta property=\"og:image:width\" content=\"778\" \/>\n\t<meta property=\"og:image:height\" content=\"926\" \/>\n\t<meta property=\"og:image:type\" content=\"image\/png\" \/>\n<meta name=\"twitter:card\" content=\"summary_large_image\" \/>\n<meta name=\"twitter:site\" content=\"@avplus_barber\" \/>\n<script type=\"application\/ld+json\" class=\"yoast-schema-graph\">{\"@context\":\"https:\\\/\\\/schema.org\",\"@graph\":[{\"@type\":\"WebPage\",\"@id\":\"https:\\\/\\\/avplusbarber.com\\\/es\\\/shop\\\/aloe-vera-98-serum-y-gel-de-afeitar-200ml-2\\\/\",\"url\":\"https:\\\/\\\/avplusbarber.com\\\/es\\\/shop\\\/aloe-vera-98-serum-y-gel-de-afeitar-200ml-2\\\/\",\"name\":\"Aloe Vera 98% Serum y Gel de Afeitar 200ml - AV Plus Barber\",\"isPartOf\":{\"@id\":\"https:\\\/\\\/avplusbarber.com\\\/es\\\/#website\"},\"primaryImageOfPage\":{\"@id\":\"https:\\\/\\\/avplusbarber.com\\\/es\\\/shop\\\/aloe-vera-98-serum-y-gel-de-afeitar-200ml-2\\\/#primaryimage\"},\"image\":{\"@id\":\"https:\\\/\\\/avplusbarber.com\\\/es\\\/shop\\\/aloe-vera-98-serum-y-gel-de-afeitar-200ml-2\\\/#primaryimage\"},\"thumbnailUrl\":\"https:\\\/\\\/avplusbarber.com\\\/wp-content\\\/uploads\\\/2020\\\/05\\\/Serum.png\",\"datePublished\":\"2020-12-18T11:19:51+00:00\",\"dateModified\":\"2021-12-02T00:00:12+00:00\",\"breadcrumb\":{\"@id\":\"https:\\\/\\\/avplusbarber.com\\\/es\\\/shop\\\/aloe-vera-98-serum-y-gel-de-afeitar-200ml-2\\\/#breadcrumb\"},\"inLanguage\":\"es\",\"potentialAction\":[{\"@type\":\"ReadAction\",\"target\":[\"https:\\\/\\\/avplusbarber.com\\\/es\\\/shop\\\/aloe-vera-98-serum-y-gel-de-afeitar-200ml-2\\\/\"]}]},{\"@type\":\"ImageObject\",\"inLanguage\":\"es\",\"@id\":\"https:\\\/\\\/avplusbarber.com\\\/es\\\/shop\\\/aloe-vera-98-serum-y-gel-de-afeitar-200ml-2\\\/#primaryimage\",\"url\":\"https:\\\/\\\/avplusbarber.com\\\/wp-content\\\/uploads\\\/2020\\\/05\\\/Serum.png\",\"contentUrl\":\"https:\\\/\\\/avplusbarber.com\\\/wp-content\\\/uploads\\\/2020\\\/05\\\/Serum.png\",\"width\":778,\"height\":926,\"caption\":\"Botella de Serum\"},{\"@type\":\"BreadcrumbList\",\"@id\":\"https:\\\/\\\/avplusbarber.com\\\/es\\\/shop\\\/aloe-vera-98-serum-y-gel-de-afeitar-200ml-2\\\/#breadcrumb\",\"itemListElement\":[{\"@type\":\"ListItem\",\"position\":1,\"name\":\"Inicio\",\"item\":\"https:\\\/\\\/avplusbarber.com\\\/es\\\/\"},{\"@type\":\"ListItem\",\"position\":2,\"name\":\"Shop\",\"item\":\"https:\\\/\\\/avplusbarber.com\\\/shop-beard-care-products\\\/\"},{\"@type\":\"ListItem\",\"position\":3,\"name\":\"Aloe Vera 98% Serum y Gel de Afeitar 200ml\"}]},{\"@type\":\"WebSite\",\"@id\":\"https:\\\/\\\/avplusbarber.com\\\/es\\\/#website\",\"url\":\"https:\\\/\\\/avplusbarber.com\\\/es\\\/\",\"name\":\"AV Plus Barber\",\"description\":\"\",\"publisher\":{\"@id\":\"https:\\\/\\\/avplusbarber.com\\\/es\\\/#organization\"},\"potentialAction\":[{\"@type\":\"SearchAction\",\"target\":{\"@type\":\"EntryPoint\",\"urlTemplate\":\"https:\\\/\\\/avplusbarber.com\\\/es\\\/?s={search_term_string}\"},\"query-input\":{\"@type\":\"PropertyValueSpecification\",\"valueRequired\":true,\"valueName\":\"search_term_string\"}}],\"inLanguage\":\"es\"},{\"@type\":\"Organization\",\"@id\":\"https:\\\/\\\/avplusbarber.com\\\/es\\\/#organization\",\"name\":\"AV Plus Barber\",\"url\":\"https:\\\/\\\/avplusbarber.com\\\/es\\\/\",\"logo\":{\"@type\":\"ImageObject\",\"inLanguage\":\"es\",\"@id\":\"https:\\\/\\\/avplusbarber.com\\\/es\\\/#\\\/schema\\\/logo\\\/image\\\/\",\"url\":\"https:\\\/\\\/avplusbarber.com\\\/wp-content\\\/uploads\\\/2020\\\/03\\\/avplus-black-logo-150.png\",\"contentUrl\":\"https:\\\/\\\/avplusbarber.com\\\/wp-content\\\/uploads\\\/2020\\\/03\\\/avplus-black-logo-150.png\",\"width\":150,\"height\":128,\"caption\":\"AV Plus Barber\"},\"image\":{\"@id\":\"https:\\\/\\\/avplusbarber.com\\\/es\\\/#\\\/schema\\\/logo\\\/image\\\/\"},\"sameAs\":[\"https:\\\/\\\/www.facebook.com\\\/Avplusbarber\\\/\",\"https:\\\/\\\/x.com\\\/avplus_barber\",\"https:\\\/\\\/www.instagram.com\\\/avplus_barber\\\/\",\"https:\\\/\\\/www.youtube.com\\\/channel\\\/UCP9tsNWesy8IPz-xc96mMNQ\"]}]}<\/script>\n<!-- \/ Yoast SEO plugin. -->","yoast_head_json":{"title":"Aloe Vera 98% Serum y Gel de Afeitar 200ml - AV Plus Barber","robots":{"index":"index","follow":"follow","max-snippet":"max-snippet:-1","max-image-preview":"max-image-preview:large","max-video-preview":"max-video-preview:-1"},"canonical":"https:\/\/avplusbarber.com\/es\/shop\/aloe-vera-98-serum-y-gel-de-afeitar-200ml-2\/","og_locale":"es_ES","og_type":"article","og_title":"Aloe Vera 98% Serum y Gel de Afeitar 200ml - AV Plus Barber","og_description":"Hidrata, tonifica y nutre tu barba y piel con el serum de 98% aloe vera org\u00e1nico de las Islas Canarias.  Aplicar antes de la hidrataci\u00f3n para crear una base llena de antioxidantes rica en nutrientes para protegerlo todo el d\u00eda de contaminantes e irritantes. Alivia y calma la piel irritada y es perfecta para usar como loci\u00f3n calmante en quemaduras solares.  Apl\u00edcalo en la piel como gel de afeitar y hidratar\u00e1 y nutrir\u00e1 a medida que te afeites, y el suero tambi\u00e9n te proteger\u00e1 contra la picadura y la picaz\u00f3n causada por la maquinilla de afeitar.  No graso, se absorbe f\u00e1cilmente y es rico en vitaminas A, B1, B2, B6, B12, C, E, as\u00ed como hierro, calcio, potasio, cobre, magnesio, oligoelementos y amino\u00e1cidos.  Las propiedades antis\u00e9pticas, antif\u00fangicas y antimicrobianas del aloe vera calman la piel con acn\u00e9, enrojecimiento e irritaci\u00f3n. Tambi\u00e9n tiene propiedades antiinflamatorias y regeneradoras celulares que ayudan a revitalizar la piel seca y escamosa.  El suero tiene una fragancia ligera, sutil y neutra.  Adecuado y beneficioso para todo tipo de piel. Este producto es hipoalerg\u00e9nico y no comedog\u00e9nico.  Todos los productos AV Plus Barber est\u00e1n elaborados con aloe vera org\u00e1nico certificado de las Islas Canarias, est\u00e1n libres de crueldad y probados dermatol\u00f3gicamente. Est\u00e1n libres de parabenos y toxinas.","og_url":"https:\/\/avplusbarber.com\/es\/shop\/aloe-vera-98-serum-y-gel-de-afeitar-200ml-2\/","og_site_name":"AV Plus Barber","article_publisher":"https:\/\/www.facebook.com\/Avplusbarber\/","article_modified_time":"2021-12-02T00:00:12+00:00","og_image":[{"width":778,"height":926,"url":"https:\/\/avplusbarber.com\/wp-content\/uploads\/2020\/05\/Serum.png","type":"image\/png"}],"twitter_card":"summary_large_image","twitter_site":"@avplus_barber","schema":{"@context":"https:\/\/schema.org","@graph":[{"@type":"WebPage","@id":"https:\/\/avplusbarber.com\/es\/shop\/aloe-vera-98-serum-y-gel-de-afeitar-200ml-2\/","url":"https:\/\/avplusbarber.com\/es\/shop\/aloe-vera-98-serum-y-gel-de-afeitar-200ml-2\/","name":"Aloe Vera 98% Serum y Gel de Afeitar 200ml - AV Plus Barber","isPartOf":{"@id":"https:\/\/avplusbarber.com\/es\/#website"},"primaryImageOfPage":{"@id":"https:\/\/avplusbarber.com\/es\/shop\/aloe-vera-98-serum-y-gel-de-afeitar-200ml-2\/#primaryimage"},"image":{"@id":"https:\/\/avplusbarber.com\/es\/shop\/aloe-vera-98-serum-y-gel-de-afeitar-200ml-2\/#primaryimage"},"thumbnailUrl":"https:\/\/avplusbarber.com\/wp-content\/uploads\/2020\/05\/Serum.png","datePublished":"2020-12-18T11:19:51+00:00","dateModified":"2021-12-02T00:00:12+00:00","breadcrumb":{"@id":"https:\/\/avplusbarber.com\/es\/shop\/aloe-vera-98-serum-y-gel-de-afeitar-200ml-2\/#breadcrumb"},"inLanguage":"es","potentialAction":[{"@type":"ReadAction","target":["https:\/\/avplusbarber.com\/es\/shop\/aloe-vera-98-serum-y-gel-de-afeitar-200ml-2\/"]}]},{"@type":"ImageObject","inLanguage":"es","@id":"https:\/\/avplusbarber.com\/es\/shop\/aloe-vera-98-serum-y-gel-de-afeitar-200ml-2\/#primaryimage","url":"https:\/\/avplusbarber.com\/wp-content\/uploads\/2020\/05\/Serum.png","contentUrl":"https:\/\/avplusbarber.com\/wp-content\/uploads\/2020\/05\/Serum.png","width":778,"height":926,"caption":"Botella de Serum"},{"@type":"BreadcrumbList","@id":"https:\/\/avplusbarber.com\/es\/shop\/aloe-vera-98-serum-y-gel-de-afeitar-200ml-2\/#breadcrumb","itemListElement":[{"@type":"ListItem","position":1,"name":"Inicio","item":"https:\/\/avplusbarber.com\/es\/"},{"@type":"ListItem","position":2,"name":"Shop","item":"https:\/\/avplusbarber.com\/shop-beard-care-products\/"},{"@type":"ListItem","position":3,"name":"Aloe Vera 98% Serum y Gel de Afeitar 200ml"}]},{"@type":"WebSite","@id":"https:\/\/avplusbarber.com\/es\/#website","url":"https:\/\/avplusbarber.com\/es\/","name":"AV Plus Barber","description":"","publisher":{"@id":"https:\/\/avplusbarber.com\/es\/#organization"},"potentialAction":[{"@type":"SearchAction","target":{"@type":"EntryPoint","urlTemplate":"https:\/\/avplusbarber.com\/es\/?s={search_term_string}"},"query-input":{"@type":"PropertyValueSpecification","valueRequired":true,"valueName":"search_term_string"}}],"inLanguage":"es"},{"@type":"Organization","@id":"https:\/\/avplusbarber.com\/es\/#organization","name":"AV Plus Barber","url":"https:\/\/avplusbarber.com\/es\/","logo":{"@type":"ImageObject","inLanguage":"es","@id":"https:\/\/avplusbarber.com\/es\/#\/schema\/logo\/image\/","url":"https:\/\/avplusbarber.com\/wp-content\/uploads\/2020\/03\/avplus-black-logo-150.png","contentUrl":"https:\/\/avplusbarber.com\/wp-content\/uploads\/2020\/03\/avplus-black-logo-150.png","width":150,"height":128,"caption":"AV Plus Barber"},"image":{"@id":"https:\/\/avplusbarber.com\/es\/#\/schema\/logo\/image\/"},"sameAs":["https:\/\/www.facebook.com\/Avplusbarber\/","https:\/\/x.com\/avplus_barber","https:\/\/www.instagram.com\/avplus_barber\/","https:\/\/www.youtube.com\/channel\/UCP9tsNWesy8IPz-xc96mMNQ"]}]}},"jetpack_sharing_enabled":true,"_links":{"self":[{"href":"https:\/\/avplusbarber.com\/es\/wp-json\/wp\/v2\/product\/4678","targetHints":{"allow":["GET"]}}],"collection":[{"href":"https:\/\/avplusbarber.com\/es\/wp-json\/wp\/v2\/product"}],"about":[{"href":"https:\/\/avplusbarber.com\/es\/wp-json\/wp\/v2\/types\/product"}],"replies":[{"embeddable":true,"href":"https:\/\/avplusbarber.com\/es\/wp-json\/wp\/v2\/comments?post=4678"}],"wp:featuredmedia":[{"embeddable":true,"href":"https:\/\/avplusbarber.com\/es\/wp-json\/wp\/v2\/media\/2974"}],"wp:attachment":[{"href":"https:\/\/avplusbarber.com\/es\/wp-json\/wp\/v2\/media?parent=4678"}],"wp:term":[{"taxonomy":"product_cat","embeddable":true,"href":"https:\/\/avplusbarber.com\/es\/wp-json\/wp\/v2\/product_cat?post=4678"},{"taxonomy":"product_tag","embeddable":true,"href":"https:\/\/avplusbarber.com\/es\/wp-json\/wp\/v2\/product_tag?post=4678"}],"curies":[{"name":"wp","href":"https:\/\/api.w.org\/{rel}","templated":true}]}}