{"id":5093,"date":"2021-05-07T16:16:26","date_gmt":"2021-05-07T16:16:34","guid":{"rendered":"https:\/\/avplusbarber.com\/?post_type=product&#038;p=5093"},"modified":"2021-12-02T00:00:11","modified_gmt":"2021-12-02T00:00:11","slug":"clipper-crs-201-black-metal","status":"publish","type":"product","link":"https:\/\/avplusbarber.com\/es\/shop\/clipper-crs-201-black-metal\/","title":{"rendered":"Clipper CRS-201 Edici\u00f3n de metal negro"},"content":{"rendered":"","protected":false},"excerpt":{"rendered":"<p style=\"font-weight: 400;\">Esta clipper CRS-201 cuenta con la \u00faltima tecnolog\u00eda en bater\u00edas de litio de larga duraci\u00f3n sin efecto memoria.<\/p>\n<p style=\"font-weight: 400;\">Se puede usar a bater\u00eda o con cable, ya que ofrece la misma potencia m\u00e1xima en todos los tipos de corte. Es una herramienta ligera y cuenta con 3 indicadores de velocidad y 5 de niveles de carga.<\/p>\n<p style=\"font-weight: 400;\">Est\u00e1 dise\u00f1ada para adaptarse a las manos de profesionales sin crear cansancio en los brazos. Es perfecta para todo tipo de cabellos, ya que ofrece 3 micro ajustes de longitud desde 1,00 a 1,9 mm y 4 gu\u00edas de corte de 3, 6, 9 y 12 mm<\/p>\n<p style=\"font-weight: 400;\"><b>CARACTER\u00cdSTICAS:<\/b><\/p>\n<ul>\n<li style=\"font-weight: 400;\"><b>Motor de altas prestaciones DC. <\/b><\/li>\n<li style=\"font-weight: 400;\"><b>Bater\u00eda de \u00faltima generaci\u00f3n<\/b>de iones de litio sin efecto memoria.<\/li>\n<li style=\"font-weight: 400;\"><b>Cuchilla profesional de cer\u00e1mica <\/b>recubierta de titanio de larga vida \u00fatil.<\/li>\n<li style=\"font-weight: 400;\"><b>Tiempo de carga:<\/b>3 horas.<\/li>\n<li style=\"font-weight: 400;\"><b>Tiempo de uso:<\/b>4,5 horas.<\/li>\n<li style=\"font-weight: 400;\"><b>3 velocidades de control:<\/b>5000 RPM, 6000 RPM, 7000 RPM.<\/li>\n<li style=\"font-weight: 400;\"><b>5 indicadores de carga de bater\u00eda. <\/b>Protecci\u00f3n de sobrecarga.<\/li>\n<li style=\"font-weight: 400;\"><b>Modo de apagado autom\u00e1tico<\/b>. Por seguridad, el sistema de la m\u00e1quina se apagan tras 2 horas de inactividad.<\/li>\n<li style=\"font-weight: 400;\"><b>Alto corte <\/b>de 1,0 a 1,9 mm.<\/li>\n<li style=\"font-weight: 400;\"><b>Cable profesional <\/b>2,5 metros.<\/li>\n<li style=\"font-weight: 400;\"><b>Set de 2 peines <\/b>de 3mm, 6mm, 9mm y 12mm.<\/li>\n<li style=\"font-weight: 400;\"><b>Voltaje dual.<\/b><\/li>\n<\/ul>\n<p style=\"font-weight: 400;\"><b>ACCESORIOS:<\/b><\/p>\n<ul>\n<li style=\"font-weight: 400;\">Peines<\/li>\n<li style=\"font-weight: 400;\">Brocha de limpieza.<\/li>\n<li style=\"font-weight: 400;\">Aceite lubricante.<\/li>\n<li style=\"font-weight: 400;\">Soporte para carga.<\/li>\n<\/ul>\n","protected":false},"featured_media":5095,"comment_status":"open","ping_status":"closed","template":"","meta":{"_acf_changed":false,"cybocfi_hide_featured_image":""},"product_cat":[161,163],"product_tag":[160,219,220,221],"class_list":{"0":"post-5093","1":"product","2":"type-product","3":"status-publish","4":"has-post-thumbnail","6":"product_cat-barba","7":"product_cat-profesional","8":"product_tag-aloe-vera-es","9":"product_tag-clipper-es","10":"product_tag-coriollis-es","11":"product_tag-shave-machine-es","13":"first","14":"instock","15":"featured","16":"taxable","17":"shipping-taxable","18":"purchasable","19":"product-type-simple","swatches":"rey-swatches","show_selected":""},"acf":[],"yoast_head":"<!-- This site is optimized with the Yoast SEO plugin v27.3 - https:\/\/yoast.com\/product\/yoast-seo-wordpress\/ -->\n<title>Clipper CRS-201 Edici\u00f3n de metal negro - AV Plus Barber<\/title>\n<meta name=\"robots\" content=\"index, follow, max-snippet:-1, max-image-preview:large, max-video-preview:-1\" \/>\n<link rel=\"canonical\" href=\"https:\/\/avplusbarber.com\/es\/shop\/clipper-crs-201-black-metal\/\" \/>\n<meta property=\"og:locale\" content=\"es_ES\" \/>\n<meta property=\"og:type\" content=\"article\" \/>\n<meta property=\"og:title\" content=\"Clipper CRS-201 Edici\u00f3n de metal negro - AV Plus Barber\" \/>\n<meta property=\"og:description\" content=\"Esta clipper CRS-201 cuenta con la \u00faltima tecnolog\u00eda en bater\u00edas de litio de larga duraci\u00f3n sin efecto memoria. Se puede usar a bater\u00eda o con cable, ya que ofrece la misma potencia m\u00e1xima en todos los tipos de corte. Es una herramienta ligera y cuenta con 3 indicadores de velocidad y 5 de niveles de carga. Est\u00e1 dise\u00f1ada para adaptarse a las manos de profesionales sin crear cansancio en los brazos. Es perfecta para todo tipo de cabellos, ya que ofrece 3 micro ajustes de longitud desde 1,00 a 1,9 mm y 4 gu\u00edas de corte de 3, 6, 9 y 12 mm CARACTER\u00cdSTICAS:    Motor de altas prestaciones DC.   Bater\u00eda de \u00faltima generaci\u00f3nde iones de litio sin efecto memoria.  Cuchilla profesional de cer\u00e1mica recubierta de titanio de larga vida \u00fatil.  Tiempo de carga:3 horas.  Tiempo de uso:4,5 horas.  3 velocidades de control:5000 RPM, 6000 RPM, 7000 RPM.  5 indicadores de carga de bater\u00eda. Protecci\u00f3n de sobrecarga.  Modo de apagado autom\u00e1tico. Por seguridad, el sistema de la m\u00e1quina se apagan tras 2 horas de inactividad.  Alto corte de 1,0 a 1,9 mm.  Cable profesional 2,5 metros.  Set de 2 peines de 3mm, 6mm, 9mm y 12mm.  Voltaje dual.  ACCESORIOS:    Peines  Brocha de limpieza.  Aceite lubricante.  Soporte para carga.\" \/>\n<meta property=\"og:url\" content=\"https:\/\/avplusbarber.com\/es\/shop\/clipper-crs-201-black-metal\/\" \/>\n<meta property=\"og:site_name\" content=\"AV Plus Barber\" \/>\n<meta property=\"article:publisher\" content=\"https:\/\/www.facebook.com\/Avplusbarber\/\" \/>\n<meta property=\"article:modified_time\" content=\"2021-12-02T00:00:11+00:00\" \/>\n<meta property=\"og:image\" content=\"https:\/\/avplusbarber.com\/wp-content\/uploads\/2021\/05\/Captura-de-pantalla-2021-05-07-a-las-18.13.46.png\" \/>\n\t<meta property=\"og:image:width\" content=\"797\" \/>\n\t<meta property=\"og:image:height\" content=\"491\" \/>\n\t<meta property=\"og:image:type\" content=\"image\/png\" \/>\n<meta name=\"twitter:card\" content=\"summary_large_image\" \/>\n<meta name=\"twitter:site\" content=\"@avplus_barber\" \/>\n<script type=\"application\/ld+json\" class=\"yoast-schema-graph\">{\"@context\":\"https:\\\/\\\/schema.org\",\"@graph\":[{\"@type\":\"WebPage\",\"@id\":\"https:\\\/\\\/avplusbarber.com\\\/es\\\/shop\\\/clipper-crs-201-black-metal\\\/\",\"url\":\"https:\\\/\\\/avplusbarber.com\\\/es\\\/shop\\\/clipper-crs-201-black-metal\\\/\",\"name\":\"Clipper CRS-201 Edici\u00f3n de metal negro - AV Plus Barber\",\"isPartOf\":{\"@id\":\"https:\\\/\\\/avplusbarber.com\\\/es\\\/#website\"},\"primaryImageOfPage\":{\"@id\":\"https:\\\/\\\/avplusbarber.com\\\/es\\\/shop\\\/clipper-crs-201-black-metal\\\/#primaryimage\"},\"image\":{\"@id\":\"https:\\\/\\\/avplusbarber.com\\\/es\\\/shop\\\/clipper-crs-201-black-metal\\\/#primaryimage\"},\"thumbnailUrl\":\"https:\\\/\\\/avplusbarber.com\\\/wp-content\\\/uploads\\\/2021\\\/05\\\/Captura-de-pantalla-2021-05-07-a-las-18.13.46.png\",\"datePublished\":\"2021-05-07T16:16:34+00:00\",\"dateModified\":\"2021-12-02T00:00:11+00:00\",\"breadcrumb\":{\"@id\":\"https:\\\/\\\/avplusbarber.com\\\/es\\\/shop\\\/clipper-crs-201-black-metal\\\/#breadcrumb\"},\"inLanguage\":\"es\",\"potentialAction\":[{\"@type\":\"ReadAction\",\"target\":[\"https:\\\/\\\/avplusbarber.com\\\/es\\\/shop\\\/clipper-crs-201-black-metal\\\/\"]}]},{\"@type\":\"ImageObject\",\"inLanguage\":\"es\",\"@id\":\"https:\\\/\\\/avplusbarber.com\\\/es\\\/shop\\\/clipper-crs-201-black-metal\\\/#primaryimage\",\"url\":\"https:\\\/\\\/avplusbarber.com\\\/wp-content\\\/uploads\\\/2021\\\/05\\\/Captura-de-pantalla-2021-05-07-a-las-18.13.46.png\",\"contentUrl\":\"https:\\\/\\\/avplusbarber.com\\\/wp-content\\\/uploads\\\/2021\\\/05\\\/Captura-de-pantalla-2021-05-07-a-las-18.13.46.png\",\"width\":797,\"height\":491,\"caption\":\"Esta m\u00e1quina incre\u00edblemente avanzada est\u00e1 dise\u00f1ada para su uso en peluquer\u00eda profesional, barber\u00eda y salones de belleza. Constituye una manera f\u00e1cil de cortar, definir y dar forma al cabello.\"},{\"@type\":\"BreadcrumbList\",\"@id\":\"https:\\\/\\\/avplusbarber.com\\\/es\\\/shop\\\/clipper-crs-201-black-metal\\\/#breadcrumb\",\"itemListElement\":[{\"@type\":\"ListItem\",\"position\":1,\"name\":\"Inicio\",\"item\":\"https:\\\/\\\/avplusbarber.com\\\/es\\\/\"},{\"@type\":\"ListItem\",\"position\":2,\"name\":\"Shop\",\"item\":\"https:\\\/\\\/avplusbarber.com\\\/shop-beard-care-products\\\/\"},{\"@type\":\"ListItem\",\"position\":3,\"name\":\"Clipper CRS-201 Edici\u00f3n de metal negro\"}]},{\"@type\":\"WebSite\",\"@id\":\"https:\\\/\\\/avplusbarber.com\\\/es\\\/#website\",\"url\":\"https:\\\/\\\/avplusbarber.com\\\/es\\\/\",\"name\":\"AV Plus Barber\",\"description\":\"\",\"publisher\":{\"@id\":\"https:\\\/\\\/avplusbarber.com\\\/es\\\/#organization\"},\"potentialAction\":[{\"@type\":\"SearchAction\",\"target\":{\"@type\":\"EntryPoint\",\"urlTemplate\":\"https:\\\/\\\/avplusbarber.com\\\/es\\\/?s={search_term_string}\"},\"query-input\":{\"@type\":\"PropertyValueSpecification\",\"valueRequired\":true,\"valueName\":\"search_term_string\"}}],\"inLanguage\":\"es\"},{\"@type\":\"Organization\",\"@id\":\"https:\\\/\\\/avplusbarber.com\\\/es\\\/#organization\",\"name\":\"AV Plus Barber\",\"url\":\"https:\\\/\\\/avplusbarber.com\\\/es\\\/\",\"logo\":{\"@type\":\"ImageObject\",\"inLanguage\":\"es\",\"@id\":\"https:\\\/\\\/avplusbarber.com\\\/es\\\/#\\\/schema\\\/logo\\\/image\\\/\",\"url\":\"https:\\\/\\\/avplusbarber.com\\\/wp-content\\\/uploads\\\/2020\\\/03\\\/avplus-black-logo-150.png\",\"contentUrl\":\"https:\\\/\\\/avplusbarber.com\\\/wp-content\\\/uploads\\\/2020\\\/03\\\/avplus-black-logo-150.png\",\"width\":150,\"height\":128,\"caption\":\"AV Plus Barber\"},\"image\":{\"@id\":\"https:\\\/\\\/avplusbarber.com\\\/es\\\/#\\\/schema\\\/logo\\\/image\\\/\"},\"sameAs\":[\"https:\\\/\\\/www.facebook.com\\\/Avplusbarber\\\/\",\"https:\\\/\\\/x.com\\\/avplus_barber\",\"https:\\\/\\\/www.instagram.com\\\/avplus_barber\\\/\",\"https:\\\/\\\/www.youtube.com\\\/channel\\\/UCP9tsNWesy8IPz-xc96mMNQ\"]}]}<\/script>\n<!-- \/ Yoast SEO plugin. -->","yoast_head_json":{"title":"Clipper CRS-201 Edici\u00f3n de metal negro - AV Plus Barber","robots":{"index":"index","follow":"follow","max-snippet":"max-snippet:-1","max-image-preview":"max-image-preview:large","max-video-preview":"max-video-preview:-1"},"canonical":"https:\/\/avplusbarber.com\/es\/shop\/clipper-crs-201-black-metal\/","og_locale":"es_ES","og_type":"article","og_title":"Clipper CRS-201 Edici\u00f3n de metal negro - AV Plus Barber","og_description":"Esta clipper CRS-201 cuenta con la \u00faltima tecnolog\u00eda en bater\u00edas de litio de larga duraci\u00f3n sin efecto memoria. Se puede usar a bater\u00eda o con cable, ya que ofrece la misma potencia m\u00e1xima en todos los tipos de corte. Es una herramienta ligera y cuenta con 3 indicadores de velocidad y 5 de niveles de carga. Est\u00e1 dise\u00f1ada para adaptarse a las manos de profesionales sin crear cansancio en los brazos. Es perfecta para todo tipo de cabellos, ya que ofrece 3 micro ajustes de longitud desde 1,00 a 1,9 mm y 4 gu\u00edas de corte de 3, 6, 9 y 12 mm CARACTER\u00cdSTICAS:    Motor de altas prestaciones DC.   Bater\u00eda de \u00faltima generaci\u00f3nde iones de litio sin efecto memoria.  Cuchilla profesional de cer\u00e1mica recubierta de titanio de larga vida \u00fatil.  Tiempo de carga:3 horas.  Tiempo de uso:4,5 horas.  3 velocidades de control:5000 RPM, 6000 RPM, 7000 RPM.  5 indicadores de carga de bater\u00eda. Protecci\u00f3n de sobrecarga.  Modo de apagado autom\u00e1tico. Por seguridad, el sistema de la m\u00e1quina se apagan tras 2 horas de inactividad.  Alto corte de 1,0 a 1,9 mm.  Cable profesional 2,5 metros.  Set de 2 peines de 3mm, 6mm, 9mm y 12mm.  Voltaje dual.  ACCESORIOS:    Peines  Brocha de limpieza.  Aceite lubricante.  Soporte para carga.","og_url":"https:\/\/avplusbarber.com\/es\/shop\/clipper-crs-201-black-metal\/","og_site_name":"AV Plus Barber","article_publisher":"https:\/\/www.facebook.com\/Avplusbarber\/","article_modified_time":"2021-12-02T00:00:11+00:00","og_image":[{"width":797,"height":491,"url":"https:\/\/avplusbarber.com\/wp-content\/uploads\/2021\/05\/Captura-de-pantalla-2021-05-07-a-las-18.13.46.png","type":"image\/png"}],"twitter_card":"summary_large_image","twitter_site":"@avplus_barber","schema":{"@context":"https:\/\/schema.org","@graph":[{"@type":"WebPage","@id":"https:\/\/avplusbarber.com\/es\/shop\/clipper-crs-201-black-metal\/","url":"https:\/\/avplusbarber.com\/es\/shop\/clipper-crs-201-black-metal\/","name":"Clipper CRS-201 Edici\u00f3n de metal negro - AV Plus Barber","isPartOf":{"@id":"https:\/\/avplusbarber.com\/es\/#website"},"primaryImageOfPage":{"@id":"https:\/\/avplusbarber.com\/es\/shop\/clipper-crs-201-black-metal\/#primaryimage"},"image":{"@id":"https:\/\/avplusbarber.com\/es\/shop\/clipper-crs-201-black-metal\/#primaryimage"},"thumbnailUrl":"https:\/\/avplusbarber.com\/wp-content\/uploads\/2021\/05\/Captura-de-pantalla-2021-05-07-a-las-18.13.46.png","datePublished":"2021-05-07T16:16:34+00:00","dateModified":"2021-12-02T00:00:11+00:00","breadcrumb":{"@id":"https:\/\/avplusbarber.com\/es\/shop\/clipper-crs-201-black-metal\/#breadcrumb"},"inLanguage":"es","potentialAction":[{"@type":"ReadAction","target":["https:\/\/avplusbarber.com\/es\/shop\/clipper-crs-201-black-metal\/"]}]},{"@type":"ImageObject","inLanguage":"es","@id":"https:\/\/avplusbarber.com\/es\/shop\/clipper-crs-201-black-metal\/#primaryimage","url":"https:\/\/avplusbarber.com\/wp-content\/uploads\/2021\/05\/Captura-de-pantalla-2021-05-07-a-las-18.13.46.png","contentUrl":"https:\/\/avplusbarber.com\/wp-content\/uploads\/2021\/05\/Captura-de-pantalla-2021-05-07-a-las-18.13.46.png","width":797,"height":491,"caption":"Esta m\u00e1quina incre\u00edblemente avanzada est\u00e1 dise\u00f1ada para su uso en peluquer\u00eda profesional, barber\u00eda y salones de belleza. Constituye una manera f\u00e1cil de cortar, definir y dar forma al cabello."},{"@type":"BreadcrumbList","@id":"https:\/\/avplusbarber.com\/es\/shop\/clipper-crs-201-black-metal\/#breadcrumb","itemListElement":[{"@type":"ListItem","position":1,"name":"Inicio","item":"https:\/\/avplusbarber.com\/es\/"},{"@type":"ListItem","position":2,"name":"Shop","item":"https:\/\/avplusbarber.com\/shop-beard-care-products\/"},{"@type":"ListItem","position":3,"name":"Clipper CRS-201 Edici\u00f3n de metal negro"}]},{"@type":"WebSite","@id":"https:\/\/avplusbarber.com\/es\/#website","url":"https:\/\/avplusbarber.com\/es\/","name":"AV Plus Barber","description":"","publisher":{"@id":"https:\/\/avplusbarber.com\/es\/#organization"},"potentialAction":[{"@type":"SearchAction","target":{"@type":"EntryPoint","urlTemplate":"https:\/\/avplusbarber.com\/es\/?s={search_term_string}"},"query-input":{"@type":"PropertyValueSpecification","valueRequired":true,"valueName":"search_term_string"}}],"inLanguage":"es"},{"@type":"Organization","@id":"https:\/\/avplusbarber.com\/es\/#organization","name":"AV Plus Barber","url":"https:\/\/avplusbarber.com\/es\/","logo":{"@type":"ImageObject","inLanguage":"es","@id":"https:\/\/avplusbarber.com\/es\/#\/schema\/logo\/image\/","url":"https:\/\/avplusbarber.com\/wp-content\/uploads\/2020\/03\/avplus-black-logo-150.png","contentUrl":"https:\/\/avplusbarber.com\/wp-content\/uploads\/2020\/03\/avplus-black-logo-150.png","width":150,"height":128,"caption":"AV Plus Barber"},"image":{"@id":"https:\/\/avplusbarber.com\/es\/#\/schema\/logo\/image\/"},"sameAs":["https:\/\/www.facebook.com\/Avplusbarber\/","https:\/\/x.com\/avplus_barber","https:\/\/www.instagram.com\/avplus_barber\/","https:\/\/www.youtube.com\/channel\/UCP9tsNWesy8IPz-xc96mMNQ"]}]}},"jetpack_sharing_enabled":true,"_links":{"self":[{"href":"https:\/\/avplusbarber.com\/es\/wp-json\/wp\/v2\/product\/5093","targetHints":{"allow":["GET"]}}],"collection":[{"href":"https:\/\/avplusbarber.com\/es\/wp-json\/wp\/v2\/product"}],"about":[{"href":"https:\/\/avplusbarber.com\/es\/wp-json\/wp\/v2\/types\/product"}],"replies":[{"embeddable":true,"href":"https:\/\/avplusbarber.com\/es\/wp-json\/wp\/v2\/comments?post=5093"}],"wp:featuredmedia":[{"embeddable":true,"href":"https:\/\/avplusbarber.com\/es\/wp-json\/wp\/v2\/media\/5095"}],"wp:attachment":[{"href":"https:\/\/avplusbarber.com\/es\/wp-json\/wp\/v2\/media?parent=5093"}],"wp:term":[{"taxonomy":"product_cat","embeddable":true,"href":"https:\/\/avplusbarber.com\/es\/wp-json\/wp\/v2\/product_cat?post=5093"},{"taxonomy":"product_tag","embeddable":true,"href":"https:\/\/avplusbarber.com\/es\/wp-json\/wp\/v2\/product_tag?post=5093"}],"curies":[{"name":"wp","href":"https:\/\/api.w.org\/{rel}","templated":true}]}}